{"id":2003,"date":"2025-12-26T10:04:32","date_gmt":"2025-12-26T10:04:32","guid":{"rendered":"https:\/\/immediateconnect.markets\/?page_id=2003"},"modified":"2025-12-26T10:21:31","modified_gmt":"2025-12-26T10:21:31","slug":"isencao-de-responsabilidade","status":"publish","type":"page","link":"https:\/\/immediateconnect.markets\/pt\/disclaimer\/","title":{"rendered":"Isen\u00e7\u00e3o de responsabilidade"},"content":{"rendered":"<div data-elementor-type=\"wp-page\" data-elementor-id=\"2003\" class=\"elementor elementor-2003\" data-elementor-post-type=\"page\">\n\t\t\t\t\t\t<section class=\"elementor-section elementor-top-section elementor-element elementor-element-a0d6e18 elementor-section-boxed elementor-section-height-default elementor-section-height-default\" data-id=\"a0d6e18\" data-element_type=\"section\" data-e-type=\"section\" data-settings=\"{&quot;background_background&quot;:&quot;classic&quot;}\">\n\t\t\t\t\t\t<div class=\"elementor-container elementor-column-gap-default\">\n\t\t\t\t\t<div class=\"elementor-column elementor-col-100 elementor-top-column elementor-element elementor-element-eea336f\" data-id=\"eea336f\" data-element_type=\"column\" data-e-type=\"column\">\n\t\t\t<div class=\"elementor-widget-wrap elementor-element-populated\">\n\t\t\t\t\t\t<div class=\"elementor-element elementor-element-640e365 elementor-widget elementor-widget-heading\" data-id=\"640e365\" data-element_type=\"widget\" data-e-type=\"widget\" data-widget_type=\"heading.default\">\n\t\t\t\t<div class=\"elementor-widget-container\">\n\t\t\t\t\t<h1 class=\"elementor-heading-title elementor-size-default\">Isen\u00e7\u00e3o de responsabilidade<\/h1>\t\t\t\t<\/div>\n\t\t\t\t<\/div>\n\t\t\t\t<div class=\"elementor-element elementor-element-f36926f elementor-widget elementor-widget-text-editor\" data-id=\"f36926f\" data-element_type=\"widget\" data-e-type=\"widget\" data-widget_type=\"text-editor.default\">\n\t\t\t\t<div class=\"elementor-widget-container\">\n\t\t\t\t\t\t\t\t\t<p class=\"translation-block\">As informa\u00e7\u00f5es fornecidas pela <strong>Immediate Connect<\/strong>, suas afiliadas, colaboradores, autores ou parceiros (coletivamente, \u201cn\u00f3s\u201d, \u201cnos\u201d ou \u201cnossos\u201d) neste site s\u00e3o apenas para fins informativos e educacionais gerais.<\/p>\t\t\t\t\t\t\t\t<\/div>\n\t\t\t\t<\/div>\n\t\t\t\t<div class=\"elementor-element elementor-element-f60410c elementor-widget elementor-widget-heading\" data-id=\"f60410c\" data-element_type=\"widget\" data-e-type=\"widget\" data-widget_type=\"heading.default\">\n\t\t\t\t<div class=\"elementor-widget-container\">\n\t\t\t\t\t<h2 class=\"elementor-heading-title elementor-size-default\">Sem aconselhamento financeiro.<\/h2>\t\t\t\t<\/div>\n\t\t\t\t<\/div>\n\t\t\t\t<div class=\"elementor-element elementor-element-621370c elementor-widget elementor-widget-text-editor\" data-id=\"621370c\" data-element_type=\"widget\" data-e-type=\"widget\" data-widget_type=\"text-editor.default\">\n\t\t\t\t<div class=\"elementor-widget-container\">\n\t\t\t\t\t\t\t\t\t<p>O conte\u00fado deste site \u2014 incluindo, entre outros, artigos, v\u00eddeos, an\u00e1lises, dados de mercado, gr\u00e1ficos, sinais, ferramentas e material educativo \u2014 n\u00e3o constitui aconselhamento financeiro, de investimento, jur\u00eddico, tribut\u00e1rio ou de qualquer outra natureza profissional. Nada neste site constitui uma recomenda\u00e7\u00e3o, solicita\u00e7\u00e3o, oferta ou endosso para comprar, vender, manter ou negociar qualquer instrumento financeiro, t\u00edtulo, commodity, moeda, ativo digital ou produto de investimento.<\/p>\t\t\t\t\t\t\t\t<\/div>\n\t\t\t\t<\/div>\n\t\t\t\t<div class=\"elementor-element elementor-element-6ce0e62 elementor-widget elementor-widget-heading\" data-id=\"6ce0e62\" data-element_type=\"widget\" data-e-type=\"widget\" data-widget_type=\"heading.default\">\n\t\t\t\t<div class=\"elementor-widget-container\">\n\t\t\t\t\t<h2 class=\"elementor-heading-title elementor-size-default\">Reconhecimento de Risco<\/h2>\t\t\t\t<\/div>\n\t\t\t\t<\/div>\n\t\t\t\t<div class=\"elementor-element elementor-element-ca6f57a elementor-widget elementor-widget-text-editor\" data-id=\"ca6f57a\" data-element_type=\"widget\" data-e-type=\"widget\" data-widget_type=\"text-editor.default\">\n\t\t\t\t<div class=\"elementor-widget-container\">\n\t\t\t\t\t\t\t\t\t<p>A negocia\u00e7\u00e3o nos mercados financeiros \u2014 incluindo c\u00e2mbio (FX), contratos por diferen\u00e7a (CFDs), criptomoedas, a\u00e7\u00f5es, \u00edndices e outros derivativos \u2014 envolve riscos significativos e n\u00e3o \u00e9 adequada para todos os investidores. O desempenho passado n\u00e3o \u00e9 indicativo de resultados futuros. Voc\u00ea deve considerar cuidadosamente sua situa\u00e7\u00e3o financeira e toler\u00e2ncia ao risco antes de se envolver em qualquer atividade de negocia\u00e7\u00e3o ou investimento.<\/p>\t\t\t\t\t\t\t\t<\/div>\n\t\t\t\t<\/div>\n\t\t\t\t<div class=\"elementor-element elementor-element-2b5bc71 elementor-widget elementor-widget-heading\" data-id=\"2b5bc71\" data-element_type=\"widget\" data-e-type=\"widget\" data-widget_type=\"heading.default\">\n\t\t\t\t<div class=\"elementor-widget-container\">\n\t\t\t\t\t<h2 class=\"elementor-heading-title elementor-size-default\">Sem responsabilidade<\/h2>\t\t\t\t<\/div>\n\t\t\t\t<\/div>\n\t\t\t\t<div class=\"elementor-element elementor-element-5d14b77 elementor-widget elementor-widget-text-editor\" data-id=\"5d14b77\" data-element_type=\"widget\" data-e-type=\"widget\" data-widget_type=\"text-editor.default\">\n\t\t\t\t<div class=\"elementor-widget-container\">\n\t\t\t\t\t\t\t\t\t<p>N\u00e3o oferecemos garantias quanto \u00e0 precis\u00e3o, confiabilidade, atualidade, integridade ou adequa\u00e7\u00e3o das informa\u00e7\u00f5es contidas neste site. Ao usar este site, voc\u00ea concorda expressamente que:<\/p><ul><li><p class=\"translation-block\">A Immediate Connect, seus propriet\u00e1rios, funcion\u00e1rios, contratados, diretores e parceiros n\u00e3o s\u00e3o respons\u00e1veis \u200b\u200bpor quaisquer perdas, danos, custos ou despesas decorrentes direta ou indiretamente do uso deste site ou da confian\u00e7a em seu conte\u00fado;<\/p><\/li><li><p>Voc\u00ea assume total responsabilidade por suas decis\u00f5es, negocia\u00e7\u00f5es, estrat\u00e9gias e resultados.<\/p><\/li><\/ul>\t\t\t\t\t\t\t\t<\/div>\n\t\t\t\t<\/div>\n\t\t\t\t<div class=\"elementor-element elementor-element-936a3bc elementor-widget elementor-widget-heading\" data-id=\"936a3bc\" data-element_type=\"widget\" data-e-type=\"widget\" data-widget_type=\"heading.default\">\n\t\t\t\t<div class=\"elementor-widget-container\">\n\t\t\t\t\t<h2 class=\"elementor-heading-title elementor-size-default\">Verifica\u00e7\u00e3o independente<\/h2>\t\t\t\t<\/div>\n\t\t\t\t<\/div>\n\t\t\t\t<div class=\"elementor-element elementor-element-7494217 elementor-widget elementor-widget-text-editor\" data-id=\"7494217\" data-element_type=\"widget\" data-e-type=\"widget\" data-widget_type=\"text-editor.default\">\n\t\t\t\t<div class=\"elementor-widget-container\">\n\t\t\t\t\t\t\t\t\t<p>Voc\u00ea deve verificar todas as informa\u00e7\u00f5es de forma independente antes de agir com base nelas. Isso inclui consultar um profissional licenciado nas \u00e1reas financeira, tribut\u00e1ria ou jur\u00eddica, quando apropriado.<\/p>\t\t\t\t\t\t\t\t<\/div>\n\t\t\t\t<\/div>\n\t\t\t\t<div class=\"elementor-element elementor-element-c5b71e7 elementor-widget elementor-widget-heading\" data-id=\"c5b71e7\" data-element_type=\"widget\" data-e-type=\"widget\" data-widget_type=\"heading.default\">\n\t\t\t\t<div class=\"elementor-widget-container\">\n\t\t\t\t\t<h2 class=\"elementor-heading-title elementor-size-default\">Sem garantias<\/h2>\t\t\t\t<\/div>\n\t\t\t\t<\/div>\n\t\t\t\t<div class=\"elementor-element elementor-element-44c6f47 elementor-widget elementor-widget-text-editor\" data-id=\"44c6f47\" data-element_type=\"widget\" data-e-type=\"widget\" data-widget_type=\"text-editor.default\">\n\t\t\t\t<div class=\"elementor-widget-container\">\n\t\t\t\t\t\t\t\t\t<p>N\u00e3o garantimos lucros, exatid\u00e3o dos dados, integridade do conte\u00fado ou acesso ininterrupto ao site. Podem ocorrer problemas t\u00e9cnicos, erros, omiss\u00f5es e informa\u00e7\u00f5es desatualizadas.<\/p>\t\t\t\t\t\t\t\t<\/div>\n\t\t\t\t<\/div>\n\t\t\t\t<div class=\"elementor-element elementor-element-80c1720 elementor-widget elementor-widget-heading\" data-id=\"80c1720\" data-element_type=\"widget\" data-e-type=\"widget\" data-widget_type=\"heading.default\">\n\t\t\t\t<div class=\"elementor-widget-container\">\n\t\t\t\t\t<h2 class=\"elementor-heading-title elementor-size-default\">Links externos<\/h2>\t\t\t\t<\/div>\n\t\t\t\t<\/div>\n\t\t\t\t<div class=\"elementor-element elementor-element-7ec9aa7 elementor-widget elementor-widget-text-editor\" data-id=\"7ec9aa7\" data-element_type=\"widget\" data-e-type=\"widget\" data-widget_type=\"text-editor.default\">\n\t\t\t\t<div class=\"elementor-widget-container\">\n\t\t\t\t\t\t\t\t\t<p><strong>Immediate Connect<\/strong> Podemos incluir links para sites, ferramentas ou servi\u00e7os de terceiros (\"Sites Externos\"). Esses links s\u00e3o fornecidos apenas para sua conveni\u00eancia. N\u00e3o endossamos nem nos responsabilizamos pelo conte\u00fado, precis\u00e3o ou pr\u00e1ticas de quaisquer Sites Externos.<\/p>\t\t\t\t\t\t\t\t<\/div>\n\t\t\t\t<\/div>\n\t\t\t\t<div class=\"elementor-element elementor-element-4c31d0e elementor-widget elementor-widget-heading\" data-id=\"4c31d0e\" data-element_type=\"widget\" data-e-type=\"widget\" data-widget_type=\"heading.default\">\n\t\t\t\t<div class=\"elementor-widget-container\">\n\t\t\t\t\t<h2 class=\"elementor-heading-title elementor-size-default\">Sua responsabilidade<\/h2>\t\t\t\t<\/div>\n\t\t\t\t<\/div>\n\t\t\t\t<div class=\"elementor-element elementor-element-f24350e elementor-widget elementor-widget-text-editor\" data-id=\"f24350e\" data-element_type=\"widget\" data-e-type=\"widget\" data-widget_type=\"text-editor.default\">\n\t\t\t\t<div class=\"elementor-widget-container\">\n\t\t\t\t\t\t\t\t\t<p>Ao acessar ou usar este site, voc\u00ea concorda que todas as decis\u00f5es de investimento s\u00e3o tomadas por sua conta e risco. Voc\u00ea expressamente isenta a immediateconnect.markets de toda e qualquer responsabilidade por quaisquer perdas ou danos diretos ou indiretos que voc\u00ea possa sofrer.<\/p><p>Caso n\u00e3o concorde com qualquer parte desta declara\u00e7\u00e3o de exonera\u00e7\u00e3o de responsabilidade, dever\u00e1 interromper imediatamente a utiliza\u00e7\u00e3o deste website.<\/p>\t\t\t\t\t\t\t\t<\/div>\n\t\t\t\t<\/div>\n\t\t\t\t\t<\/div>\n\t\t<\/div>\n\t\t\t\t\t<\/div>\n\t\t<\/section>\n\t\t\t\t<\/div>","protected":false},"excerpt":{"rendered":"<p>Disclaimer The information provided by Immediate Connect, its affiliates, contributors, authors, or partners (collectively, \u201cwe\u201d, \u201cus\u201d, or \u201cour\u201d) on this website is for general informational and educational purposes only. No Financial Advice The content on this website \u2014 including but not limited to articles, videos, analysis, market data, charts, signals, tools, and educational material \u2014 [&hellip;]<\/p>\n","protected":false},"author":1,"featured_media":0,"parent":0,"menu_order":0,"comment_status":"closed","ping_status":"closed","template":"elementor_header_footer","meta":{"footnotes":""},"class_list":["post-2003","page","type-page","status-publish","hentry"],"_links":{"self":[{"href":"https:\/\/immediateconnect.markets\/pt\/wp-json\/wp\/v2\/pages\/2003","targetHints":{"allow":["GET"]}}],"collection":[{"href":"https:\/\/immediateconnect.markets\/pt\/wp-json\/wp\/v2\/pages"}],"about":[{"href":"https:\/\/immediateconnect.markets\/pt\/wp-json\/wp\/v2\/types\/page"}],"author":[{"embeddable":true,"href":"https:\/\/immediateconnect.markets\/pt\/wp-json\/wp\/v2\/users\/1"}],"replies":[{"embeddable":true,"href":"https:\/\/immediateconnect.markets\/pt\/wp-json\/wp\/v2\/comments?post=2003"}],"version-history":[{"count":7,"href":"https:\/\/immediateconnect.markets\/pt\/wp-json\/wp\/v2\/pages\/2003\/revisions"}],"predecessor-version":[{"id":2011,"href":"https:\/\/immediateconnect.markets\/pt\/wp-json\/wp\/v2\/pages\/2003\/revisions\/2011"}],"wp:attachment":[{"href":"https:\/\/immediateconnect.markets\/pt\/wp-json\/wp\/v2\/media?parent=2003"}],"curies":[{"name":"wp","href":"https:\/\/api.w.org\/{rel}","templated":true}]}}