{"id":1556,"date":"2025-05-06T12:04:54","date_gmt":"2025-05-06T12:04:54","guid":{"rendered":"https:\/\/immediateconnect.markets\/?page_id=1556"},"modified":"2025-11-05T13:19:49","modified_gmt":"2025-11-05T13:19:49","slug":"termos-e-condicoes","status":"publish","type":"page","link":"https:\/\/immediateconnect.markets\/pt\/terms-conditions\/","title":{"rendered":"Termos e Condi\u00e7\u00f5es"},"content":{"rendered":"<div data-elementor-type=\"wp-page\" data-elementor-id=\"1556\" class=\"elementor elementor-1556\" data-elementor-post-type=\"page\">\n\t\t\t\t<div class=\"elementor-element elementor-element-599b9db e-flex e-con-boxed e-con e-parent\" data-id=\"599b9db\" data-element_type=\"container\" data-e-type=\"container\">\n\t\t\t\t\t<div class=\"e-con-inner\">\n\t\t<div class=\"elementor-element elementor-element-e263f64 e-flex e-con-boxed e-con e-child\" data-id=\"e263f64\" data-element_type=\"container\" data-e-type=\"container\">\n\t\t\t\t\t<div class=\"e-con-inner\">\n\t\t\t\t<div class=\"elementor-element elementor-element-18fedf4 elementor-widget elementor-widget-heading\" data-id=\"18fedf4\" data-element_type=\"widget\" data-e-type=\"widget\" data-widget_type=\"heading.default\">\n\t\t\t\t<div class=\"elementor-widget-container\">\n\t\t\t\t\t<h1 class=\"elementor-heading-title elementor-size-default\">Termos e Condi\u00e7\u00f5es<\/h1>\t\t\t\t<\/div>\n\t\t\t\t<\/div>\n\t\t\t\t\t<\/div>\n\t\t\t\t<\/div>\n\t\t<div class=\"elementor-element elementor-element-9d5788c e-flex e-con-boxed e-con e-child\" data-id=\"9d5788c\" data-element_type=\"container\" data-e-type=\"container\">\n\t\t\t\t\t<div class=\"e-con-inner\">\n\t\t\t\t<div class=\"elementor-element elementor-element-03588f0 elementor-widget elementor-widget-text-editor\" data-id=\"03588f0\" data-element_type=\"widget\" data-e-type=\"widget\" data-widget_type=\"text-editor.default\">\n\t\t\t\t<div class=\"elementor-widget-container\">\n\t\t\t\t\t\t\t\t\t<p class=\"translation-block\">Bem-vindo(a) ao <strong>Immediate Connect<\/strong>, seu principal destino para sinais de negocia\u00e7\u00e3o automatizados por rob\u00f4s. Ao utilizar nossos servi\u00e7os, voc\u00ea concorda em estar vinculado(a) aos seguintes Termos e Condi\u00e7\u00f5es. Leia-os atentamente antes de prosseguir com quaisquer transa\u00e7\u00f5es ou assinaturas.<\/p>\t\t\t\t\t\t\t\t<\/div>\n\t\t\t\t<\/div>\n\t\t\t\t<div class=\"elementor-element elementor-element-d3deae9 elementor-widget elementor-widget-heading\" data-id=\"d3deae9\" data-element_type=\"widget\" data-e-type=\"widget\" data-widget_type=\"heading.default\">\n\t\t\t\t<div class=\"elementor-widget-container\">\n\t\t\t\t\t<h2 class=\"elementor-heading-title elementor-size-default\">ACEITA\u00c7\u00c3O DOS TERMOS E CONDI\u00c7\u00d5ES<\/h2>\t\t\t\t<\/div>\n\t\t\t\t<\/div>\n\t\t\t\t<div class=\"elementor-element elementor-element-ef00587 elementor-widget elementor-widget-text-editor\" data-id=\"ef00587\" data-element_type=\"widget\" data-e-type=\"widget\" data-widget_type=\"text-editor.default\">\n\t\t\t\t<div class=\"elementor-widget-container\">\n\t\t\t\t\t\t\t\t\t<p>Aceita\u00e7\u00e3o dos Termos Ao acessar ou usar o Immediate Connect, voc\u00ea reconhece que leu, entendeu e concorda em cumprir estes Termos e Condi\u00e7\u00f5es. Se voc\u00ea n\u00e3o concordar com qualquer parte destes termos, n\u00e3o dever\u00e1 usar nossos servi\u00e7os.<br \/>Descri\u00e7\u00e3o dos Servi\u00e7os,<b> \u00a0Immediate Connect <\/b>Oferecemos rob\u00f4s de negocia\u00e7\u00e3o online para diversos mercados financeiros. Nossos algoritmos propriet\u00e1rios geram ordens de negocia\u00e7\u00e3o com base em an\u00e1lises de mercado. No entanto, observe que o desempenho passado n\u00e3o garante resultados futuros e que a negocia\u00e7\u00e3o envolve riscos.<\/p><p>Crit\u00e9rios de elegibilidade do usu\u00e1rio: Voc\u00ea deve ter pelo menos 18 anos de idade e ser legalmente capaz de celebrar contratos para usar nossos servi\u00e7os. Ao acessar [inserir aqui os termos e condi\u00e7\u00f5es], voc\u00ea concorda com os termos e condi\u00e7\u00f5es aqui estabelecidos. <strong>Immediate Connect<\/strong>\u00a0Voc\u00ea confirma que atende a esses requisitos e \u00e9 respons\u00e1vel por cumprir todas as leis e regulamentos aplic\u00e1veis \u200b\u200bem sua jurisdi\u00e7\u00e3o.<\/p><p>Assinatura e Pagamento Para acessar nossos sinais de negocia\u00e7\u00e3o automatizados, voc\u00ea poder\u00e1 precisar assinar um de nossos planos de servi\u00e7o. As taxas de assinatura ser\u00e3o claramente indicadas em nosso site, e voc\u00ea concorda em pagar as taxas especificadas pelo per\u00edodo escolhido. Os pagamentos n\u00e3o s\u00e3o reembols\u00e1veis, e voc\u00ea \u00e9 respons\u00e1vel por quaisquer impostos ou encargos incorridos em rela\u00e7\u00e3o \u00e0s transa\u00e7\u00f5es.<\/p><p>Riscos e Responsabilidades: Negociar envolve risco financeiro e, embora nosso rob\u00f4 busque fornecer informa\u00e7\u00f5es precisas, n\u00e3o podemos garantir lucros nem evitar perdas. Voc\u00ea reconhece que \u00e9 o \u00fanico respons\u00e1vel pelos resultados de suas decis\u00f5es de negocia\u00e7\u00e3o e por quaisquer consequ\u00eancias financeiras decorrentes do uso de nossos servi\u00e7os. <strong>Immediate Connect<\/strong>\u00a0A empresa, suas afiliadas e seus funcion\u00e1rios n\u00e3o ser\u00e3o responsabilizados por quaisquer perdas incorridas durante o uso de nossos servi\u00e7os.<\/p><p>Apenas para uso pessoal. Os sinais fornecidos por <strong>Immediate Connect<\/strong> s\u00e3o apenas para seu uso pessoal. Voc\u00ea est\u00e1 estritamente proibido de redistribuir, revender ou explorar comercialmente nossos sinais sem o consentimento pr\u00e9vio por escrito da <strong>Immediate Connect<\/strong>.<\/p><p>Conduta do Usu\u00e1rio Voc\u00ea concorda em usar nossos servi\u00e7os em conformidade com todas as leis e regulamentos aplic\u00e1veis. Voc\u00ea n\u00e3o deve se envolver em nenhuma atividade que possa interromper, danificar ou prejudicar a funcionalidade do <strong>Immediate Connect<\/strong><b>\u00a0<\/b>ou seus servi\u00e7os associados.<\/p><p>Propriedade Intelectual Todo o conte\u00fado, incluindo, entre outros, logotipos, marcas registradas, textos, imagens e software usados \u200b\u200bem <strong>Immediate Connect<\/strong> \u00e9 protegido por leis de propriedade intelectual e \u00e9 propriedade exclusiva da <strong>Immediate Connect<\/strong> ou seus licenciantes. Voc\u00ea n\u00e3o pode usar, reproduzir, modificar ou distribuir qualquer conte\u00fado sem nosso consentimento expresso por escrito.<\/p><p>Rescis\u00e3o de Servi\u00e7os <strong>Immediate Connect<\/strong><b>\u00a0<\/b>reserva-se o direito de suspender ou encerrar o seu acesso aos nossos servi\u00e7os a qualquer momento e por qualquer motivo, incluindo suspeita de viola\u00e7\u00e3o destes Termos e Condi\u00e7\u00f5es ou envolvimento em atividades fraudulentas.<\/p><p>Altera\u00e7\u00f5es aos Termos<b> <strong>Immediate Connect<\/strong> <\/b>pode atualizar ou modificar estes Termos e Condi\u00e7\u00f5es a qualquer momento sem aviso pr\u00e9vio. Ao continuar a utilizar nossos servi\u00e7os ap\u00f3s tais altera\u00e7\u00f5es, voc\u00ea concorda em ficar vinculado aos Termos e Condi\u00e7\u00f5es atualizados.<\/p><p>Pol\u00edtica de Privacidade Sua privacidade \u00e9 importante para n\u00f3s. Consulte nossa Pol\u00edtica de Privacidade para entender como coletamos, usamos e protegemos suas informa\u00e7\u00f5es pessoais.<\/p><p>Lei aplic\u00e1vel e jurisdi\u00e7\u00e3o Estes Termos e Condi\u00e7\u00f5es ser\u00e3o regidos e interpretados de acordo com as leis,\u00a0sem levar em conta seus conflitos de princ\u00edpios legais. Quaisquer disputas decorrentes ou relacionadas a estes termos estar\u00e3o sujeitas \u00e0 jurisdi\u00e7\u00e3o exclusiva dos tribunais.<\/p><p>O rob\u00f4 algoritmo de negocia\u00e7\u00e3o\u00a0<b>requer software de negocia\u00e7\u00e3o MetaTrader 5 e um servi\u00e7o de corretor<\/b>\u00a0para executar ordens de compra e venda e fornecer liquidez quando necess\u00e1rio.<\/p>\t\t\t\t\t\t\t\t<\/div>\n\t\t\t\t<\/div>\n\t\t\t\t\t<\/div>\n\t\t\t\t<\/div>\n\t\t<div class=\"elementor-element elementor-element-004bb87 e-flex e-con-boxed e-con e-child\" data-id=\"004bb87\" data-element_type=\"container\" data-e-type=\"container\">\n\t\t\t\t\t<div class=\"e-con-inner\">\n\t\t\t\t<div class=\"elementor-element elementor-element-6d06090 elementor-widget elementor-widget-text-editor\" data-id=\"6d06090\" data-element_type=\"widget\" data-e-type=\"widget\" data-widget_type=\"text-editor.default\">\n\t\t\t\t<div class=\"elementor-widget-container\">\n\t\t\t\t\t\t\t\t\t<p><b>o cliente deve ler e aceitar os termos e condi\u00e7\u00f5es da corretora.<\/b><\/p><p>Ao usar <strong>Immediate Connect<\/strong>\u00a0voc\u00ea concorda com estes Termos e Condi\u00e7\u00f5es e esperamos fornecer-lhe um servi\u00e7o de negocia\u00e7\u00e3o rob\u00f3tica. Se voc\u00ea tiver alguma d\u00favida ou preocupa\u00e7\u00e3o, entre em contato com nossa equipe de suporte ao cliente\u00a0em <a href=\"mailto:support@immediateconnect.markets\"><strong>support@immediateconnect.markets<\/strong><\/a><\/p>\t\t\t\t\t\t\t\t<\/div>\n\t\t\t\t<\/div>\n\t\t\t\t\t<\/div>\n\t\t\t\t<\/div>\n\t\t\t\t\t<\/div>\n\t\t\t\t<\/div>\n\t\t\t\t<\/div>","protected":false},"excerpt":{"rendered":"<p>Terms and Conditions Welcome to Immediate Connect, your premier destination for automated robot trading signals. By using our services, you agree to be bound by\u00a0 the following Terms and Conditions. Please read them carefully before proceeding with any transactions or subscriptions. \u0410\u0421\u0421\u0415\u0420\u0422ANCE OF THE TERMS AND CONDITIONS Acceptance of Terms By accessing or using \u00a0Immediate [&hellip;]<\/p>\n","protected":false},"author":1,"featured_media":0,"parent":0,"menu_order":0,"comment_status":"closed","ping_status":"closed","template":"elementor_header_footer","meta":{"footnotes":""},"class_list":["post-1556","page","type-page","status-publish","hentry"],"_links":{"self":[{"href":"https:\/\/immediateconnect.markets\/pt\/wp-json\/wp\/v2\/pages\/1556","targetHints":{"allow":["GET"]}}],"collection":[{"href":"https:\/\/immediateconnect.markets\/pt\/wp-json\/wp\/v2\/pages"}],"about":[{"href":"https:\/\/immediateconnect.markets\/pt\/wp-json\/wp\/v2\/types\/page"}],"author":[{"embeddable":true,"href":"https:\/\/immediateconnect.markets\/pt\/wp-json\/wp\/v2\/users\/1"}],"replies":[{"embeddable":true,"href":"https:\/\/immediateconnect.markets\/pt\/wp-json\/wp\/v2\/comments?post=1556"}],"version-history":[{"count":13,"href":"https:\/\/immediateconnect.markets\/pt\/wp-json\/wp\/v2\/pages\/1556\/revisions"}],"predecessor-version":[{"id":1932,"href":"https:\/\/immediateconnect.markets\/pt\/wp-json\/wp\/v2\/pages\/1556\/revisions\/1932"}],"wp:attachment":[{"href":"https:\/\/immediateconnect.markets\/pt\/wp-json\/wp\/v2\/media?parent=1556"}],"curies":[{"name":"wp","href":"https:\/\/api.w.org\/{rel}","templated":true}]}}