{"id":291,"date":"2023-08-31T11:46:51","date_gmt":"2023-08-31T11:46:51","guid":{"rendered":"https:\/\/immediateconnect.markets\/?page_id=291"},"modified":"2025-12-11T07:16:52","modified_gmt":"2025-12-11T07:16:52","slug":"o","status":"publish","type":"page","link":"https:\/\/immediateconnect.markets\/pl\/about\/","title":{"rendered":"O"},"content":{"rendered":"<div data-elementor-type=\"wp-page\" data-elementor-id=\"291\" class=\"elementor elementor-291\" data-elementor-post-type=\"page\">\n\t\t\t\t<div class=\"elementor-element elementor-element-7a829e3 e-flex e-con-boxed e-con e-parent\" data-id=\"7a829e3\" data-element_type=\"container\" data-e-type=\"container\" data-settings=\"{&quot;background_background&quot;:&quot;classic&quot;}\">\n\t\t\t\t\t<div class=\"e-con-inner\">\n\t\t\t\t<div class=\"elementor-element elementor-element-78a6571 elementor-widget elementor-widget-heading\" data-id=\"78a6571\" data-element_type=\"widget\" data-e-type=\"widget\" data-widget_type=\"heading.default\">\n\t\t\t\t<div class=\"elementor-widget-container\">\n\t\t\t\t\t<h1 class=\"elementor-heading-title elementor-size-default\">O natychmiastowym po\u0142\u0105czeniu handlowym<\/h1>\t\t\t\t<\/div>\n\t\t\t\t<\/div>\n\t\t\t\t<div class=\"elementor-element elementor-element-a74c33d elementor-widget elementor-widget-text-editor\" data-id=\"a74c33d\" data-element_type=\"widget\" data-e-type=\"widget\" data-widget_type=\"text-editor.default\">\n\t\t\t\t<div class=\"elementor-widget-container\">\n\t\t\t\t\t\t\t\t\t<p>Platforma handlowa stworzona z my\u015bl\u0105 o zwi\u0119kszeniu Twojej wiedzy rynkowej i przyspieszeniu osi\u0105gni\u0119cia bieg\u0142o\u015bci w handlu.<\/p>\t\t\t\t\t\t\t\t<\/div>\n\t\t\t\t<\/div>\n\t\t\t\t\t<\/div>\n\t\t\t\t<\/div>\n\t\t<div class=\"elementor-element elementor-element-af7b2fd e-flex e-con-boxed e-con e-parent\" data-id=\"af7b2fd\" data-element_type=\"container\" data-e-type=\"container\">\n\t\t\t\t\t<div class=\"e-con-inner\">\n\t\t<div class=\"elementor-element elementor-element-40069e3 e-grid e-con-full e-con e-child\" data-id=\"40069e3\" data-element_type=\"container\" data-e-type=\"container\">\n\t\t\t\t<div class=\"elementor-element elementor-element-2c8ec96 elementor-view-framed elementor-position-inline-start elementor-shape-circle elementor-mobile-position-block-start elementor-widget elementor-widget-icon-box\" data-id=\"2c8ec96\" data-element_type=\"widget\" data-e-type=\"widget\" data-widget_type=\"icon-box.default\">\n\t\t\t\t<div class=\"elementor-widget-container\">\n\t\t\t\t\t\t\t<div class=\"elementor-icon-box-wrapper\">\n\n\t\t\t\t\t\t<div class=\"elementor-icon-box-icon\">\n\t\t\t\t<span  class=\"elementor-icon\">\n\t\t\t\t<i aria-hidden=\"true\" class=\"fas fa-globe\"><\/i>\t\t\t\t<\/span>\n\t\t\t<\/div>\n\t\t\t\n\t\t\t\t\t\t<div class=\"elementor-icon-box-content\">\n\n\t\t\t\t\t\t\t\t\t<h3 class=\"elementor-icon-box-title\">\n\t\t\t\t\t\t<span  >\n\t\t\t\t\t\t\tO\u015bwiadczenie o misji\t\t\t\t\t\t<\/span>\n\t\t\t\t\t<\/h3>\n\t\t\t\t\n\t\t\t\t\t\t\t\t\t<p class=\"elementor-icon-box-description\">\n\t\t\t\t\t\tZmniejszy\u0107 dystans mi\u0119dzy traderami a sukcesem, oferuj\u0105c intuicyjn\u0105, konfigurowaln\u0105 platform\u0119, kt\u00f3ra zwi\u0119ksza \u0142atwo\u015b\u0107, precyzj\u0119 i pewno\u015b\u0107 w handlu walutami cyfrowymi.\t\t\t\t\t<\/p>\n\t\t\t\t\n\t\t\t<\/div>\n\t\t\t\n\t\t<\/div>\n\t\t\t\t\t\t<\/div>\n\t\t\t\t<\/div>\n\t\t\t\t<div class=\"elementor-element elementor-element-19144bb elementor-view-framed elementor-position-inline-start elementor-shape-circle elementor-mobile-position-block-start elementor-widget elementor-widget-icon-box\" data-id=\"19144bb\" data-element_type=\"widget\" data-e-type=\"widget\" data-widget_type=\"icon-box.default\">\n\t\t\t\t<div class=\"elementor-widget-container\">\n\t\t\t\t\t\t\t<div class=\"elementor-icon-box-wrapper\">\n\n\t\t\t\t\t\t<div class=\"elementor-icon-box-icon\">\n\t\t\t\t<span  class=\"elementor-icon\">\n\t\t\t\t<i aria-hidden=\"true\" class=\"far fa-eye\"><\/i>\t\t\t\t<\/span>\n\t\t\t<\/div>\n\t\t\t\n\t\t\t\t\t\t<div class=\"elementor-icon-box-content\">\n\n\t\t\t\t\t\t\t\t\t<h3 class=\"elementor-icon-box-title\">\n\t\t\t\t\t\t<span  >\n\t\t\t\t\t\t\tO\u015bwiadczenie o wizji\t\t\t\t\t\t<\/span>\n\t\t\t\t\t<\/h3>\n\t\t\t\t\n\t\t\t\t\t\t\t\t\t<p class=\"elementor-icon-box-description\">\n\t\t\t\t\t\tUczyni\u0107 handel dost\u0119pnym dla ka\u017cdego, staj\u0105c si\u0119 \u015bwiatowym liderem na rynku platform walut cyfrowych, a jednocze\u015bnie daj\u0105c inwestorom mo\u017cliwo\u015b\u0107 podejmowania \u015bwiadomych i wp\u0142ywowych decyzji dotycz\u0105cych ich przysz\u0142o\u015bci finansowej.\n\n\n\n\n\n\n\t\t\t\t\t<\/p>\n\t\t\t\t\n\t\t\t<\/div>\n\t\t\t\n\t\t<\/div>\n\t\t\t\t\t\t<\/div>\n\t\t\t\t<\/div>\n\t\t\t\t<\/div>\n\t\t\t\t\t<\/div>\n\t\t\t\t<\/div>\n\t\t<div class=\"elementor-element elementor-element-64df027 e-flex e-con-boxed e-con e-parent\" data-id=\"64df027\" data-element_type=\"container\" data-e-type=\"container\" data-settings=\"{&quot;background_background&quot;:&quot;classic&quot;}\">\n\t\t\t\t\t<div class=\"e-con-inner\">\n\t\t<div class=\"elementor-element elementor-element-e8a5b29 e-con-full e-flex e-con e-child\" data-id=\"e8a5b29\" data-element_type=\"container\" data-e-type=\"container\">\n\t\t\t\t<div class=\"elementor-element elementor-element-e047c90 elementor-widget elementor-widget-heading\" data-id=\"e047c90\" data-element_type=\"widget\" data-e-type=\"widget\" data-widget_type=\"heading.default\">\n\t\t\t\t<div class=\"elementor-widget-container\">\n\t\t\t\t\t<h2 class=\"elementor-heading-title elementor-size-default\">Rewolucjonizowanie handlu na rynku finansowym\n\n<\/h2>\t\t\t\t<\/div>\n\t\t\t\t<\/div>\n\t\t\t\t<div class=\"elementor-element elementor-element-97ce220 elementor-widget elementor-widget-text-editor\" data-id=\"97ce220\" data-element_type=\"widget\" data-e-type=\"widget\" data-widget_type=\"text-editor.default\">\n\t\t\t\t<div class=\"elementor-widget-container\">\n\t\t\t\t\t\t\t\t\t<p>Nasz zesp\u00f3\u0142 jest zobowi\u0105zany do zapewnienia p\u0142ynnego do\u015bwiadczenia handlowego dostosowanego do Twojego stylu. Niezale\u017cnie od tego, czy maksymalizujesz wyniki handlowe, czy te\u017c zwi\u0119kszasz wiedz\u0119 rynkow\u0105, Immediate Connect wspiera Ci\u0119 na ka\u017cdym kroku.<\/p>\t\t\t\t\t\t\t\t<\/div>\n\t\t\t\t<\/div>\n\t\t\t\t<\/div>\n\t\t<div class=\"elementor-element elementor-element-5b02dfa e-con-full e-flex e-con e-child\" data-id=\"5b02dfa\" data-element_type=\"container\" data-e-type=\"container\">\n\t\t\t\t<div class=\"elementor-element elementor-element-0098a95 elementor-widget-mobile__width-initial elementor-widget elementor-widget-image\" data-id=\"0098a95\" data-element_type=\"widget\" data-e-type=\"widget\" data-widget_type=\"image.default\">\n\t\t\t\t<div class=\"elementor-widget-container\">\n\t\t\t\t\t\t\t\t\t\t\t\t\t\t\t<img fetchpriority=\"high\" decoding=\"async\" width=\"800\" height=\"689\" src=\"https:\/\/immediateconnect.markets\/wp-content\/uploads\/2025\/12\/about-app-1-1024x882.webp\" class=\"attachment-large size-large wp-image-1997\" alt=\"\" srcset=\"https:\/\/immediateconnect.markets\/wp-content\/uploads\/2025\/12\/about-app-1-1024x882.webp 1024w, https:\/\/immediateconnect.markets\/wp-content\/uploads\/2025\/12\/about-app-1-300x258.webp 300w, https:\/\/immediateconnect.markets\/wp-content\/uploads\/2025\/12\/about-app-1-768x662.webp 768w, https:\/\/immediateconnect.markets\/wp-content\/uploads\/2025\/12\/about-app-1-14x12.webp 14w, https:\/\/immediateconnect.markets\/wp-content\/uploads\/2025\/12\/about-app-1.webp 1486w\" sizes=\"(max-width: 800px) 100vw, 800px\" \/>\t\t\t\t\t\t\t\t\t\t\t\t\t\t\t<\/div>\n\t\t\t\t<\/div>\n\t\t\t\t<\/div>\n\t\t\t\t\t<\/div>\n\t\t\t\t<\/div>\n\t\t\t\t<\/div>","protected":false},"excerpt":{"rendered":"<p>About Immediate Connect Trading Trading platform meticulously crafted to enhance your market insights and expedite your trading proficiency. Mission Statement To bridge the gap between traders and success by offering an intuitive, customizable platform that promotes ease, precision, and confidence in digital currency trading. Vision Statement To make trading accessible for all, becoming a global [&hellip;]<\/p>\n","protected":false},"author":1,"featured_media":0,"parent":0,"menu_order":0,"comment_status":"closed","ping_status":"closed","template":"elementor_header_footer","meta":{"footnotes":""},"class_list":["post-291","page","type-page","status-publish","hentry"],"_links":{"self":[{"href":"https:\/\/immediateconnect.markets\/pl\/wp-json\/wp\/v2\/pages\/291","targetHints":{"allow":["GET"]}}],"collection":[{"href":"https:\/\/immediateconnect.markets\/pl\/wp-json\/wp\/v2\/pages"}],"about":[{"href":"https:\/\/immediateconnect.markets\/pl\/wp-json\/wp\/v2\/types\/page"}],"author":[{"embeddable":true,"href":"https:\/\/immediateconnect.markets\/pl\/wp-json\/wp\/v2\/users\/1"}],"replies":[{"embeddable":true,"href":"https:\/\/immediateconnect.markets\/pl\/wp-json\/wp\/v2\/comments?post=291"}],"version-history":[{"count":121,"href":"https:\/\/immediateconnect.markets\/pl\/wp-json\/wp\/v2\/pages\/291\/revisions"}],"predecessor-version":[{"id":2000,"href":"https:\/\/immediateconnect.markets\/pl\/wp-json\/wp\/v2\/pages\/291\/revisions\/2000"}],"wp:attachment":[{"href":"https:\/\/immediateconnect.markets\/pl\/wp-json\/wp\/v2\/media?parent=291"}],"curies":[{"name":"wp","href":"https:\/\/api.w.org\/{rel}","templated":true}]}}