{"id":1556,"date":"2025-05-06T12:04:54","date_gmt":"2025-05-06T12:04:54","guid":{"rendered":"https:\/\/immediateconnect.markets\/?page_id=1556"},"modified":"2025-11-05T13:19:49","modified_gmt":"2025-11-05T13:19:49","slug":"warunki-i-postanowienia","status":"publish","type":"page","link":"https:\/\/immediateconnect.markets\/pl\/terms-conditions\/","title":{"rendered":"Warunki korzystania z serwisu"},"content":{"rendered":"<div data-elementor-type=\"wp-page\" data-elementor-id=\"1556\" class=\"elementor elementor-1556\" data-elementor-post-type=\"page\">\n\t\t\t\t<div class=\"elementor-element elementor-element-599b9db e-flex e-con-boxed e-con e-parent\" data-id=\"599b9db\" data-element_type=\"container\" data-e-type=\"container\">\n\t\t\t\t\t<div class=\"e-con-inner\">\n\t\t<div class=\"elementor-element elementor-element-e263f64 e-flex e-con-boxed e-con e-child\" data-id=\"e263f64\" data-element_type=\"container\" data-e-type=\"container\">\n\t\t\t\t\t<div class=\"e-con-inner\">\n\t\t\t\t<div class=\"elementor-element elementor-element-18fedf4 elementor-widget elementor-widget-heading\" data-id=\"18fedf4\" data-element_type=\"widget\" data-e-type=\"widget\" data-widget_type=\"heading.default\">\n\t\t\t\t<div class=\"elementor-widget-container\">\n\t\t\t\t\t<h1 class=\"elementor-heading-title elementor-size-default\">Warunki i postanowienia<\/h1>\t\t\t\t<\/div>\n\t\t\t\t<\/div>\n\t\t\t\t\t<\/div>\n\t\t\t\t<\/div>\n\t\t<div class=\"elementor-element elementor-element-9d5788c e-flex e-con-boxed e-con e-child\" data-id=\"9d5788c\" data-element_type=\"container\" data-e-type=\"container\">\n\t\t\t\t\t<div class=\"e-con-inner\">\n\t\t\t\t<div class=\"elementor-element elementor-element-03588f0 elementor-widget elementor-widget-text-editor\" data-id=\"03588f0\" data-element_type=\"widget\" data-e-type=\"widget\" data-widget_type=\"text-editor.default\">\n\t\t\t\t<div class=\"elementor-widget-container\">\n\t\t\t\t\t\t\t\t\t<p class=\"translation-block\">, Twoje pierwsze \u017ar\u00f3d\u0142o zautomatyzowanych sygna\u0142\u00f3w handlowych robot\u00f3w. Korzystaj\u0105c z naszych us\u0142ug, zgadzasz si\u0119 na przestrzeganie nast\u0119puj\u0105cych Warunk\u00f3w i Postanowie\u0144. Przeczytaj je uwa\u017cnie przed dokonaniem jakichkolwiek transakcji lub subskrypcji.<\/p>\t\t\t\t\t\t\t\t<\/div>\n\t\t\t\t<\/div>\n\t\t\t\t<div class=\"elementor-element elementor-element-d3deae9 elementor-widget elementor-widget-heading\" data-id=\"d3deae9\" data-element_type=\"widget\" data-e-type=\"widget\" data-widget_type=\"heading.default\">\n\t\t\t\t<div class=\"elementor-widget-container\">\n\t\t\t\t\t<h2 class=\"elementor-heading-title elementor-size-default\">ZASADY WARUNK\u00d3W KORZYSTANIA Z US\u0141UGI<\/h2>\t\t\t\t<\/div>\n\t\t\t\t<\/div>\n\t\t\t\t<div class=\"elementor-element elementor-element-ef00587 elementor-widget elementor-widget-text-editor\" data-id=\"ef00587\" data-element_type=\"widget\" data-e-type=\"widget\" data-widget_type=\"text-editor.default\">\n\t\t\t\t<div class=\"elementor-widget-container\">\n\t\t\t\t\t\t\t\t\t<p>Akceptacja warunk\u00f3w Korzystaj\u0105c z us\u0142ugi Immediate Connect, potwierdzasz, \u017ce przeczyta\u0142e\u015b, zrozumia\u0142e\u015b i zgadzasz si\u0119 przestrzega\u0107 niniejszych Warunk\u00f3w. Je\u015bli nie zgadzasz si\u0119 z jak\u0105kolwiek cz\u0119\u015bci\u0105 niniejszych warunk\u00f3w, nie powiniene\u015b korzysta\u0107 z naszych us\u0142ug.<br \/>Opis us\u0142ug,<b> \u00a0Immediate Connect <\/b>dostarcza roboty do handlu online dla r\u00f3\u017cnych rynk\u00f3w finansowych. Nasze autorskie algorytmy generuj\u0105 transakcje w oparciu o analiz\u0119 rynku. Nale\u017cy jednak pami\u0119ta\u0107, \u017ce wyniki z przesz\u0142o\u015bci nie gwarantuj\u0105 wynik\u00f3w w przysz\u0142o\u015bci, a handel wi\u0105\u017ce si\u0119 z ryzykiem.<\/p><p>Uprawnienia u\u017cytkownika Musisz mie\u0107 uko\u0144czone 18 lat i posiada\u0107 zdolno\u015b\u0107 prawn\u0105 do zawierania um\u00f3w w celu korzystania z naszych us\u0142ug. Uzyskuj\u0105c dost\u0119p <strong>Immediate Connect<\/strong>\u00a0potwierdzasz, \u017ce spe\u0142niasz te wymagania i przyjmujesz odpowiedzialno\u015b\u0107 za przestrzeganie wszelkich obowi\u0105zuj\u0105cych przepis\u00f3w i regulacji w Twojej jurysdykcji.<\/p><p>Subskrypcja i p\u0142atno\u015b\u0107 Aby uzyska\u0107 dost\u0119p do sygna\u0142\u00f3w handlowych naszych robot\u00f3w, mo\u017ce by\u0107 konieczne wykupienie jednego z naszych plan\u00f3w us\u0142ug. Op\u0142aty za subskrypcj\u0119 b\u0119d\u0105 wyra\u017anie wskazane na naszej stronie internetowej, a Ty zgadzasz si\u0119 ui\u015bci\u0107 okre\u015blone op\u0142aty za wybrany okres. P\u0142atno\u015bci nie podlegaj\u0105 zwrotowi, a Ty jeste\u015b odpowiedzialny za wszelkie podatki i op\u0142aty naliczone w zwi\u0105zku z transakcjami.<\/p><p>Ryzyko i odpowiedzialno\u015b\u0107 Handel wi\u0105\u017ce si\u0119 z ryzykiem finansowym. Cho\u0107 nasz robot stara si\u0119 dostarcza\u0107 dok\u0142adnych informacji, nie mo\u017cemy zagwarantowa\u0107 zysk\u00f3w ani zapobiec stratom. U\u017cytkownik potwierdza, \u017ce \u200b\u200bponosi wy\u0142\u0105czn\u0105 odpowiedzialno\u015b\u0107 za wyniki swoich decyzji handlowych i wszelkie konsekwencje finansowe wynikaj\u0105ce z korzystania z naszych us\u0142ug. <strong>Immediate Connect<\/strong>\u00a0jej podmioty stowarzyszone oraz pracownicy nie ponosz\u0105 odpowiedzialno\u015bci za straty powsta\u0142e w zwi\u0105zku z korzystaniem z naszych us\u0142ug.<\/p><p>Tylko do u\u017cytku osobistego Sygna\u0142y dostarczane przez <strong>Immediate Connect<\/strong> s\u0105 przeznaczone wy\u0142\u0105cznie do u\u017cytku osobistego. Surowo zabrania si\u0119 redystrybucji, odsprzeda\u017cy lub innego komercyjnego wykorzystywania naszych sygna\u0142\u00f3w bez uprzedniej pisemnej zgody firmy <strong>Immediate Connect<\/strong>.<\/p><p>Post\u0119powanie u\u017cytkownika U\u017cytkownik zgadza si\u0119 korzysta\u0107 z naszych us\u0142ug zgodnie ze wszystkimi obowi\u0105zuj\u0105cymi przepisami prawa. Nie wolno podejmowa\u0107 \u017cadnych dzia\u0142a\u0144, kt\u00f3re mog\u0142yby zak\u0142\u00f3ci\u0107, uszkodzi\u0107 lub ograniczy\u0107 funkcjonalno\u015b\u0107 <strong>Immediate Connect<\/strong><b>\u00a0<\/b>lub powi\u0105zanych z ni\u0105 us\u0142ug.<\/p><p>W\u0142asno\u015b\u0107 intelektualna Ca\u0142a zawarto\u015b\u0107, w tym mi\u0119dzy innymi logo, znaki towarowe, teksty, obrazy i oprogramowanie u\u017cywane w Witrynie <strong>Immediate Connect<\/strong> jest chroniona prawem w\u0142asno\u015bci intelektualnej i stanowi wy\u0142\u0105czn\u0105 w\u0142asno\u015b\u0107 firmy <strong>Immediate Connect<\/strong> or its licensors. You may not use, reproduce, modify, or distribute any content without our express written consent.<\/p><p>Zako\u0144czenie \u015bwiadczenia us\u0142ug <strong>Immediate Connect<\/strong><b>\u00a0<\/b>zastrzega sobie prawo do zawieszenia lub zablokowania dost\u0119pu do naszych us\u0142ug w dowolnym momencie i z dowolnego powodu, w tym w przypadku podejrzenia naruszenia niniejszych Warunk\u00f3w i Postanowie\u0144 lub udzia\u0142u w dzia\u0142aniach oszuka\u0144czych.<\/p><p>Zmiany w Warunkach<b> <strong>Immediate Connect<\/strong> <\/b>mo\u017ce aktualizowa\u0107 lub modyfikowa\u0107 niniejsze Warunki w dowolnym momencie i bez wcze\u015bniejszego powiadomienia. Kontynuuj\u0105c korzystanie z naszych us\u0142ug po wprowadzeniu takich zmian, wyra\u017casz zgod\u0119 na obowi\u0105zywanie zaktualizowanych Warunk\u00f3w i Postanowie\u0144.<\/p><p>Polityka prywatno\u015bci Twoja prywatno\u015b\u0107 jest dla nas wa\u017cna. Aby dowiedzie\u0107 si\u0119, w jaki spos\u00f3b zbieramy, wykorzystujemy i chronimy Twoje dane osobowe, zapoznaj si\u0119 z nasz\u0105 Polityk\u0105 prywatno\u015bci.<\/p><p>Prawo w\u0142a\u015bciwe i jurysdykcja Niniejsze Warunki podlegaj\u0105 przepisom prawa i s\u0105 zgodnie z nimi interpretowane, bez wzgl\u0119du na zasady kolizyjne. Wszelkie spory wynikaj\u0105ce z niniejszych warunk\u00f3w lub z nimi zwi\u0105zane podlegaj\u0105 wy\u0142\u0105cznej jurysdykcji s\u0105d\u00f3w.<\/p><p>Robot algorytmu handlowego\u00a0<b>wymaga oprogramowania handlowego MetaTrader 5 i us\u0142ugi brokerskiej<\/b>\u00a0aby realizowa\u0107 zlecenia kupna i sprzeda\u017cy oraz zapewnia\u0107 p\u0142ynno\u015b\u0107 w razie potrzeby.<\/p>\t\t\t\t\t\t\t\t<\/div>\n\t\t\t\t<\/div>\n\t\t\t\t\t<\/div>\n\t\t\t\t<\/div>\n\t\t<div class=\"elementor-element elementor-element-004bb87 e-flex e-con-boxed e-con e-child\" data-id=\"004bb87\" data-element_type=\"container\" data-e-type=\"container\">\n\t\t\t\t\t<div class=\"e-con-inner\">\n\t\t\t\t<div class=\"elementor-element elementor-element-6d06090 elementor-widget elementor-widget-text-editor\" data-id=\"6d06090\" data-element_type=\"widget\" data-e-type=\"widget\" data-widget_type=\"text-editor.default\">\n\t\t\t\t<div class=\"elementor-widget-container\">\n\t\t\t\t\t\t\t\t\t<p><b>Klient zobowi\u0105zany jest zapozna\u0107 si\u0119 z regulaminem brokera i go zaakceptowa\u0107.<\/b><\/p><p>Za pomoc\u0105 <strong>Immediate Connect<\/strong>\u00a0zgadzasz si\u0119 z niniejszymi Warunkami i Postanowieniami, a my z niecierpliwo\u015bci\u0105 czekamy na mo\u017cliwo\u015b\u0107 udost\u0119pnienia Ci us\u0142ugi handlu robotami. Je\u015bli masz jakiekolwiek pytania lub w\u0105tpliwo\u015bci, skontaktuj si\u0119 z naszym zespo\u0142em obs\u0142ugi klienta pod adresem <a href=\"mailto:support@immediateconnect.markets\"><strong>support@immediateconnect.markets<\/strong><\/a><\/p>\t\t\t\t\t\t\t\t<\/div>\n\t\t\t\t<\/div>\n\t\t\t\t\t<\/div>\n\t\t\t\t<\/div>\n\t\t\t\t\t<\/div>\n\t\t\t\t<\/div>\n\t\t\t\t<\/div>","protected":false},"excerpt":{"rendered":"<p>Terms and Conditions Welcome to Immediate Connect, your premier destination for automated robot trading signals. By using our services, you agree to be bound by\u00a0 the following Terms and Conditions. Please read them carefully before proceeding with any transactions or subscriptions. \u0410\u0421\u0421\u0415\u0420\u0422ANCE OF THE TERMS AND CONDITIONS Acceptance of Terms By accessing or using \u00a0Immediate [&hellip;]<\/p>\n","protected":false},"author":1,"featured_media":0,"parent":0,"menu_order":0,"comment_status":"closed","ping_status":"closed","template":"elementor_header_footer","meta":{"footnotes":""},"class_list":["post-1556","page","type-page","status-publish","hentry"],"_links":{"self":[{"href":"https:\/\/immediateconnect.markets\/pl\/wp-json\/wp\/v2\/pages\/1556","targetHints":{"allow":["GET"]}}],"collection":[{"href":"https:\/\/immediateconnect.markets\/pl\/wp-json\/wp\/v2\/pages"}],"about":[{"href":"https:\/\/immediateconnect.markets\/pl\/wp-json\/wp\/v2\/types\/page"}],"author":[{"embeddable":true,"href":"https:\/\/immediateconnect.markets\/pl\/wp-json\/wp\/v2\/users\/1"}],"replies":[{"embeddable":true,"href":"https:\/\/immediateconnect.markets\/pl\/wp-json\/wp\/v2\/comments?post=1556"}],"version-history":[{"count":13,"href":"https:\/\/immediateconnect.markets\/pl\/wp-json\/wp\/v2\/pages\/1556\/revisions"}],"predecessor-version":[{"id":1932,"href":"https:\/\/immediateconnect.markets\/pl\/wp-json\/wp\/v2\/pages\/1556\/revisions\/1932"}],"wp:attachment":[{"href":"https:\/\/immediateconnect.markets\/pl\/wp-json\/wp\/v2\/media?parent=1556"}],"curies":[{"name":"wp","href":"https:\/\/api.w.org\/{rel}","templated":true}]}}