{"id":2003,"date":"2025-12-26T10:04:32","date_gmt":"2025-12-26T10:04:32","guid":{"rendered":"https:\/\/immediateconnect.markets\/?page_id=2003"},"modified":"2025-12-26T10:21:31","modified_gmt":"2025-12-26T10:21:31","slug":"disclaimer","status":"publish","type":"page","link":"https:\/\/immediateconnect.markets\/it\/disclaimer\/","title":{"rendered":"Disclaimer"},"content":{"rendered":"<div data-elementor-type=\"wp-page\" data-elementor-id=\"2003\" class=\"elementor elementor-2003\" data-elementor-post-type=\"page\">\n\t\t\t\t\t\t<section class=\"elementor-section elementor-top-section elementor-element elementor-element-a0d6e18 elementor-section-boxed elementor-section-height-default elementor-section-height-default\" data-id=\"a0d6e18\" data-element_type=\"section\" data-e-type=\"section\" data-settings=\"{&quot;background_background&quot;:&quot;classic&quot;}\">\n\t\t\t\t\t\t<div class=\"elementor-container elementor-column-gap-default\">\n\t\t\t\t\t<div class=\"elementor-column elementor-col-100 elementor-top-column elementor-element elementor-element-eea336f\" data-id=\"eea336f\" data-element_type=\"column\" data-e-type=\"column\">\n\t\t\t<div class=\"elementor-widget-wrap elementor-element-populated\">\n\t\t\t\t\t\t<div class=\"elementor-element elementor-element-640e365 elementor-widget elementor-widget-heading\" data-id=\"640e365\" data-element_type=\"widget\" data-e-type=\"widget\" data-widget_type=\"heading.default\">\n\t\t\t\t<div class=\"elementor-widget-container\">\n\t\t\t\t\t<h1 class=\"elementor-heading-title elementor-size-default\">Disclaimer<\/h1>\t\t\t\t<\/div>\n\t\t\t\t<\/div>\n\t\t\t\t<div class=\"elementor-element elementor-element-f36926f elementor-widget elementor-widget-text-editor\" data-id=\"f36926f\" data-element_type=\"widget\" data-e-type=\"widget\" data-widget_type=\"text-editor.default\">\n\t\t\t\t<div class=\"elementor-widget-container\">\n\t\t\t\t\t\t\t\t\t<p class=\"translation-block\">Le informazioni fornite da <strong>Immediate Connect<\/strong>, dalle sue affiliate, dai suoi collaboratori, autori o partner (collettivamente, \"noi\", \"ci\" o \"nostro\") su questo sito Web hanno esclusivamente scopo informativo e didattico generale.<\/p>\t\t\t\t\t\t\t\t<\/div>\n\t\t\t\t<\/div>\n\t\t\t\t<div class=\"elementor-element elementor-element-f60410c elementor-widget elementor-widget-heading\" data-id=\"f60410c\" data-element_type=\"widget\" data-e-type=\"widget\" data-widget_type=\"heading.default\">\n\t\t\t\t<div class=\"elementor-widget-container\">\n\t\t\t\t\t<h2 class=\"elementor-heading-title elementor-size-default\">Nessun consiglio finanziario<\/h2>\t\t\t\t<\/div>\n\t\t\t\t<\/div>\n\t\t\t\t<div class=\"elementor-element elementor-element-621370c elementor-widget elementor-widget-text-editor\" data-id=\"621370c\" data-element_type=\"widget\" data-e-type=\"widget\" data-widget_type=\"text-editor.default\">\n\t\t\t\t<div class=\"elementor-widget-container\">\n\t\t\t\t\t\t\t\t\t<p>I contenuti di questo sito web, inclusi, a titolo esemplificativo ma non esaustivo, articoli, video, analisi, dati di mercato, grafici, segnali, strumenti e materiale didattico, non costituiscono consulenza finanziaria, di investimento, legale, fiscale o di altro tipo. Nulla di quanto contenuto in questo sito costituisce una raccomandazione, una sollecitazione, un'offerta o un'approvazione ad acquistare, vendere, detenere o negoziare alcuno strumento finanziario, titolo, merce, valuta, asset digitale o prodotto di investimento.<\/p>\t\t\t\t\t\t\t\t<\/div>\n\t\t\t\t<\/div>\n\t\t\t\t<div class=\"elementor-element elementor-element-6ce0e62 elementor-widget elementor-widget-heading\" data-id=\"6ce0e62\" data-element_type=\"widget\" data-e-type=\"widget\" data-widget_type=\"heading.default\">\n\t\t\t\t<div class=\"elementor-widget-container\">\n\t\t\t\t\t<h2 class=\"elementor-heading-title elementor-size-default\">Riconoscimento del rischio<\/h2>\t\t\t\t<\/div>\n\t\t\t\t<\/div>\n\t\t\t\t<div class=\"elementor-element elementor-element-ca6f57a elementor-widget elementor-widget-text-editor\" data-id=\"ca6f57a\" data-element_type=\"widget\" data-e-type=\"widget\" data-widget_type=\"text-editor.default\">\n\t\t\t\t<div class=\"elementor-widget-container\">\n\t\t\t\t\t\t\t\t\t<p>Il trading sui mercati finanziari, inclusi cambi valutari (FX), contratti per differenza (CFD), criptovalute, azioni, indici e altri derivati, comporta rischi significativi e non \u00e8 adatto a tutti gli investitori. Le performance passate non sono indicative di quelle future. Si consiglia di valutare attentamente la propria situazione finanziaria e la propria propensione al rischio prima di intraprendere qualsiasi attivit\u00e0 di trading o investimento.<\/p>\t\t\t\t\t\t\t\t<\/div>\n\t\t\t\t<\/div>\n\t\t\t\t<div class=\"elementor-element elementor-element-2b5bc71 elementor-widget elementor-widget-heading\" data-id=\"2b5bc71\" data-element_type=\"widget\" data-e-type=\"widget\" data-widget_type=\"heading.default\">\n\t\t\t\t<div class=\"elementor-widget-container\">\n\t\t\t\t\t<h2 class=\"elementor-heading-title elementor-size-default\">Nessuna responsabilit\u00e0<\/h2>\t\t\t\t<\/div>\n\t\t\t\t<\/div>\n\t\t\t\t<div class=\"elementor-element elementor-element-5d14b77 elementor-widget elementor-widget-text-editor\" data-id=\"5d14b77\" data-element_type=\"widget\" data-e-type=\"widget\" data-widget_type=\"text-editor.default\">\n\t\t\t\t<div class=\"elementor-widget-container\">\n\t\t\t\t\t\t\t\t\t<p>Non forniamo alcuna garanzia circa l'accuratezza, l'affidabilit\u00e0, la tempestivit\u00e0, la completezza o l'idoneit\u00e0 delle informazioni contenute in questo sito web. Utilizzando questo sito, accetti espressamente quanto segue:<\/p><ul><li><p class=\"translation-block\"><strong>Immediate Connect<\/strong>, i suoi proprietari, dipendenti, appaltatori, funzionari e partner non sono <strong>responsabili per eventuali perdite, danni, costi o spese<\/strong> derivanti direttamente o indirettamente dall'utilizzo di questo sito o dall'affidamento sul suo contenuto;<\/p><\/li><li><p>Ti assumi la piena responsabilit\u00e0 delle tue decisioni, delle tue operazioni, delle tue strategie e dei tuoi risultati.<\/p><\/li><\/ul>\t\t\t\t\t\t\t\t<\/div>\n\t\t\t\t<\/div>\n\t\t\t\t<div class=\"elementor-element elementor-element-936a3bc elementor-widget elementor-widget-heading\" data-id=\"936a3bc\" data-element_type=\"widget\" data-e-type=\"widget\" data-widget_type=\"heading.default\">\n\t\t\t\t<div class=\"elementor-widget-container\">\n\t\t\t\t\t<h2 class=\"elementor-heading-title elementor-size-default\">Verifica indipendente<\/h2>\t\t\t\t<\/div>\n\t\t\t\t<\/div>\n\t\t\t\t<div class=\"elementor-element elementor-element-7494217 elementor-widget elementor-widget-text-editor\" data-id=\"7494217\" data-element_type=\"widget\" data-e-type=\"widget\" data-widget_type=\"text-editor.default\">\n\t\t\t\t<div class=\"elementor-widget-container\">\n\t\t\t\t\t\t\t\t\t<p>Dovresti verificare in modo indipendente tutte le informazioni prima di agire di conseguenza. Ci\u00f2 include la consulenza di un professionista finanziario, fiscale o legale autorizzato, ove opportuno.<\/p>\t\t\t\t\t\t\t\t<\/div>\n\t\t\t\t<\/div>\n\t\t\t\t<div class=\"elementor-element elementor-element-c5b71e7 elementor-widget elementor-widget-heading\" data-id=\"c5b71e7\" data-element_type=\"widget\" data-e-type=\"widget\" data-widget_type=\"heading.default\">\n\t\t\t\t<div class=\"elementor-widget-container\">\n\t\t\t\t\t<h2 class=\"elementor-heading-title elementor-size-default\">Nessuna garanzia<\/h2>\t\t\t\t<\/div>\n\t\t\t\t<\/div>\n\t\t\t\t<div class=\"elementor-element elementor-element-44c6f47 elementor-widget elementor-widget-text-editor\" data-id=\"44c6f47\" data-element_type=\"widget\" data-e-type=\"widget\" data-widget_type=\"text-editor.default\">\n\t\t\t\t<div class=\"elementor-widget-container\">\n\t\t\t\t\t\t\t\t\t<p>Non garantiamo profitti, accuratezza dei dati, completezza dei contenuti o accesso ininterrotto al sito. Potrebbero verificarsi problemi tecnici, errori, omissioni e informazioni obsolete.<\/p>\t\t\t\t\t\t\t\t<\/div>\n\t\t\t\t<\/div>\n\t\t\t\t<div class=\"elementor-element elementor-element-80c1720 elementor-widget elementor-widget-heading\" data-id=\"80c1720\" data-element_type=\"widget\" data-e-type=\"widget\" data-widget_type=\"heading.default\">\n\t\t\t\t<div class=\"elementor-widget-container\">\n\t\t\t\t\t<h2 class=\"elementor-heading-title elementor-size-default\">Link esterni<\/h2>\t\t\t\t<\/div>\n\t\t\t\t<\/div>\n\t\t\t\t<div class=\"elementor-element elementor-element-7ec9aa7 elementor-widget elementor-widget-text-editor\" data-id=\"7ec9aa7\" data-element_type=\"widget\" data-e-type=\"widget\" data-widget_type=\"text-editor.default\">\n\t\t\t\t<div class=\"elementor-widget-container\">\n\t\t\t\t\t\t\t\t\t<p><strong>Immediate Connect<\/strong> potrebbe contenere link a siti web, strumenti o servizi di terze parti (\"Siti Esterni\"). Questi link sono forniti esclusivamente per comodit\u00e0. Non approviamo e non siamo responsabili del contenuto, dell'accuratezza o delle pratiche di alcun Sito Esterno.<\/p>\t\t\t\t\t\t\t\t<\/div>\n\t\t\t\t<\/div>\n\t\t\t\t<div class=\"elementor-element elementor-element-4c31d0e elementor-widget elementor-widget-heading\" data-id=\"4c31d0e\" data-element_type=\"widget\" data-e-type=\"widget\" data-widget_type=\"heading.default\">\n\t\t\t\t<div class=\"elementor-widget-container\">\n\t\t\t\t\t<h2 class=\"elementor-heading-title elementor-size-default\">La tua responsabilit\u00e0<\/h2>\t\t\t\t<\/div>\n\t\t\t\t<\/div>\n\t\t\t\t<div class=\"elementor-element elementor-element-f24350e elementor-widget elementor-widget-text-editor\" data-id=\"f24350e\" data-element_type=\"widget\" data-e-type=\"widget\" data-widget_type=\"text-editor.default\">\n\t\t\t\t<div class=\"elementor-widget-container\">\n\t\t\t\t\t\t\t\t\t<p>Accedendo o utilizzando questo sito web, accetti che tutte le decisioni di investimento siano prese a tuo rischio e pericolo. Esoneri espressamente immediateconnect.markets da qualsiasi responsabilit\u00e0 per qualsiasi perdita o danno diretto o indiretto che dovessi subire.<\/p><p>Se non sei d'accordo con una qualsiasi parte di questa esclusione di responsabilit\u00e0, devi interrompere immediatamente l'utilizzo di questo sito web.<\/p>\t\t\t\t\t\t\t\t<\/div>\n\t\t\t\t<\/div>\n\t\t\t\t\t<\/div>\n\t\t<\/div>\n\t\t\t\t\t<\/div>\n\t\t<\/section>\n\t\t\t\t<\/div>","protected":false},"excerpt":{"rendered":"<p>Disclaimer The information provided by Immediate Connect, its affiliates, contributors, authors, or partners (collectively, \u201cwe\u201d, \u201cus\u201d, or \u201cour\u201d) on this website is for general informational and educational purposes only. No Financial Advice The content on this website \u2014 including but not limited to articles, videos, analysis, market data, charts, signals, tools, and educational material \u2014 [&hellip;]<\/p>\n","protected":false},"author":1,"featured_media":0,"parent":0,"menu_order":0,"comment_status":"closed","ping_status":"closed","template":"elementor_header_footer","meta":{"footnotes":""},"class_list":["post-2003","page","type-page","status-publish","hentry"],"_links":{"self":[{"href":"https:\/\/immediateconnect.markets\/it\/wp-json\/wp\/v2\/pages\/2003","targetHints":{"allow":["GET"]}}],"collection":[{"href":"https:\/\/immediateconnect.markets\/it\/wp-json\/wp\/v2\/pages"}],"about":[{"href":"https:\/\/immediateconnect.markets\/it\/wp-json\/wp\/v2\/types\/page"}],"author":[{"embeddable":true,"href":"https:\/\/immediateconnect.markets\/it\/wp-json\/wp\/v2\/users\/1"}],"replies":[{"embeddable":true,"href":"https:\/\/immediateconnect.markets\/it\/wp-json\/wp\/v2\/comments?post=2003"}],"version-history":[{"count":7,"href":"https:\/\/immediateconnect.markets\/it\/wp-json\/wp\/v2\/pages\/2003\/revisions"}],"predecessor-version":[{"id":2011,"href":"https:\/\/immediateconnect.markets\/it\/wp-json\/wp\/v2\/pages\/2003\/revisions\/2011"}],"wp:attachment":[{"href":"https:\/\/immediateconnect.markets\/it\/wp-json\/wp\/v2\/media?parent=2003"}],"curies":[{"name":"wp","href":"https:\/\/api.w.org\/{rel}","templated":true}]}}