{"id":1556,"date":"2025-05-06T12:04:54","date_gmt":"2025-05-06T12:04:54","guid":{"rendered":"https:\/\/immediateconnect.markets\/?page_id=1556"},"modified":"2025-11-05T13:19:49","modified_gmt":"2025-11-05T13:19:49","slug":"termini-condizioni","status":"publish","type":"page","link":"https:\/\/immediateconnect.markets\/it\/terms-conditions\/","title":{"rendered":"Termini e condizioni"},"content":{"rendered":"<div data-elementor-type=\"wp-page\" data-elementor-id=\"1556\" class=\"elementor elementor-1556\" data-elementor-post-type=\"page\">\n\t\t\t\t<div class=\"elementor-element elementor-element-599b9db e-flex e-con-boxed e-con e-parent\" data-id=\"599b9db\" data-element_type=\"container\" data-e-type=\"container\">\n\t\t\t\t\t<div class=\"e-con-inner\">\n\t\t<div class=\"elementor-element elementor-element-e263f64 e-flex e-con-boxed e-con e-child\" data-id=\"e263f64\" data-element_type=\"container\" data-e-type=\"container\">\n\t\t\t\t\t<div class=\"e-con-inner\">\n\t\t\t\t<div class=\"elementor-element elementor-element-18fedf4 elementor-widget elementor-widget-heading\" data-id=\"18fedf4\" data-element_type=\"widget\" data-e-type=\"widget\" data-widget_type=\"heading.default\">\n\t\t\t\t<div class=\"elementor-widget-container\">\n\t\t\t\t\t<h1 class=\"elementor-heading-title elementor-size-default\">Termini e Condizioni<\/h1>\t\t\t\t<\/div>\n\t\t\t\t<\/div>\n\t\t\t\t\t<\/div>\n\t\t\t\t<\/div>\n\t\t<div class=\"elementor-element elementor-element-9d5788c e-flex e-con-boxed e-con e-child\" data-id=\"9d5788c\" data-element_type=\"container\" data-e-type=\"container\">\n\t\t\t\t\t<div class=\"e-con-inner\">\n\t\t\t\t<div class=\"elementor-element elementor-element-03588f0 elementor-widget elementor-widget-text-editor\" data-id=\"03588f0\" data-element_type=\"widget\" data-e-type=\"widget\" data-widget_type=\"text-editor.default\">\n\t\t\t\t<div class=\"elementor-widget-container\">\n\t\t\t\t\t\t\t\t\t<p class=\"translation-block\">, la tua destinazione principale per i segnali di trading robot automatizzati. Utilizzando i nostri servizi, l'utente accetta di essere vincolato dai seguenti termini e condizioni. Si prega di leggerli attentamente prima di procedere con eventuali transazioni o abbonamenti.<\/p>\t\t\t\t\t\t\t\t<\/div>\n\t\t\t\t<\/div>\n\t\t\t\t<div class=\"elementor-element elementor-element-d3deae9 elementor-widget elementor-widget-heading\" data-id=\"d3deae9\" data-element_type=\"widget\" data-e-type=\"widget\" data-widget_type=\"heading.default\">\n\t\t\t\t<div class=\"elementor-widget-container\">\n\t\t\t\t\t<h2 class=\"elementor-heading-title elementor-size-default\">\u0410 scopa dei termini e delle condizioni<\/h2>\t\t\t\t<\/div>\n\t\t\t\t<\/div>\n\t\t\t\t<div class=\"elementor-element elementor-element-ef00587 elementor-widget elementor-widget-text-editor\" data-id=\"ef00587\" data-element_type=\"widget\" data-e-type=\"widget\" data-widget_type=\"text-editor.default\">\n\t\t\t\t<div class=\"elementor-widget-container\">\n\t\t\t\t\t\t\t\t\t<p>Accettazione dei termini accedendo o utilizzando Connect IMMEDIATICHE Riconosci di aver letto, compreso e accettato di rispettare questi termini e condizioni. Se non sei d'accordo con nessuna parte di questi termini, non \u00e8 necessario utilizzare i nostri servizi.<br \/>Descrizione dei servizi,<b> \u00a0Immediate Connect <\/b>Fornisce robot di trading online per vari mercati finanziari. I nostri algoritmi proprietari generano trading in base all'analisi di mercato. Tuttavia, si prega di notare che le prestazioni passate non garantiscono risultati futuri e il trading comporta rischi.<\/p><p>Ammissibilit\u00e0 dell'utente Devi avere almeno 18 anni e essere legalmente idoneo a partecipare ai controlli per utilizzare i nostri servizi. Accedendo <strong>Immediate Connect<\/strong>\u00a0Confermi di soddisfare questi requisiti e di essere responsabile dell'adesione a tutte le leggi e i regolamenti applicabili nella tua giurisdizione.<\/p><p>Sovrascrizione e pagamento per accedere ai nostri segnali di trading dei robot, potrebbe essere richiesto di iscriverti a uno dei nostri piani di servizio. Le commissioni di bilancia saranno chiaramente indicate sul nostro sito Web e l'utente accetta di pagare le commissioni specificate per la durata scelta. I pagamenti non sono rimborsabili e si \u00e8 responsabile di eventuali tasse o addebiti sostenuti in relazione alle transazioni.<\/p><p>I rischi e il trading di responsabilit\u00e0 comportano rischi finanziari e, sebbene il nostro robot mira a fornire informazioni accurate, non possiamo garantire profitti o prevenire perdite. Riconosci di essere l'unico responsabile dei risultati delle tue decisioni di trading e di eventuali conseguenze finanziarie derivanti dall'uso dei nostri servizi. <strong>Immediate Connect<\/strong>\u00a0Le sue affiliate e i dipendenti non sono ritenuti responsabili per eventuali perdite subite durante l'utilizzo dei nostri servizi.<\/p><p>Uso personale solo i segnali forniti da <strong>Immediate Connect<\/strong> sono solo per uso personale. \u00c8 severamente vietato ridistribuire, rivendere o sfruttare in altro modo commercialmente i nostri segnali senza il previo consenso scritto di <strong>Immediate Connect<\/strong>.<\/p><p>L'utente si accetta di utilizzare i nostri servizi in conformit\u00e0 con tutte le leggi e i regolamenti applicabili. Non \u00e8 necessario impegnarti in alcuna attivit\u00e0 che possa interrompere, danneggiare o compromettere la funzionalit\u00e0 di <strong>Immediate Connect<\/strong><b>\u00a0<\/b>O i suoi servizi associati.<\/p><p>Propriet\u00e0 intellettuale Tutti i contenuti, inclusi ma non limitati a loghi, marchi, testi, immagini e software utilizzati su <strong>Immediate Connect<\/strong> \u00e8 protetto dalle leggi sulla propriet\u00e0 intellettuale ed \u00e8 di propriet\u00e0 esclusiva di <strong>Immediate Connect<\/strong> o i suoi licenziatari. Non \u00e8 possibile utilizzare, riprodurre, modificare o distribuire alcun contenuto senza il nostro esplicito consenso scritto.<\/p><p>Risoluzione dei servizi <strong>Immediate Connect<\/strong><b>\u00a0<\/b>Si riserva il diritto al sospensione o alla chiusura dell'accesso ai nostri servizi in qualsiasi momento e per qualsiasi motivo, inclusa la violazione della sospensione di questi tempi e condizioni o impegnarsi in attivit\u00e0 fraudolente.<\/p><p>Emendamenti a termini<b> <strong>Immediate Connect<\/strong> <\/b>Pu\u00f2 aggiornare o modificare questi termini e condizioni in qualsiasi momento con preavviso. Continuando a utilizzare i nostri servizi dopo tali modifiche, l'utente accetta di essere vincolato dai termini e dalle condizioni aggiornati.<\/p><p>Informativa sulla privacy La tua privacy \u00e8 importante per noi. Fare riferimento alla nostra Informativa sulla privacy per capire come raccogliamo, utilizziamo e proteggiamo le tue informazioni personali.<\/p><p>La legge e le giurisdizioni e le condizioni governative sono regolate e interpretate in conformit\u00e0 con le leggi, senza i principi del conflitto di leggi. Eventuali controversie derivanti da o relative al termine della giurisdizione esclusiva del colpo di stato.<\/p><p>Il robot algoritmo di trading\u00a0<b>Richiede il software di trading MetaTrader 5 e un servizio di broker<\/b>\u00a0Per eseguire gli ordini di acquisto e vendere e fornire liquidit\u00e0 quando necessario.<\/p>\t\t\t\t\t\t\t\t<\/div>\n\t\t\t\t<\/div>\n\t\t\t\t\t<\/div>\n\t\t\t\t<\/div>\n\t\t<div class=\"elementor-element elementor-element-004bb87 e-flex e-con-boxed e-con e-child\" data-id=\"004bb87\" data-element_type=\"container\" data-e-type=\"container\">\n\t\t\t\t\t<div class=\"e-con-inner\">\n\t\t\t\t<div class=\"elementor-element elementor-element-6d06090 elementor-widget elementor-widget-text-editor\" data-id=\"6d06090\" data-element_type=\"widget\" data-e-type=\"widget\" data-widget_type=\"text-editor.default\">\n\t\t\t\t<div class=\"elementor-widget-container\">\n\t\t\t\t\t\t\t\t\t<p><b>Il cliente viene letto e accetta il terrestre e le condizioni del broker.<\/b><\/p><p>Usando <strong>Immediate Connect<\/strong>\u00a0Accetti questi termini e condizioni e non vediamo l'ora di fornirti un servizio di trading robot. In caso di domande o presenze, contattare il nostro team di assistenza clienti presso <a href=\"mailto:support@immediateconnect.markets\"><strong>support@immediateconnect.markets<\/strong><\/a><\/p>\t\t\t\t\t\t\t\t<\/div>\n\t\t\t\t<\/div>\n\t\t\t\t\t<\/div>\n\t\t\t\t<\/div>\n\t\t\t\t\t<\/div>\n\t\t\t\t<\/div>\n\t\t\t\t<\/div>","protected":false},"excerpt":{"rendered":"<p>Terms and Conditions Welcome to Immediate Connect, your premier destination for automated robot trading signals. By using our services, you agree to be bound by\u00a0 the following Terms and Conditions. Please read them carefully before proceeding with any transactions or subscriptions. \u0410\u0421\u0421\u0415\u0420\u0422ANCE OF THE TERMS AND CONDITIONS Acceptance of Terms By accessing or using \u00a0Immediate [&hellip;]<\/p>\n","protected":false},"author":1,"featured_media":0,"parent":0,"menu_order":0,"comment_status":"closed","ping_status":"closed","template":"elementor_header_footer","meta":{"footnotes":""},"class_list":["post-1556","page","type-page","status-publish","hentry"],"_links":{"self":[{"href":"https:\/\/immediateconnect.markets\/it\/wp-json\/wp\/v2\/pages\/1556","targetHints":{"allow":["GET"]}}],"collection":[{"href":"https:\/\/immediateconnect.markets\/it\/wp-json\/wp\/v2\/pages"}],"about":[{"href":"https:\/\/immediateconnect.markets\/it\/wp-json\/wp\/v2\/types\/page"}],"author":[{"embeddable":true,"href":"https:\/\/immediateconnect.markets\/it\/wp-json\/wp\/v2\/users\/1"}],"replies":[{"embeddable":true,"href":"https:\/\/immediateconnect.markets\/it\/wp-json\/wp\/v2\/comments?post=1556"}],"version-history":[{"count":13,"href":"https:\/\/immediateconnect.markets\/it\/wp-json\/wp\/v2\/pages\/1556\/revisions"}],"predecessor-version":[{"id":1932,"href":"https:\/\/immediateconnect.markets\/it\/wp-json\/wp\/v2\/pages\/1556\/revisions\/1932"}],"wp:attachment":[{"href":"https:\/\/immediateconnect.markets\/it\/wp-json\/wp\/v2\/media?parent=1556"}],"curies":[{"name":"wp","href":"https:\/\/api.w.org\/{rel}","templated":true}]}}