{"id":291,"date":"2023-08-31T11:46:51","date_gmt":"2023-08-31T11:46:51","guid":{"rendered":"https:\/\/immediateconnect.markets\/?page_id=291"},"modified":"2025-12-11T07:16:52","modified_gmt":"2025-12-11T07:16:52","slug":"korulbelul-2","status":"publish","type":"page","link":"https:\/\/immediateconnect.markets\/hu\/about\/","title":{"rendered":"K\u00f6r\u00fclbel\u00fcl"},"content":{"rendered":"<div data-elementor-type=\"wp-page\" data-elementor-id=\"291\" class=\"elementor elementor-291\" data-elementor-post-type=\"page\">\n\t\t\t\t<div class=\"elementor-element elementor-element-7a829e3 e-flex e-con-boxed e-con e-parent\" data-id=\"7a829e3\" data-element_type=\"container\" data-e-type=\"container\" data-settings=\"{&quot;background_background&quot;:&quot;classic&quot;}\">\n\t\t\t\t\t<div class=\"e-con-inner\">\n\t\t\t\t<div class=\"elementor-element elementor-element-78a6571 elementor-widget elementor-widget-heading\" data-id=\"78a6571\" data-element_type=\"widget\" data-e-type=\"widget\" data-widget_type=\"heading.default\">\n\t\t\t\t<div class=\"elementor-widget-container\">\n\t\t\t\t\t<h1 class=\"elementor-heading-title elementor-size-default\">Az azonnali csatlakoz\u00e1si keresked\u00e9sr\u0151l<\/h1>\t\t\t\t<\/div>\n\t\t\t\t<\/div>\n\t\t\t\t<div class=\"elementor-element elementor-element-a74c33d elementor-widget elementor-widget-text-editor\" data-id=\"a74c33d\" data-element_type=\"widget\" data-e-type=\"widget\" data-widget_type=\"text-editor.default\">\n\t\t\t\t<div class=\"elementor-widget-container\">\n\t\t\t\t\t\t\t\t\t<p>A keresked\u00e9si platform apr\u00f3l\u00e9kosan kidolgozott, hogy jav\u00edtsa a piaci betekint\u00e9st \u00e9s felgyors\u00edtsa keresked\u00e9si j\u00e1rtass\u00e1g\u00e1t.<\/p>\t\t\t\t\t\t\t\t<\/div>\n\t\t\t\t<\/div>\n\t\t\t\t\t<\/div>\n\t\t\t\t<\/div>\n\t\t<div class=\"elementor-element elementor-element-af7b2fd e-flex e-con-boxed e-con e-parent\" data-id=\"af7b2fd\" data-element_type=\"container\" data-e-type=\"container\">\n\t\t\t\t\t<div class=\"e-con-inner\">\n\t\t<div class=\"elementor-element elementor-element-40069e3 e-grid e-con-full e-con e-child\" data-id=\"40069e3\" data-element_type=\"container\" data-e-type=\"container\">\n\t\t\t\t<div class=\"elementor-element elementor-element-2c8ec96 elementor-view-framed elementor-position-inline-start elementor-shape-circle elementor-mobile-position-block-start elementor-widget elementor-widget-icon-box\" data-id=\"2c8ec96\" data-element_type=\"widget\" data-e-type=\"widget\" data-widget_type=\"icon-box.default\">\n\t\t\t\t<div class=\"elementor-widget-container\">\n\t\t\t\t\t\t\t<div class=\"elementor-icon-box-wrapper\">\n\n\t\t\t\t\t\t<div class=\"elementor-icon-box-icon\">\n\t\t\t\t<span  class=\"elementor-icon\">\n\t\t\t\t<i aria-hidden=\"true\" class=\"fas fa-globe\"><\/i>\t\t\t\t<\/span>\n\t\t\t<\/div>\n\t\t\t\n\t\t\t\t\t\t<div class=\"elementor-icon-box-content\">\n\n\t\t\t\t\t\t\t\t\t<h3 class=\"elementor-icon-box-title\">\n\t\t\t\t\t\t<span  >\n\t\t\t\t\t\t\tK\u00fcldet\u00e9snyilatkozat\t\t\t\t\t\t<\/span>\n\t\t\t\t\t<\/h3>\n\t\t\t\t\n\t\t\t\t\t\t\t\t\t<p class=\"elementor-icon-box-description\">\n\t\t\t\t\t\tA keresked\u0151k \u00e9s a siker k\u00f6z\u00f6tti szakad\u00e9k \u00e1thidal\u00e1sa egy olyan intuit\u00edv, testreszabhat\u00f3 platform felk\u00edn\u00e1l\u00e1s\u00e1val, amely megk\u00f6nny\u00edti, pontos\u00edtja \u00e9s magabiztoss\u00e1 teszi a digit\u00e1lis valuta keresked\u00e9st.\t\t\t\t\t<\/p>\n\t\t\t\t\n\t\t\t<\/div>\n\t\t\t\n\t\t<\/div>\n\t\t\t\t\t\t<\/div>\n\t\t\t\t<\/div>\n\t\t\t\t<div class=\"elementor-element elementor-element-19144bb elementor-view-framed elementor-position-inline-start elementor-shape-circle elementor-mobile-position-block-start elementor-widget elementor-widget-icon-box\" data-id=\"19144bb\" data-element_type=\"widget\" data-e-type=\"widget\" data-widget_type=\"icon-box.default\">\n\t\t\t\t<div class=\"elementor-widget-container\">\n\t\t\t\t\t\t\t<div class=\"elementor-icon-box-wrapper\">\n\n\t\t\t\t\t\t<div class=\"elementor-icon-box-icon\">\n\t\t\t\t<span  class=\"elementor-icon\">\n\t\t\t\t<i aria-hidden=\"true\" class=\"far fa-eye\"><\/i>\t\t\t\t<\/span>\n\t\t\t<\/div>\n\t\t\t\n\t\t\t\t\t\t<div class=\"elementor-icon-box-content\">\n\n\t\t\t\t\t\t\t\t\t<h3 class=\"elementor-icon-box-title\">\n\t\t\t\t\t\t<span  >\n\t\t\t\t\t\t\tV\u00edzi\u00f3nyilatkozat\t\t\t\t\t\t<\/span>\n\t\t\t\t\t<\/h3>\n\t\t\t\t\n\t\t\t\t\t\t\t\t\t<p class=\"elementor-icon-box-description\">\n\t\t\t\t\t\tAnnak \u00e9rdek\u00e9ben, hogy mindenki sz\u00e1m\u00e1ra el\u00e9rhet\u0151v\u00e9 tegy\u00fck a keresked\u00e9st, glob\u00e1lis vezet\u0151v\u00e9 v\u00e1lva a digit\u00e1lis valuta platformok ter\u00e9n, mik\u00f6zben k\u00e9pess\u00e9 tessz\u00fck a keresked\u0151ket arra, hogy t\u00e1j\u00e9kozott, hat\u00e1sos d\u00f6nt\u00e9seket hozzanak p\u00e9nz\u00fcgyi hat\u00e1rid\u0151s \u00fcgyleteik tekintet\u00e9ben.\n\n\n\n\n\n\n\t\t\t\t\t<\/p>\n\t\t\t\t\n\t\t\t<\/div>\n\t\t\t\n\t\t<\/div>\n\t\t\t\t\t\t<\/div>\n\t\t\t\t<\/div>\n\t\t\t\t<\/div>\n\t\t\t\t\t<\/div>\n\t\t\t\t<\/div>\n\t\t<div class=\"elementor-element elementor-element-64df027 e-flex e-con-boxed e-con e-parent\" data-id=\"64df027\" data-element_type=\"container\" data-e-type=\"container\" data-settings=\"{&quot;background_background&quot;:&quot;classic&quot;}\">\n\t\t\t\t\t<div class=\"e-con-inner\">\n\t\t<div class=\"elementor-element elementor-element-e8a5b29 e-con-full e-flex e-con e-child\" data-id=\"e8a5b29\" data-element_type=\"container\" data-e-type=\"container\">\n\t\t\t\t<div class=\"elementor-element elementor-element-e047c90 elementor-widget elementor-widget-heading\" data-id=\"e047c90\" data-element_type=\"widget\" data-e-type=\"widget\" data-widget_type=\"heading.default\">\n\t\t\t\t<div class=\"elementor-widget-container\">\n\t\t\t\t\t<h2 class=\"elementor-heading-title elementor-size-default\">Forradalmas\u00edt\u00f3 p\u00e9nz\u00fcgyi piaci keresked\u00e9s\n\n<\/h2>\t\t\t\t<\/div>\n\t\t\t\t<\/div>\n\t\t\t\t<div class=\"elementor-element elementor-element-97ce220 elementor-widget elementor-widget-text-editor\" data-id=\"97ce220\" data-element_type=\"widget\" data-e-type=\"widget\" data-widget_type=\"text-editor.default\">\n\t\t\t\t<div class=\"elementor-widget-container\">\n\t\t\t\t\t\t\t\t\t<p>Csapatunk elk\u00f6telezett amellett, hogy az \u00d6n st\u00edlus\u00e1ra szabott z\u00f6kken\u0151mentes keresked\u00e9si \u00e9lm\u00e9nyt biztos\u00edtson. Ak\u00e1r a kereskedelmi teljes\u00edtm\u00e9ny maximaliz\u00e1l\u00e1s\u00e1r\u00f3l, ak\u00e1r a piaci ismeretek b\u0151v\u00edt\u00e9s\u00e9r\u0151l van sz\u00f3, az Immediate Connect minden l\u00e9p\u00e9s\u00e9ben t\u00e1mogatja \u00d6nt.<\/p>\t\t\t\t\t\t\t\t<\/div>\n\t\t\t\t<\/div>\n\t\t\t\t<\/div>\n\t\t<div class=\"elementor-element elementor-element-5b02dfa e-con-full e-flex e-con e-child\" data-id=\"5b02dfa\" data-element_type=\"container\" data-e-type=\"container\">\n\t\t\t\t<div class=\"elementor-element elementor-element-0098a95 elementor-widget-mobile__width-initial elementor-widget elementor-widget-image\" data-id=\"0098a95\" data-element_type=\"widget\" data-e-type=\"widget\" data-widget_type=\"image.default\">\n\t\t\t\t<div class=\"elementor-widget-container\">\n\t\t\t\t\t\t\t\t\t\t\t\t\t\t\t<img fetchpriority=\"high\" decoding=\"async\" width=\"800\" height=\"689\" src=\"https:\/\/immediateconnect.markets\/wp-content\/uploads\/2025\/12\/about-app-1-1024x882.webp\" class=\"attachment-large size-large wp-image-1997\" alt=\"\" srcset=\"https:\/\/immediateconnect.markets\/wp-content\/uploads\/2025\/12\/about-app-1-1024x882.webp 1024w, https:\/\/immediateconnect.markets\/wp-content\/uploads\/2025\/12\/about-app-1-300x258.webp 300w, https:\/\/immediateconnect.markets\/wp-content\/uploads\/2025\/12\/about-app-1-768x662.webp 768w, https:\/\/immediateconnect.markets\/wp-content\/uploads\/2025\/12\/about-app-1-14x12.webp 14w, https:\/\/immediateconnect.markets\/wp-content\/uploads\/2025\/12\/about-app-1.webp 1486w\" sizes=\"(max-width: 800px) 100vw, 800px\" \/>\t\t\t\t\t\t\t\t\t\t\t\t\t\t\t<\/div>\n\t\t\t\t<\/div>\n\t\t\t\t<\/div>\n\t\t\t\t\t<\/div>\n\t\t\t\t<\/div>\n\t\t\t\t<\/div>","protected":false},"excerpt":{"rendered":"<p>About Immediate Connect Trading Trading platform meticulously crafted to enhance your market insights and expedite your trading proficiency. Mission Statement To bridge the gap between traders and success by offering an intuitive, customizable platform that promotes ease, precision, and confidence in digital currency trading. Vision Statement To make trading accessible for all, becoming a global [&hellip;]<\/p>\n","protected":false},"author":1,"featured_media":0,"parent":0,"menu_order":0,"comment_status":"closed","ping_status":"closed","template":"elementor_header_footer","meta":{"footnotes":""},"class_list":["post-291","page","type-page","status-publish","hentry"],"_links":{"self":[{"href":"https:\/\/immediateconnect.markets\/hu\/wp-json\/wp\/v2\/pages\/291","targetHints":{"allow":["GET"]}}],"collection":[{"href":"https:\/\/immediateconnect.markets\/hu\/wp-json\/wp\/v2\/pages"}],"about":[{"href":"https:\/\/immediateconnect.markets\/hu\/wp-json\/wp\/v2\/types\/page"}],"author":[{"embeddable":true,"href":"https:\/\/immediateconnect.markets\/hu\/wp-json\/wp\/v2\/users\/1"}],"replies":[{"embeddable":true,"href":"https:\/\/immediateconnect.markets\/hu\/wp-json\/wp\/v2\/comments?post=291"}],"version-history":[{"count":121,"href":"https:\/\/immediateconnect.markets\/hu\/wp-json\/wp\/v2\/pages\/291\/revisions"}],"predecessor-version":[{"id":2000,"href":"https:\/\/immediateconnect.markets\/hu\/wp-json\/wp\/v2\/pages\/291\/revisions\/2000"}],"wp:attachment":[{"href":"https:\/\/immediateconnect.markets\/hu\/wp-json\/wp\/v2\/media?parent=291"}],"curies":[{"name":"wp","href":"https:\/\/api.w.org\/{rel}","templated":true}]}}