{"id":2003,"date":"2025-12-26T10:04:32","date_gmt":"2025-12-26T10:04:32","guid":{"rendered":"https:\/\/immediateconnect.markets\/?page_id=2003"},"modified":"2025-12-26T10:21:31","modified_gmt":"2025-12-26T10:21:31","slug":"felelossegkizaras","status":"publish","type":"page","link":"https:\/\/immediateconnect.markets\/hu\/disclaimer\/","title":{"rendered":"Jogi nyilatkozat"},"content":{"rendered":"<div data-elementor-type=\"wp-page\" data-elementor-id=\"2003\" class=\"elementor elementor-2003\" data-elementor-post-type=\"page\">\n\t\t\t\t\t\t<section class=\"elementor-section elementor-top-section elementor-element elementor-element-a0d6e18 elementor-section-boxed elementor-section-height-default elementor-section-height-default\" data-id=\"a0d6e18\" data-element_type=\"section\" data-e-type=\"section\" data-settings=\"{&quot;background_background&quot;:&quot;classic&quot;}\">\n\t\t\t\t\t\t<div class=\"elementor-container elementor-column-gap-default\">\n\t\t\t\t\t<div class=\"elementor-column elementor-col-100 elementor-top-column elementor-element elementor-element-eea336f\" data-id=\"eea336f\" data-element_type=\"column\" data-e-type=\"column\">\n\t\t\t<div class=\"elementor-widget-wrap elementor-element-populated\">\n\t\t\t\t\t\t<div class=\"elementor-element elementor-element-640e365 elementor-widget elementor-widget-heading\" data-id=\"640e365\" data-element_type=\"widget\" data-e-type=\"widget\" data-widget_type=\"heading.default\">\n\t\t\t\t<div class=\"elementor-widget-container\">\n\t\t\t\t\t<h1 class=\"elementor-heading-title elementor-size-default\">Jogi nyilatkozat<\/h1>\t\t\t\t<\/div>\n\t\t\t\t<\/div>\n\t\t\t\t<div class=\"elementor-element elementor-element-f36926f elementor-widget elementor-widget-text-editor\" data-id=\"f36926f\" data-element_type=\"widget\" data-e-type=\"widget\" data-widget_type=\"text-editor.default\">\n\t\t\t\t<div class=\"elementor-widget-container\">\n\t\t\t\t\t\t\t\t\t<p class=\"translation-block\">Az <strong>Immediate Connect<\/strong>, le\u00e1nyv\u00e1llalatai, k\u00f6zrem\u0171k\u00f6d\u0151i, szerz\u0151i vagy partnerei (egy\u00fcttesen \u201emi\u201d, \u201eminket\u201d vagy \u201emi\u00e9nk\u201d) \u00e1ltal ezen a weboldalon biztos\u00edtott inform\u00e1ci\u00f3k kiz\u00e1r\u00f3lag \u00e1ltal\u00e1nos t\u00e1j\u00e9koztat\u00e1si \u00e9s oktat\u00e1si c\u00e9lokat szolg\u00e1lnak.<\/p>\t\t\t\t\t\t\t\t<\/div>\n\t\t\t\t<\/div>\n\t\t\t\t<div class=\"elementor-element elementor-element-f60410c elementor-widget elementor-widget-heading\" data-id=\"f60410c\" data-element_type=\"widget\" data-e-type=\"widget\" data-widget_type=\"heading.default\">\n\t\t\t\t<div class=\"elementor-widget-container\">\n\t\t\t\t\t<h2 class=\"elementor-heading-title elementor-size-default\">Nincs p\u00e9nz\u00fcgyi tan\u00e1csad\u00e1s<\/h2>\t\t\t\t<\/div>\n\t\t\t\t<\/div>\n\t\t\t\t<div class=\"elementor-element elementor-element-621370c elementor-widget elementor-widget-text-editor\" data-id=\"621370c\" data-element_type=\"widget\" data-e-type=\"widget\" data-widget_type=\"text-editor.default\">\n\t\t\t\t<div class=\"elementor-widget-container\">\n\t\t\t\t\t\t\t\t\t<p>A weboldalon tal\u00e1lhat\u00f3 tartalom \u2013 bele\u00e9rtve t\u00f6bbek k\u00f6z\u00f6tt a cikkeket, vide\u00f3kat, elemz\u00e9seket, piaci adatokat, grafikonokat, jelz\u00e9seket, eszk\u00f6z\u00f6ket \u00e9s oktat\u00e1si anyagokat \u2013 nem min\u0151s\u00fcl p\u00e9nz\u00fcgyi, befektet\u00e9si, jogi, ad\u00f3z\u00e1si vagy egy\u00e9b szakmai tan\u00e1csad\u00e1snak. A weboldalon tal\u00e1lhat\u00f3 inform\u00e1ci\u00f3k semmilyen form\u00e1ban nem min\u0151s\u00fclnek aj\u00e1nl\u00e1snak, felh\u00edv\u00e1snak, aj\u00e1nlatnak vagy j\u00f3v\u00e1hagy\u00e1snak b\u00e1rmilyen p\u00e9nz\u00fcgyi eszk\u00f6z, \u00e9rt\u00e9kpap\u00edr, \u00e1rucikk, valuta, digit\u00e1lis eszk\u00f6z vagy befektet\u00e9si term\u00e9k v\u00e9tel\u00e9re, elad\u00e1s\u00e1ra, tart\u00e1s\u00e1ra vagy kereskedelm\u00e9re vonatkoz\u00f3an.<\/p>\t\t\t\t\t\t\t\t<\/div>\n\t\t\t\t<\/div>\n\t\t\t\t<div class=\"elementor-element elementor-element-6ce0e62 elementor-widget elementor-widget-heading\" data-id=\"6ce0e62\" data-element_type=\"widget\" data-e-type=\"widget\" data-widget_type=\"heading.default\">\n\t\t\t\t<div class=\"elementor-widget-container\">\n\t\t\t\t\t<h2 class=\"elementor-heading-title elementor-size-default\">Kock\u00e1zatelismer\u00e9s<\/h2>\t\t\t\t<\/div>\n\t\t\t\t<\/div>\n\t\t\t\t<div class=\"elementor-element elementor-element-ca6f57a elementor-widget elementor-widget-text-editor\" data-id=\"ca6f57a\" data-element_type=\"widget\" data-e-type=\"widget\" data-widget_type=\"text-editor.default\">\n\t\t\t\t<div class=\"elementor-widget-container\">\n\t\t\t\t\t\t\t\t\t<p>A p\u00e9nz\u00fcgyi piacokon \u2013 bele\u00e9rtve a devizapiacokat (FX), a k\u00fcl\u00f6nb\u00f6zeti szerz\u0151d\u00e9seket (CFD-ket), a kriptovalut\u00e1kat, a r\u00e9szv\u00e9nyeket, az indexeket \u00e9s az egy\u00e9b sz\u00e1rmaztatott term\u00e9keket \u2013 val\u00f3 keresked\u00e9s jelent\u0151s kock\u00e1zattal j\u00e1r, \u00e9s nem minden befektet\u0151 sz\u00e1m\u00e1ra alkalmas. A m\u00faltbeli teljes\u00edtm\u00e9ny nem jelzi a j\u00f6v\u0151beni eredm\u00e9nyeket. Miel\u0151tt b\u00e1rmilyen keresked\u00e9si vagy befektet\u00e9si tev\u00e9kenys\u00e9gbe kezdene, gondosan m\u00e9rlegelje p\u00e9nz\u00fcgyi helyzet\u00e9t \u00e9s kock\u00e1zatt\u0171r\u0151 k\u00e9pess\u00e9g\u00e9t.<\/p>\t\t\t\t\t\t\t\t<\/div>\n\t\t\t\t<\/div>\n\t\t\t\t<div class=\"elementor-element elementor-element-2b5bc71 elementor-widget elementor-widget-heading\" data-id=\"2b5bc71\" data-element_type=\"widget\" data-e-type=\"widget\" data-widget_type=\"heading.default\">\n\t\t\t\t<div class=\"elementor-widget-container\">\n\t\t\t\t\t<h2 class=\"elementor-heading-title elementor-size-default\">Nincs felel\u0151ss\u00e9g<\/h2>\t\t\t\t<\/div>\n\t\t\t\t<\/div>\n\t\t\t\t<div class=\"elementor-element elementor-element-5d14b77 elementor-widget elementor-widget-text-editor\" data-id=\"5d14b77\" data-element_type=\"widget\" data-e-type=\"widget\" data-widget_type=\"text-editor.default\">\n\t\t\t\t<div class=\"elementor-widget-container\">\n\t\t\t\t\t\t\t\t\t<p>Nem v\u00e1llalunk garanci\u00e1t vagy szavatoss\u00e1got a weboldalon tal\u00e1lhat\u00f3 inform\u00e1ci\u00f3k pontoss\u00e1g\u00e1\u00e9rt, megb\u00edzhat\u00f3s\u00e1g\u00e1\u00e9rt, id\u0151szer\u0171s\u00e9g\u00e9\u00e9rt, teljess\u00e9g\u00e9\u00e9rt vagy megfelel\u0151s\u00e9g\u00e9\u00e9rt. A weboldal haszn\u00e1lat\u00e1val \u00d6n kifejezetten elfogadja, hogy:<\/p><ul><li><p class=\"translation-block\">Az <strong>Immediate Connect<\/strong>, annak tulajdonosai, alkalmazottai, alv\u00e1llalkoz\u00f3i, tisztvisel\u0151i \u00e9s partnerei <strong>nem felel\u0151sek semmilyen vesztes\u00e9g\u00e9rt, k\u00e1r\u00e9rt, k\u00f6lts\u00e9g\u00e9rt vagy kiad\u00e1s\u00e9rt<\/strong>, amely k\u00f6zvetlen\u00fcl vagy k\u00f6zvetve a webhely haszn\u00e1lat\u00e1b\u00f3l vagy annak tartalm\u00e1ra val\u00f3 t\u00e1maszkod\u00e1sb\u00f3l ered;<\/p><\/li><li><p>Minden felel\u0151ss\u00e9get v\u00e1llalsz a d\u00f6nt\u00e9seid\u00e9rt, keresked\u00e9seid\u00e9rt, strat\u00e9gi\u00e1id\u00e9rt \u00e9s eredm\u00e9nyeid\u00e9rt.<\/p><\/li><\/ul>\t\t\t\t\t\t\t\t<\/div>\n\t\t\t\t<\/div>\n\t\t\t\t<div class=\"elementor-element elementor-element-936a3bc elementor-widget elementor-widget-heading\" data-id=\"936a3bc\" data-element_type=\"widget\" data-e-type=\"widget\" data-widget_type=\"heading.default\">\n\t\t\t\t<div class=\"elementor-widget-container\">\n\t\t\t\t\t<h2 class=\"elementor-heading-title elementor-size-default\">F\u00fcggetlen ellen\u0151rz\u00e9s<\/h2>\t\t\t\t<\/div>\n\t\t\t\t<\/div>\n\t\t\t\t<div class=\"elementor-element elementor-element-7494217 elementor-widget elementor-widget-text-editor\" data-id=\"7494217\" data-element_type=\"widget\" data-e-type=\"widget\" data-widget_type=\"text-editor.default\">\n\t\t\t\t<div class=\"elementor-widget-container\">\n\t\t\t\t\t\t\t\t\t<p>Miel\u0151tt b\u00e1rmilyen int\u00e9zked\u00e9st megtenn\u00e9l az inform\u00e1ci\u00f3k alapj\u00e1n, f\u00fcggetlen\u00fcl ellen\u0151rizned kell az \u00f6sszes inform\u00e1ci\u00f3t. Ez mag\u00e1ban foglalja adott esetben egy enged\u00e9llyel rendelkez\u0151 p\u00e9nz\u00fcgyi, ad\u00f3z\u00e1si vagy jogi szakemberrel val\u00f3 konzult\u00e1ci\u00f3t.<\/p>\t\t\t\t\t\t\t\t<\/div>\n\t\t\t\t<\/div>\n\t\t\t\t<div class=\"elementor-element elementor-element-c5b71e7 elementor-widget elementor-widget-heading\" data-id=\"c5b71e7\" data-element_type=\"widget\" data-e-type=\"widget\" data-widget_type=\"heading.default\">\n\t\t\t\t<div class=\"elementor-widget-container\">\n\t\t\t\t\t<h2 class=\"elementor-heading-title elementor-size-default\">Nincsenek garanci\u00e1k<\/h2>\t\t\t\t<\/div>\n\t\t\t\t<\/div>\n\t\t\t\t<div class=\"elementor-element elementor-element-44c6f47 elementor-widget elementor-widget-text-editor\" data-id=\"44c6f47\" data-element_type=\"widget\" data-e-type=\"widget\" data-widget_type=\"text-editor.default\">\n\t\t\t\t<div class=\"elementor-widget-container\">\n\t\t\t\t\t\t\t\t\t<p>Nem garant\u00e1ljuk a profitot, az adatok pontoss\u00e1g\u00e1t, a tartalom teljess\u00e9g\u00e9t vagy a webhelyhez val\u00f3 zavartalan hozz\u00e1f\u00e9r\u00e9st. Technikai probl\u00e9m\u00e1k, hib\u00e1k, hi\u00e1nyoss\u00e1gok \u00e9s elavult inform\u00e1ci\u00f3k el\u0151fordulhatnak.<\/p>\t\t\t\t\t\t\t\t<\/div>\n\t\t\t\t<\/div>\n\t\t\t\t<div class=\"elementor-element elementor-element-80c1720 elementor-widget elementor-widget-heading\" data-id=\"80c1720\" data-element_type=\"widget\" data-e-type=\"widget\" data-widget_type=\"heading.default\">\n\t\t\t\t<div class=\"elementor-widget-container\">\n\t\t\t\t\t<h2 class=\"elementor-heading-title elementor-size-default\">K\u00fcls\u0151 linkek<\/h2>\t\t\t\t<\/div>\n\t\t\t\t<\/div>\n\t\t\t\t<div class=\"elementor-element elementor-element-7ec9aa7 elementor-widget elementor-widget-text-editor\" data-id=\"7ec9aa7\" data-element_type=\"widget\" data-e-type=\"widget\" data-widget_type=\"text-editor.default\">\n\t\t\t\t<div class=\"elementor-widget-container\">\n\t\t\t\t\t\t\t\t\t<p><strong>Immediate Connect<\/strong> harmadik f\u00e9l webhelyeire, eszk\u00f6zeire vagy szolg\u00e1ltat\u00e1saira mutat\u00f3 hivatkoz\u00e1sokat tartalmazhat (\u201eK\u00fcls\u0151 webhelyek\u201d). Ezeket a hivatkoz\u00e1sokat kiz\u00e1r\u00f3lag a k\u00e9nyelem \u00e9rdek\u00e9ben adjuk meg. Nem hagyjuk j\u00f3v\u00e1, \u00e9s nem v\u00e1llalunk felel\u0151ss\u00e9get semmilyen k\u00fcls\u0151 webhely tartalm\u00e1\u00e9rt, pontoss\u00e1g\u00e1\u00e9rt vagy gyakorlat\u00e1\u00e9rt.<\/p>\t\t\t\t\t\t\t\t<\/div>\n\t\t\t\t<\/div>\n\t\t\t\t<div class=\"elementor-element elementor-element-4c31d0e elementor-widget elementor-widget-heading\" data-id=\"4c31d0e\" data-element_type=\"widget\" data-e-type=\"widget\" data-widget_type=\"heading.default\">\n\t\t\t\t<div class=\"elementor-widget-container\">\n\t\t\t\t\t<h2 class=\"elementor-heading-title elementor-size-default\">Az \u00d6n felel\u0151ss\u00e9ge<\/h2>\t\t\t\t<\/div>\n\t\t\t\t<\/div>\n\t\t\t\t<div class=\"elementor-element elementor-element-f24350e elementor-widget elementor-widget-text-editor\" data-id=\"f24350e\" data-element_type=\"widget\" data-e-type=\"widget\" data-widget_type=\"text-editor.default\">\n\t\t\t\t<div class=\"elementor-widget-container\">\n\t\t\t\t\t\t\t\t\t<p>A weboldal el\u00e9r\u00e9s\u00e9vel vagy haszn\u00e1lat\u00e1val \u00d6n elfogadja, hogy minden befektet\u00e9si d\u00f6nt\u00e9st saj\u00e1t felel\u0151ss\u00e9g\u00e9re hoz. \u00d6n kifejezetten mentes\u00edti az immediateconnect.markets-et minden felel\u0151ss\u00e9g al\u00f3l az \u00d6n \u00e1ltal elszenvedett k\u00f6zvetlen vagy k\u00f6zvetett vesztes\u00e9g\u00e9rt vagy k\u00e1r\u00e9rt.<\/p><p>Ha nem \u00e9rt egyet a jelen nyilatkozat b\u00e1rmely r\u00e9sz\u00e9vel, azonnal abba kell hagynia a weboldal haszn\u00e1lat\u00e1t.<\/p>\t\t\t\t\t\t\t\t<\/div>\n\t\t\t\t<\/div>\n\t\t\t\t\t<\/div>\n\t\t<\/div>\n\t\t\t\t\t<\/div>\n\t\t<\/section>\n\t\t\t\t<\/div>","protected":false},"excerpt":{"rendered":"<p>Disclaimer The information provided by Immediate Connect, its affiliates, contributors, authors, or partners (collectively, \u201cwe\u201d, \u201cus\u201d, or \u201cour\u201d) on this website is for general informational and educational purposes only. No Financial Advice The content on this website \u2014 including but not limited to articles, videos, analysis, market data, charts, signals, tools, and educational material \u2014 [&hellip;]<\/p>\n","protected":false},"author":1,"featured_media":0,"parent":0,"menu_order":0,"comment_status":"closed","ping_status":"closed","template":"elementor_header_footer","meta":{"footnotes":""},"class_list":["post-2003","page","type-page","status-publish","hentry"],"_links":{"self":[{"href":"https:\/\/immediateconnect.markets\/hu\/wp-json\/wp\/v2\/pages\/2003","targetHints":{"allow":["GET"]}}],"collection":[{"href":"https:\/\/immediateconnect.markets\/hu\/wp-json\/wp\/v2\/pages"}],"about":[{"href":"https:\/\/immediateconnect.markets\/hu\/wp-json\/wp\/v2\/types\/page"}],"author":[{"embeddable":true,"href":"https:\/\/immediateconnect.markets\/hu\/wp-json\/wp\/v2\/users\/1"}],"replies":[{"embeddable":true,"href":"https:\/\/immediateconnect.markets\/hu\/wp-json\/wp\/v2\/comments?post=2003"}],"version-history":[{"count":7,"href":"https:\/\/immediateconnect.markets\/hu\/wp-json\/wp\/v2\/pages\/2003\/revisions"}],"predecessor-version":[{"id":2011,"href":"https:\/\/immediateconnect.markets\/hu\/wp-json\/wp\/v2\/pages\/2003\/revisions\/2011"}],"wp:attachment":[{"href":"https:\/\/immediateconnect.markets\/hu\/wp-json\/wp\/v2\/media?parent=2003"}],"curies":[{"name":"wp","href":"https:\/\/api.w.org\/{rel}","templated":true}]}}