{"id":1556,"date":"2025-05-06T12:04:54","date_gmt":"2025-05-06T12:04:54","guid":{"rendered":"https:\/\/immediateconnect.markets\/?page_id=1556"},"modified":"2025-11-05T13:19:49","modified_gmt":"2025-11-05T13:19:49","slug":"feltetelek","status":"publish","type":"page","link":"https:\/\/immediateconnect.markets\/hu\/terms-conditions\/","title":{"rendered":"\u00c1ltal\u00e1nos Szerz\u0151d\u00e9si Felt\u00e9telek"},"content":{"rendered":"<div data-elementor-type=\"wp-page\" data-elementor-id=\"1556\" class=\"elementor elementor-1556\" data-elementor-post-type=\"page\">\n\t\t\t\t<div class=\"elementor-element elementor-element-599b9db e-flex e-con-boxed e-con e-parent\" data-id=\"599b9db\" data-element_type=\"container\" data-e-type=\"container\">\n\t\t\t\t\t<div class=\"e-con-inner\">\n\t\t<div class=\"elementor-element elementor-element-e263f64 e-flex e-con-boxed e-con e-child\" data-id=\"e263f64\" data-element_type=\"container\" data-e-type=\"container\">\n\t\t\t\t\t<div class=\"e-con-inner\">\n\t\t\t\t<div class=\"elementor-element elementor-element-18fedf4 elementor-widget elementor-widget-heading\" data-id=\"18fedf4\" data-element_type=\"widget\" data-e-type=\"widget\" data-widget_type=\"heading.default\">\n\t\t\t\t<div class=\"elementor-widget-container\">\n\t\t\t\t\t<h1 class=\"elementor-heading-title elementor-size-default\">Felt\u00e9telek<\/h1>\t\t\t\t<\/div>\n\t\t\t\t<\/div>\n\t\t\t\t\t<\/div>\n\t\t\t\t<\/div>\n\t\t<div class=\"elementor-element elementor-element-9d5788c e-flex e-con-boxed e-con e-child\" data-id=\"9d5788c\" data-element_type=\"container\" data-e-type=\"container\">\n\t\t\t\t\t<div class=\"e-con-inner\">\n\t\t\t\t<div class=\"elementor-element elementor-element-03588f0 elementor-widget elementor-widget-text-editor\" data-id=\"03588f0\" data-element_type=\"widget\" data-e-type=\"widget\" data-widget_type=\"text-editor.default\">\n\t\t\t\t<div class=\"elementor-widget-container\">\n\t\t\t\t\t\t\t\t\t<p class=\"translation-block\">, az automatiz\u00e1lt robotkereskedelmi jelek els\u0151dleges rendeltet\u00e9si helye. Szolg\u00e1ltat\u00e1saink haszn\u00e1lat\u00e1val v\u00e1llalja, hogy a k\u00f6vetkez\u0151 felt\u00e9telek k\u00f6telezik \u0151ket. K\u00e9rj\u00fck, figyelmesen olvassa el \u0151ket, miel\u0151tt b\u00e1rmilyen tranzakci\u00f3t vagy el\u0151fizet\u00e9st folytatna.<\/p>\t\t\t\t\t\t\t\t<\/div>\n\t\t\t\t<\/div>\n\t\t\t\t<div class=\"elementor-element elementor-element-d3deae9 elementor-widget elementor-widget-heading\" data-id=\"d3deae9\" data-element_type=\"widget\" data-e-type=\"widget\" data-widget_type=\"heading.default\">\n\t\t\t\t<div class=\"elementor-widget-container\">\n\t\t\t\t\t<h2 class=\"elementor-heading-title elementor-size-default\">A felt\u00e9telek \u00e9s felt\u00e9telek felt\u00e9telei<\/h2>\t\t\t\t<\/div>\n\t\t\t\t<\/div>\n\t\t\t\t<div class=\"elementor-element elementor-element-ef00587 elementor-widget elementor-widget-text-editor\" data-id=\"ef00587\" data-element_type=\"widget\" data-e-type=\"widget\" data-widget_type=\"text-editor.default\">\n\t\t\t\t<div class=\"elementor-widget-container\">\n\t\t\t\t\t\t\t\t\t<p>A felt\u00e9telek elfogad\u00e1sa az azonnali csatlakoz\u00e1s el\u00e9r\u00e9s\u00e9vel vagy haszn\u00e1lat\u00e1val, elismeri, hogy elolvasta, meg\u00e9rti \u00e9s v\u00e1llalja, hogy betartja ezeket a felt\u00e9teleket. Ha nem \u00e9rt egyet a jelen Felt\u00e9telek egyik r\u00e9sz\u00e9vel, akkor nem szabad haszn\u00e1lni a szolg\u00e1ltat\u00e1sainkat.<br \/>A szolg\u00e1ltat\u00e1sok le\u00edr\u00e1sa,<b> \u00a0Immediate Connect <\/b>Online keresked\u00e9si robotokat biztos\u00edt a k\u00fcl\u00f6nf\u00e9le p\u00e9nz\u00fcgyi piacok sz\u00e1m\u00e1ra. Saj\u00e1t szabadalmaztatott algoritmusaink piaci elemz\u00e9s alapj\u00e1n keresnek keresked\u00e9st. Felh\u00edvjuk azonban figyelm\u00e9t, hogy a m\u00faltbeli teljes\u00edtm\u00e9ny nem garant\u00e1lja a j\u00f6v\u0151beli eredm\u00e9nyeket, \u00e9s a kereskedelem kock\u00e1zatot jelent.<\/p><p>Felhaszn\u00e1l\u00f3i Eligilitity Legal\u00e1bb 18 \u00e9vesnek kell lennie, \u00e9s t\u00f6rv\u00e9nyesen jogosult szerz\u0151d\u00e9sek megk\u00f6t\u00e9s\u00e9re a szolg\u00e1ltat\u00e1sok ig\u00e9nybev\u00e9tel\u00e9hez. Hozz\u00e1f\u00e9r\u00e9ssel <strong>Immediate Connect<\/strong>\u00a0Meger\u0151s\u00edti, hogy megfelel ezeknek a k\u00f6vetelm\u00e9nyeknek, \u00e9s felel\u0151s a joghat\u00f3s\u00e1gban l\u00e9v\u0151 b\u00e1rmely alkalmazand\u00f3 t\u00f6rv\u00e9ny \u00e9s rendelet betart\u00e1s\u00e1\u00e9rt.<\/p><p>El\u0151fizet\u00e9s \u00e9s fizet\u00e9s a robotkereskedelmi jelek el\u00e9r\u00e9s\u00e9hez, el\u0151fordulhat, hogy feliratkozik az egyik szolg\u00e1ltat\u00e1si terv\u00fcnkre. Az el\u0151fizet\u00e9si d\u00edjakat egy\u00e9rtelm\u0171en meg kell jel\u00f6lni a weboldalunkon, \u00e9s v\u00e1llalja, hogy a v\u00e1lasztott id\u0151tartam\u00e9rt megfizeti a konkr\u00e9t d\u00edjakat. A kifizet\u00e9sek nem t\u00e9r\u00edthet\u0151k vissza, \u00e9s \u00d6n felel\u0151s a tranzakci\u00f3kkal kapcsolatban felmer\u00fclt ad\u00f3k\u00e9rt vagy d\u00edjak\u00e9rt.<\/p><p>A kock\u00e1zatok \u00e9s a felel\u0151ss\u00e9gkereskedelem p\u00e9nz\u00fcgyi kock\u00e1zatot jelent, \u00e9s b\u00e1r robotunk c\u00e9lja a pontos inform\u00e1ci\u00f3k szolg\u00e1ltat\u00e1sa, nem garant\u00e1lhatjuk a nyeres\u00e9get vagy megakad\u00e1lyozhatjuk a vesztes\u00e9geket. \u00d6n tudom\u00e1sul veszi, hogy kiz\u00e1r\u00f3lag a felel\u0151s a keresked\u00e9si d\u00f6nt\u00e9sek eredm\u00e9nyei\u00e9rt \u00e9s a szolg\u00e1ltat\u00e1sok ig\u00e9nybev\u00e9tel\u00e9b\u0151l fakad\u00f3 p\u00e9nz\u00fcgyi k\u00f6vetkezm\u00e9nyek\u00e9rt. <strong>Immediate Connect<\/strong>\u00a0Le\u00e1nyv\u00e1llalatai, \u00e9s az alkalmazottak nem v\u00e1llalhat\u00f3k felel\u0151ss\u00e9gre a szolg\u00e1ltat\u00e1sok felhaszn\u00e1l\u00f3ja sor\u00e1n felmer\u00fclt vesztes\u00e9gek\u00e9rt.<\/p><p>Szem\u00e9lyes haszn\u00e1lat csak a jelek \u00e1ltal biztos\u00edtott jelek <strong>Immediate Connect<\/strong> kiz\u00e1r\u00f3lag szem\u00e9lyes haszn\u00e1latra szolg\u00e1lnak. Szigor\u00faan tilos jeleink tov\u00e1bbterjeszt\u00e9se, viszontelad\u00e1sa vagy egy\u00e9b kereskedelmi c\u00e9l\u00fa felhaszn\u00e1l\u00e1sa a c\u00e9g el\u0151zetes \u00edr\u00e1sos enged\u00e9lye n\u00e9lk\u00fcl. <strong>Immediate Connect<\/strong>.<\/p><p>Felhaszn\u00e1l\u00f3i magatart\u00e1s \u00d6n v\u00e1llalja, hogy szolg\u00e1ltat\u00e1sainkat az \u00f6sszes alkalmazand\u00f3 t\u00f6rv\u00e9nynek \u00e9s rendeletnek megfelel\u0151en haszn\u00e1lja. Nem szabad olyan tev\u00e9kenys\u00e9geket folytatnia, amelyek megzavarhatj\u00e1k, k\u00e1ros\u00edthatj\u00e1k vagy ronthatj\u00e1k a funkcionalit\u00e1st <strong>Immediate Connect<\/strong><b>\u00a0<\/b>vagy a kapcsol\u00f3d\u00f3 szolg\u00e1ltat\u00e1sok.<\/p><p>Szellemi tulajdon Minden tartalom, bele\u00e9rtve, de nem kiz\u00e1r\u00f3lag a log\u00f3kra, a v\u00e9djegyekre, a sz\u00f6vegekre, a k\u00e9pekre \u00e9s a haszn\u00e1lt szoftverekre <strong>Immediate Connect<\/strong> szellemi tulajdonjogok v\u00e9dik, \u00e9s kiz\u00e1r\u00f3lagos tulajdona <strong>Immediate Connect<\/strong> vagy annak enged\u00e9lyez\u0151i. \u00d6n kifejezett \u00edr\u00e1sbeli hozz\u00e1j\u00e1rul\u00e1sunk n\u00e9lk\u00fcl semmilyen tartalmat nem haszn\u00e1lhat fel, reproduk\u00e1lhat, m\u00f3dos\u00edthat vagy terjeszthet.<\/p><p>Szolg\u00e1ltat\u00e1sok megsz\u00fcntet\u00e9se <strong>Immediate Connect<\/strong><b>\u00a0<\/b>Fenntart\u00e1sok Az a jog, hogy b\u00e1rmikor \u00e9s b\u00e1rmilyen okb\u00f3l felf\u00fcggesztse vagy befejezze szolg\u00e1ltat\u00e1sainkhoz val\u00f3 hozz\u00e1f\u00e9r\u00e9s\u00e9t, ide\u00e9rtve a jelen \u00c1ltal\u00e1nos Szerz\u0151d\u00e9si Felt\u00e9telek megs\u00e9rt\u00e9s\u00e9t vagy a csal\u00e1rd tev\u00e9kenys\u00e9gekben val\u00f3 r\u00e9szv\u00e9telt.<\/p><p>Felt\u00e9telek m\u00f3dos\u00edt\u00e1sai<b> <strong>Immediate Connect<\/strong> <\/b>B\u00e1rmikor friss\u00edtheti vagy m\u00f3dos\u00edthatja ezeket a felt\u00e9teleket el\u0151zetes \u00e9rtes\u00edt\u00e9s n\u00e9lk\u00fcl. Az\u00e1ltal, hogy tov\u00e1bbra is haszn\u00e1lja szolg\u00e1ltat\u00e1sainkat az ilyen v\u00e1ltoz\u00e1sok ut\u00e1n, v\u00e1llalja, hogy k\u00f6telezi a friss\u00edtett felt\u00e9teleket.<\/p><p>Adatv\u00e9delmi politika Az \u00d6n adatv\u00e9delme fontos sz\u00e1munkra. K\u00e9rj\u00fck, olvassa el adatv\u00e9delmi politik\u00e1nkat, hogy meg\u00e9rtse, hogyan gy\u0171jtj\u00fck, haszn\u00e1ljuk \u00e9s megv\u00e9dj\u00fck szem\u00e9lyes adatait.<\/p><p>A korm\u00e1nyzati t\u00f6rv\u00e9nyt \u00e9s a joghat\u00f3s\u00e1got. Ezeket a felt\u00e9teleket a t\u00f6rv\u00e9nyek \u00e1ltal a t\u00f6rv\u00e9nyek alapelveinek figyelembev\u00e9tele \u00e9s a t\u00f6rv\u00e9nyekkel \u00f6sszhangban kell meghat\u00e1rozni \u00e9s \u00e9rtelmezni. A jelen Felt\u00e9telekb\u0151l sz\u00e1rmaz\u00f3 vagy azzal kapcsolatos vit\u00e1kra a b\u00edr\u00f3s\u00e1gok kiz\u00e1r\u00f3lagos joghat\u00f3s\u00e1ga al\u00e1 tartozik.<\/p><p>A keresked\u00e9si algoritmus robot\u00a0<b>Sz\u00fcks\u00e9ge van a Metatrader 5 keresked\u00e9si szoftverre \u00e9s a br\u00f3ker szolg\u00e1ltat\u00e1sra<\/b>\u00a0A v\u00e1s\u00e1rl\u00e1si \u00e9s elad\u00e1si megrendel\u00e9sek v\u00e9grehajt\u00e1sa, valamint sz\u00fcks\u00e9g eset\u00e9n likvidit\u00e1st biztos\u00edtani.<\/p>\t\t\t\t\t\t\t\t<\/div>\n\t\t\t\t<\/div>\n\t\t\t\t\t<\/div>\n\t\t\t\t<\/div>\n\t\t<div class=\"elementor-element elementor-element-004bb87 e-flex e-con-boxed e-con e-child\" data-id=\"004bb87\" data-element_type=\"container\" data-e-type=\"container\">\n\t\t\t\t\t<div class=\"e-con-inner\">\n\t\t\t\t<div class=\"elementor-element elementor-element-6d06090 elementor-widget elementor-widget-text-editor\" data-id=\"6d06090\" data-element_type=\"widget\" data-e-type=\"widget\" data-widget_type=\"text-editor.default\">\n\t\t\t\t<div class=\"elementor-widget-container\">\n\t\t\t\t\t\t\t\t\t<p><b>Az \u00fcgyf\u00e9lnek el kell olvasnia \u00e9s el kell fogadnia a br\u00f3ker felt\u00e9teleit.<\/b><\/p><p>Felhaszn\u00e1l\u00e1s\u00e1val <strong>Immediate Connect<\/strong>\u00a0\u00d6n elfogadja ezeket a felt\u00e9teleket, \u00e9s v\u00e1rjuk, hogy robotkereskedelmi szolg\u00e1ltat\u00e1st ny\u00fajtson \u00d6nnek. Ha b\u00e1rmilyen k\u00e9rd\u00e9se vagy probl\u00e9m\u00e1ja van, k\u00e9rj\u00fck, vegye fel a kapcsolatot az \u00fcgyf\u00e9lszolg\u00e1lati csapatunkkal a <a href=\"mailto:support@immediateconnect.markets\"><strong>support@immediateconnect.markets<\/strong><\/a><\/p>\t\t\t\t\t\t\t\t<\/div>\n\t\t\t\t<\/div>\n\t\t\t\t\t<\/div>\n\t\t\t\t<\/div>\n\t\t\t\t\t<\/div>\n\t\t\t\t<\/div>\n\t\t\t\t<\/div>","protected":false},"excerpt":{"rendered":"<p>Terms and Conditions Welcome to Immediate Connect, your premier destination for automated robot trading signals. By using our services, you agree to be bound by\u00a0 the following Terms and Conditions. Please read them carefully before proceeding with any transactions or subscriptions. \u0410\u0421\u0421\u0415\u0420\u0422ANCE OF THE TERMS AND CONDITIONS Acceptance of Terms By accessing or using \u00a0Immediate [&hellip;]<\/p>\n","protected":false},"author":1,"featured_media":0,"parent":0,"menu_order":0,"comment_status":"closed","ping_status":"closed","template":"elementor_header_footer","meta":{"footnotes":""},"class_list":["post-1556","page","type-page","status-publish","hentry"],"_links":{"self":[{"href":"https:\/\/immediateconnect.markets\/hu\/wp-json\/wp\/v2\/pages\/1556","targetHints":{"allow":["GET"]}}],"collection":[{"href":"https:\/\/immediateconnect.markets\/hu\/wp-json\/wp\/v2\/pages"}],"about":[{"href":"https:\/\/immediateconnect.markets\/hu\/wp-json\/wp\/v2\/types\/page"}],"author":[{"embeddable":true,"href":"https:\/\/immediateconnect.markets\/hu\/wp-json\/wp\/v2\/users\/1"}],"replies":[{"embeddable":true,"href":"https:\/\/immediateconnect.markets\/hu\/wp-json\/wp\/v2\/comments?post=1556"}],"version-history":[{"count":13,"href":"https:\/\/immediateconnect.markets\/hu\/wp-json\/wp\/v2\/pages\/1556\/revisions"}],"predecessor-version":[{"id":1932,"href":"https:\/\/immediateconnect.markets\/hu\/wp-json\/wp\/v2\/pages\/1556\/revisions\/1932"}],"wp:attachment":[{"href":"https:\/\/immediateconnect.markets\/hu\/wp-json\/wp\/v2\/media?parent=1556"}],"curies":[{"name":"wp","href":"https:\/\/api.w.org\/{rel}","templated":true}]}}