{"id":291,"date":"2023-08-31T11:46:51","date_gmt":"2023-08-31T11:46:51","guid":{"rendered":"https:\/\/immediateconnect.markets\/?page_id=291"},"modified":"2025-12-11T07:16:52","modified_gmt":"2025-12-11T07:16:52","slug":"a-propos","status":"publish","type":"page","link":"https:\/\/immediateconnect.markets\/fr\/about\/","title":{"rendered":"About"},"content":{"rendered":"<div data-elementor-type=\"wp-page\" data-elementor-id=\"291\" class=\"elementor elementor-291\" data-elementor-post-type=\"page\">\n\t\t\t\t<div class=\"elementor-element elementor-element-7a829e3 e-flex e-con-boxed e-con e-parent\" data-id=\"7a829e3\" data-element_type=\"container\" data-e-type=\"container\" data-settings=\"{&quot;background_background&quot;:&quot;classic&quot;}\">\n\t\t\t\t\t<div class=\"e-con-inner\">\n\t\t\t\t<div class=\"elementor-element elementor-element-78a6571 elementor-widget elementor-widget-heading\" data-id=\"78a6571\" data-element_type=\"widget\" data-e-type=\"widget\" data-widget_type=\"heading.default\">\n\t\t\t\t<div class=\"elementor-widget-container\">\n\t\t\t\t\t<h1 class=\"elementor-heading-title elementor-size-default\">\u00c0 propos d'Immediate Connect Trading<\/h1>\t\t\t\t<\/div>\n\t\t\t\t<\/div>\n\t\t\t\t<div class=\"elementor-element elementor-element-a74c33d elementor-widget elementor-widget-text-editor\" data-id=\"a74c33d\" data-element_type=\"widget\" data-e-type=\"widget\" data-widget_type=\"text-editor.default\">\n\t\t\t\t<div class=\"elementor-widget-container\">\n\t\t\t\t\t\t\t\t\t<p>Plateforme de trading con\u00e7ue avec soin pour am\u00e9liorer votre compr\u00e9hension du march\u00e9 et acc\u00e9l\u00e9rer votre progression en trading.<\/p>\t\t\t\t\t\t\t\t<\/div>\n\t\t\t\t<\/div>\n\t\t\t\t\t<\/div>\n\t\t\t\t<\/div>\n\t\t<div class=\"elementor-element elementor-element-af7b2fd e-flex e-con-boxed e-con e-parent\" data-id=\"af7b2fd\" data-element_type=\"container\" data-e-type=\"container\">\n\t\t\t\t\t<div class=\"e-con-inner\">\n\t\t<div class=\"elementor-element elementor-element-40069e3 e-grid e-con-full e-con e-child\" data-id=\"40069e3\" data-element_type=\"container\" data-e-type=\"container\">\n\t\t\t\t<div class=\"elementor-element elementor-element-2c8ec96 elementor-view-framed elementor-position-inline-start elementor-shape-circle elementor-mobile-position-block-start elementor-widget elementor-widget-icon-box\" data-id=\"2c8ec96\" data-element_type=\"widget\" data-e-type=\"widget\" data-widget_type=\"icon-box.default\">\n\t\t\t\t<div class=\"elementor-widget-container\">\n\t\t\t\t\t\t\t<div class=\"elementor-icon-box-wrapper\">\n\n\t\t\t\t\t\t<div class=\"elementor-icon-box-icon\">\n\t\t\t\t<span  class=\"elementor-icon\">\n\t\t\t\t<i aria-hidden=\"true\" class=\"fas fa-globe\"><\/i>\t\t\t\t<\/span>\n\t\t\t<\/div>\n\t\t\t\n\t\t\t\t\t\t<div class=\"elementor-icon-box-content\">\n\n\t\t\t\t\t\t\t\t\t<h3 class=\"elementor-icon-box-title\">\n\t\t\t\t\t\t<span  >\n\t\t\t\t\t\t\tD\u00e9claration de mission\t\t\t\t\t\t<\/span>\n\t\t\t\t\t<\/h3>\n\t\t\t\t\n\t\t\t\t\t\t\t\t\t<p class=\"elementor-icon-box-description\">\n\t\t\t\t\t\tCombler le foss\u00e9 entre les traders et le succ\u00e8s en offrant une plateforme intuitive et personnalisable qui favorise la facilit\u00e9, la pr\u00e9cision et la confiance dans le trading de cryptomonnaies.\t\t\t\t\t<\/p>\n\t\t\t\t\n\t\t\t<\/div>\n\t\t\t\n\t\t<\/div>\n\t\t\t\t\t\t<\/div>\n\t\t\t\t<\/div>\n\t\t\t\t<div class=\"elementor-element elementor-element-19144bb elementor-view-framed elementor-position-inline-start elementor-shape-circle elementor-mobile-position-block-start elementor-widget elementor-widget-icon-box\" data-id=\"19144bb\" data-element_type=\"widget\" data-e-type=\"widget\" data-widget_type=\"icon-box.default\">\n\t\t\t\t<div class=\"elementor-widget-container\">\n\t\t\t\t\t\t\t<div class=\"elementor-icon-box-wrapper\">\n\n\t\t\t\t\t\t<div class=\"elementor-icon-box-icon\">\n\t\t\t\t<span  class=\"elementor-icon\">\n\t\t\t\t<i aria-hidden=\"true\" class=\"far fa-eye\"><\/i>\t\t\t\t<\/span>\n\t\t\t<\/div>\n\t\t\t\n\t\t\t\t\t\t<div class=\"elementor-icon-box-content\">\n\n\t\t\t\t\t\t\t\t\t<h3 class=\"elementor-icon-box-title\">\n\t\t\t\t\t\t<span  >\n\t\t\t\t\t\t\t\u00c9nonc\u00e9 de vision\t\t\t\t\t\t<\/span>\n\t\t\t\t\t<\/h3>\n\t\t\t\t\n\t\t\t\t\t\t\t\t\t<p class=\"elementor-icon-box-description\">\n\t\t\t\t\t\tRendre le trading accessible \u00e0 tous, devenir un leader mondial des plateformes de monnaies num\u00e9riques tout en donnant aux traders les moyens de prendre des d\u00e9cisions \u00e9clair\u00e9es et efficaces pour leur avenir financier.\n\n\n\n\n\n\n\t\t\t\t\t<\/p>\n\t\t\t\t\n\t\t\t<\/div>\n\t\t\t\n\t\t<\/div>\n\t\t\t\t\t\t<\/div>\n\t\t\t\t<\/div>\n\t\t\t\t<\/div>\n\t\t\t\t\t<\/div>\n\t\t\t\t<\/div>\n\t\t<div class=\"elementor-element elementor-element-64df027 e-flex e-con-boxed e-con e-parent\" data-id=\"64df027\" data-element_type=\"container\" data-e-type=\"container\" data-settings=\"{&quot;background_background&quot;:&quot;classic&quot;}\">\n\t\t\t\t\t<div class=\"e-con-inner\">\n\t\t<div class=\"elementor-element elementor-element-e8a5b29 e-con-full e-flex e-con e-child\" data-id=\"e8a5b29\" data-element_type=\"container\" data-e-type=\"container\">\n\t\t\t\t<div class=\"elementor-element elementor-element-e047c90 elementor-widget elementor-widget-heading\" data-id=\"e047c90\" data-element_type=\"widget\" data-e-type=\"widget\" data-widget_type=\"heading.default\">\n\t\t\t\t<div class=\"elementor-widget-container\">\n\t\t\t\t\t<h2 class=\"elementor-heading-title elementor-size-default\">R\u00e9volutionner le trading sur les march\u00e9s financiers\n\n<\/h2>\t\t\t\t<\/div>\n\t\t\t\t<\/div>\n\t\t\t\t<div class=\"elementor-element elementor-element-97ce220 elementor-widget elementor-widget-text-editor\" data-id=\"97ce220\" data-element_type=\"widget\" data-e-type=\"widget\" data-widget_type=\"text-editor.default\">\n\t\t\t\t<div class=\"elementor-widget-container\">\n\t\t\t\t\t\t\t\t\t<p>Notre \u00e9quipe s'engage \u00e0 vous offrir une exp\u00e9rience de trading fluide et personnalis\u00e9e. Que ce soit pour optimiser vos r\u00e9sultats ou approfondir vos connaissances des march\u00e9s, Immediate Connect vous accompagne \u00e0 chaque \u00e9tape.<\/p>\t\t\t\t\t\t\t\t<\/div>\n\t\t\t\t<\/div>\n\t\t\t\t<\/div>\n\t\t<div class=\"elementor-element elementor-element-5b02dfa e-con-full e-flex e-con e-child\" data-id=\"5b02dfa\" data-element_type=\"container\" data-e-type=\"container\">\n\t\t\t\t<div class=\"elementor-element elementor-element-0098a95 elementor-widget-mobile__width-initial elementor-widget elementor-widget-image\" data-id=\"0098a95\" data-element_type=\"widget\" data-e-type=\"widget\" data-widget_type=\"image.default\">\n\t\t\t\t<div class=\"elementor-widget-container\">\n\t\t\t\t\t\t\t\t\t\t\t\t\t\t\t<img fetchpriority=\"high\" decoding=\"async\" width=\"800\" height=\"689\" src=\"https:\/\/immediateconnect.markets\/wp-content\/uploads\/2025\/12\/about-app-1-1024x882.webp\" class=\"attachment-large size-large wp-image-1997\" alt=\"\" srcset=\"https:\/\/immediateconnect.markets\/wp-content\/uploads\/2025\/12\/about-app-1-1024x882.webp 1024w, https:\/\/immediateconnect.markets\/wp-content\/uploads\/2025\/12\/about-app-1-300x258.webp 300w, https:\/\/immediateconnect.markets\/wp-content\/uploads\/2025\/12\/about-app-1-768x662.webp 768w, https:\/\/immediateconnect.markets\/wp-content\/uploads\/2025\/12\/about-app-1-14x12.webp 14w, https:\/\/immediateconnect.markets\/wp-content\/uploads\/2025\/12\/about-app-1.webp 1486w\" sizes=\"(max-width: 800px) 100vw, 800px\" \/>\t\t\t\t\t\t\t\t\t\t\t\t\t\t\t<\/div>\n\t\t\t\t<\/div>\n\t\t\t\t<\/div>\n\t\t\t\t\t<\/div>\n\t\t\t\t<\/div>\n\t\t\t\t<\/div>","protected":false},"excerpt":{"rendered":"<p>About Immediate Connect Trading Trading platform meticulously crafted to enhance your market insights and expedite your trading proficiency. Mission Statement To bridge the gap between traders and success by offering an intuitive, customizable platform that promotes ease, precision, and confidence in digital currency trading. Vision Statement To make trading accessible for all, becoming a global [&hellip;]<\/p>\n","protected":false},"author":1,"featured_media":0,"parent":0,"menu_order":0,"comment_status":"closed","ping_status":"closed","template":"elementor_header_footer","meta":{"footnotes":""},"class_list":["post-291","page","type-page","status-publish","hentry"],"_links":{"self":[{"href":"https:\/\/immediateconnect.markets\/fr\/wp-json\/wp\/v2\/pages\/291","targetHints":{"allow":["GET"]}}],"collection":[{"href":"https:\/\/immediateconnect.markets\/fr\/wp-json\/wp\/v2\/pages"}],"about":[{"href":"https:\/\/immediateconnect.markets\/fr\/wp-json\/wp\/v2\/types\/page"}],"author":[{"embeddable":true,"href":"https:\/\/immediateconnect.markets\/fr\/wp-json\/wp\/v2\/users\/1"}],"replies":[{"embeddable":true,"href":"https:\/\/immediateconnect.markets\/fr\/wp-json\/wp\/v2\/comments?post=291"}],"version-history":[{"count":121,"href":"https:\/\/immediateconnect.markets\/fr\/wp-json\/wp\/v2\/pages\/291\/revisions"}],"predecessor-version":[{"id":2000,"href":"https:\/\/immediateconnect.markets\/fr\/wp-json\/wp\/v2\/pages\/291\/revisions\/2000"}],"wp:attachment":[{"href":"https:\/\/immediateconnect.markets\/fr\/wp-json\/wp\/v2\/media?parent=291"}],"curies":[{"name":"wp","href":"https:\/\/api.w.org\/{rel}","templated":true}]}}