{"id":2003,"date":"2025-12-26T10:04:32","date_gmt":"2025-12-26T10:04:32","guid":{"rendered":"https:\/\/immediateconnect.markets\/?page_id=2003"},"modified":"2025-12-26T10:21:31","modified_gmt":"2025-12-26T10:21:31","slug":"clause-de-non-responsabilite","status":"publish","type":"page","link":"https:\/\/immediateconnect.markets\/fr\/disclaimer\/","title":{"rendered":"Clause de non-responsabilit\u00e9"},"content":{"rendered":"<div data-elementor-type=\"wp-page\" data-elementor-id=\"2003\" class=\"elementor elementor-2003\" data-elementor-post-type=\"page\">\n\t\t\t\t\t\t<section class=\"elementor-section elementor-top-section elementor-element elementor-element-a0d6e18 elementor-section-boxed elementor-section-height-default elementor-section-height-default\" data-id=\"a0d6e18\" data-element_type=\"section\" data-e-type=\"section\" data-settings=\"{&quot;background_background&quot;:&quot;classic&quot;}\">\n\t\t\t\t\t\t<div class=\"elementor-container elementor-column-gap-default\">\n\t\t\t\t\t<div class=\"elementor-column elementor-col-100 elementor-top-column elementor-element elementor-element-eea336f\" data-id=\"eea336f\" data-element_type=\"column\" data-e-type=\"column\">\n\t\t\t<div class=\"elementor-widget-wrap elementor-element-populated\">\n\t\t\t\t\t\t<div class=\"elementor-element elementor-element-640e365 elementor-widget elementor-widget-heading\" data-id=\"640e365\" data-element_type=\"widget\" data-e-type=\"widget\" data-widget_type=\"heading.default\">\n\t\t\t\t<div class=\"elementor-widget-container\">\n\t\t\t\t\t<h1 class=\"elementor-heading-title elementor-size-default\">Clause de non-responsabilit\u00e9<\/h1>\t\t\t\t<\/div>\n\t\t\t\t<\/div>\n\t\t\t\t<div class=\"elementor-element elementor-element-f36926f elementor-widget elementor-widget-text-editor\" data-id=\"f36926f\" data-element_type=\"widget\" data-e-type=\"widget\" data-widget_type=\"text-editor.default\">\n\t\t\t\t<div class=\"elementor-widget-container\">\n\t\t\t\t\t\t\t\t\t<p class=\"translation-block\">Les informations fournies par <strong>Immediate Connect<\/strong>, ses affili\u00e9s, contributeurs, auteurs ou partenaires (collectivement, \u00ab nous \u00bb, \u00ab notre \u00bb ou \u00ab nos \u00bb) sur ce site Web sont uniquement destin\u00e9es \u00e0 des fins d\u2019information g\u00e9n\u00e9rale et \u00e9ducatives.<\/p>\t\t\t\t\t\t\t\t<\/div>\n\t\t\t\t<\/div>\n\t\t\t\t<div class=\"elementor-element elementor-element-f60410c elementor-widget elementor-widget-heading\" data-id=\"f60410c\" data-element_type=\"widget\" data-e-type=\"widget\" data-widget_type=\"heading.default\">\n\t\t\t\t<div class=\"elementor-widget-container\">\n\t\t\t\t\t<h2 class=\"elementor-heading-title elementor-size-default\">Aucun conseil financier<\/h2>\t\t\t\t<\/div>\n\t\t\t\t<\/div>\n\t\t\t\t<div class=\"elementor-element elementor-element-621370c elementor-widget elementor-widget-text-editor\" data-id=\"621370c\" data-element_type=\"widget\" data-e-type=\"widget\" data-widget_type=\"text-editor.default\">\n\t\t\t\t<div class=\"elementor-widget-container\">\n\t\t\t\t\t\t\t\t\t<p>Le contenu de ce site web \u2014 notamment les articles, vid\u00e9os, analyses, donn\u00e9es de march\u00e9, graphiques, signaux, outils et ressources p\u00e9dagogiques \u2014 ne constitue en aucun cas un conseil financier, d'investissement, juridique, fiscal ou autre conseil professionnel. Rien sur ce site ne constitue une recommandation, une sollicitation, une offre ou une incitation \u00e0 acheter, vendre, d\u00e9tenir ou \u00e9changer un instrument financier, un titre, une mati\u00e8re premi\u00e8re, une devise, un actif num\u00e9rique ou un produit d'investissement.<\/p>\t\t\t\t\t\t\t\t<\/div>\n\t\t\t\t<\/div>\n\t\t\t\t<div class=\"elementor-element elementor-element-6ce0e62 elementor-widget elementor-widget-heading\" data-id=\"6ce0e62\" data-element_type=\"widget\" data-e-type=\"widget\" data-widget_type=\"heading.default\">\n\t\t\t\t<div class=\"elementor-widget-container\">\n\t\t\t\t\t<h2 class=\"elementor-heading-title elementor-size-default\">Reconnaissance des risques<\/h2>\t\t\t\t<\/div>\n\t\t\t\t<\/div>\n\t\t\t\t<div class=\"elementor-element elementor-element-ca6f57a elementor-widget elementor-widget-text-editor\" data-id=\"ca6f57a\" data-element_type=\"widget\" data-e-type=\"widget\" data-widget_type=\"text-editor.default\">\n\t\t\t\t<div class=\"elementor-widget-container\">\n\t\t\t\t\t\t\t\t\t<p>Le trading sur les march\u00e9s financiers \u2014 y compris le Forex, les CFD, les cryptomonnaies, les actions, les indices et autres produits d\u00e9riv\u00e9s \u2014 comporte des risques importants et ne convient pas \u00e0 tous les investisseurs. Les performances pass\u00e9es ne pr\u00e9jugent pas des r\u00e9sultats futurs. Vous devez examiner attentivement votre situation financi\u00e8re et votre tol\u00e9rance au risque avant de vous engager dans toute activit\u00e9 de trading ou d'investissement.<\/p>\t\t\t\t\t\t\t\t<\/div>\n\t\t\t\t<\/div>\n\t\t\t\t<div class=\"elementor-element elementor-element-2b5bc71 elementor-widget elementor-widget-heading\" data-id=\"2b5bc71\" data-element_type=\"widget\" data-e-type=\"widget\" data-widget_type=\"heading.default\">\n\t\t\t\t<div class=\"elementor-widget-container\">\n\t\t\t\t\t<h2 class=\"elementor-heading-title elementor-size-default\">Exon\u00e9ration de responsabilit\u00e9<\/h2>\t\t\t\t<\/div>\n\t\t\t\t<\/div>\n\t\t\t\t<div class=\"elementor-element elementor-element-5d14b77 elementor-widget elementor-widget-text-editor\" data-id=\"5d14b77\" data-element_type=\"widget\" data-e-type=\"widget\" data-widget_type=\"text-editor.default\">\n\t\t\t\t<div class=\"elementor-widget-container\">\n\t\t\t\t\t\t\t\t\t<p>Nous ne donnons aucune garantie quant \u00e0 l'exactitude, la fiabilit\u00e9, l'actualit\u00e9, l'exhaustivit\u00e9 ou la pertinence des informations contenues sur ce site web. En utilisant ce site, vous acceptez express\u00e9ment ce qui suit\u00a0:<\/p><ul><li><p class=\"translation-block\"><strong>Immediate Connect<\/strong>, ses propri\u00e9taires, employ\u00e9s, sous-traitants, dirigeants et partenaires ne sont <strong>pas responsables ou redevables de toute perte, dommage, co\u00fbt ou d\u00e9pense<\/strong> d\u00e9coulant directement ou indirectement de votre utilisation de ce site ou de votre confiance en son contenu\u00a0;<\/p><\/li><li><p>Vous assumez l'enti\u00e8re responsabilit\u00e9 de vos d\u00e9cisions, transactions, strat\u00e9gies et r\u00e9sultats.<\/p><\/li><\/ul>\t\t\t\t\t\t\t\t<\/div>\n\t\t\t\t<\/div>\n\t\t\t\t<div class=\"elementor-element elementor-element-936a3bc elementor-widget elementor-widget-heading\" data-id=\"936a3bc\" data-element_type=\"widget\" data-e-type=\"widget\" data-widget_type=\"heading.default\">\n\t\t\t\t<div class=\"elementor-widget-container\">\n\t\t\t\t\t<h2 class=\"elementor-heading-title elementor-size-default\">V\u00e9rification ind\u00e9pendante<\/h2>\t\t\t\t<\/div>\n\t\t\t\t<\/div>\n\t\t\t\t<div class=\"elementor-element elementor-element-7494217 elementor-widget elementor-widget-text-editor\" data-id=\"7494217\" data-element_type=\"widget\" data-e-type=\"widget\" data-widget_type=\"text-editor.default\">\n\t\t\t\t<div class=\"elementor-widget-container\">\n\t\t\t\t\t\t\t\t\t<p>Il est conseill\u00e9 de v\u00e9rifier ind\u00e9pendamment toutes les informations avant d'agir. Cela inclut, le cas \u00e9ch\u00e9ant, de consulter un professionnel agr\u00e9\u00e9 en finance, en fiscalit\u00e9 ou en droit.<\/p>\t\t\t\t\t\t\t\t<\/div>\n\t\t\t\t<\/div>\n\t\t\t\t<div class=\"elementor-element elementor-element-c5b71e7 elementor-widget elementor-widget-heading\" data-id=\"c5b71e7\" data-element_type=\"widget\" data-e-type=\"widget\" data-widget_type=\"heading.default\">\n\t\t\t\t<div class=\"elementor-widget-container\">\n\t\t\t\t\t<h2 class=\"elementor-heading-title elementor-size-default\">Aucune garantie<\/h2>\t\t\t\t<\/div>\n\t\t\t\t<\/div>\n\t\t\t\t<div class=\"elementor-element elementor-element-44c6f47 elementor-widget elementor-widget-text-editor\" data-id=\"44c6f47\" data-element_type=\"widget\" data-e-type=\"widget\" data-widget_type=\"text-editor.default\">\n\t\t\t\t<div class=\"elementor-widget-container\">\n\t\t\t\t\t\t\t\t\t<p>Nous ne garantissons ni les profits, ni l'exactitude des donn\u00e9es, ni l'exhaustivit\u00e9 du contenu, ni l'acc\u00e8s ininterrompu au site. Des probl\u00e8mes techniques, des erreurs, des omissions et des informations obsol\u00e8tes peuvent survenir.<\/p>\t\t\t\t\t\t\t\t<\/div>\n\t\t\t\t<\/div>\n\t\t\t\t<div class=\"elementor-element elementor-element-80c1720 elementor-widget elementor-widget-heading\" data-id=\"80c1720\" data-element_type=\"widget\" data-e-type=\"widget\" data-widget_type=\"heading.default\">\n\t\t\t\t<div class=\"elementor-widget-container\">\n\t\t\t\t\t<h2 class=\"elementor-heading-title elementor-size-default\">Liens externes<\/h2>\t\t\t\t<\/div>\n\t\t\t\t<\/div>\n\t\t\t\t<div class=\"elementor-element elementor-element-7ec9aa7 elementor-widget elementor-widget-text-editor\" data-id=\"7ec9aa7\" data-element_type=\"widget\" data-e-type=\"widget\" data-widget_type=\"text-editor.default\">\n\t\t\t\t<div class=\"elementor-widget-container\">\n\t\t\t\t\t\t\t\t\t<p><strong>Immediate Connect<\/strong> Ce site peut contenir des liens vers des sites web, outils ou services tiers (\u00ab\u00a0Sites externes\u00a0\u00bb). Ces liens sont fournis \u00e0 titre indicatif uniquement. Nous n\u2019approuvons ni ne sommes responsables du contenu, de l\u2019exactitude ou des pratiques des Sites externes.<\/p>\t\t\t\t\t\t\t\t<\/div>\n\t\t\t\t<\/div>\n\t\t\t\t<div class=\"elementor-element elementor-element-4c31d0e elementor-widget elementor-widget-heading\" data-id=\"4c31d0e\" data-element_type=\"widget\" data-e-type=\"widget\" data-widget_type=\"heading.default\">\n\t\t\t\t<div class=\"elementor-widget-container\">\n\t\t\t\t\t<h2 class=\"elementor-heading-title elementor-size-default\">Votre responsabilit\u00e9<\/h2>\t\t\t\t<\/div>\n\t\t\t\t<\/div>\n\t\t\t\t<div class=\"elementor-element elementor-element-f24350e elementor-widget elementor-widget-text-editor\" data-id=\"f24350e\" data-element_type=\"widget\" data-e-type=\"widget\" data-widget_type=\"text-editor.default\">\n\t\t\t\t<div class=\"elementor-widget-container\">\n\t\t\t\t\t\t\t\t\t<p>En acc\u00e9dant \u00e0 ce site web ou en l'utilisant, vous acceptez que toutes les d\u00e9cisions d'investissement soient prises \u00e0 vos propres risques. Vous d\u00e9gagez express\u00e9ment immediateconnect.markets de toute responsabilit\u00e9 pour tout dommage ou perte, direct ou indirect, que vous pourriez subir.<\/p><p>Si vous n'acceptez pas l'une quelconque des clauses de cette clause de non-responsabilit\u00e9, vous devez cesser imm\u00e9diatement d'utiliser ce site Web.<\/p>\t\t\t\t\t\t\t\t<\/div>\n\t\t\t\t<\/div>\n\t\t\t\t\t<\/div>\n\t\t<\/div>\n\t\t\t\t\t<\/div>\n\t\t<\/section>\n\t\t\t\t<\/div>","protected":false},"excerpt":{"rendered":"<p>Disclaimer The information provided by Immediate Connect, its affiliates, contributors, authors, or partners (collectively, \u201cwe\u201d, \u201cus\u201d, or \u201cour\u201d) on this website is for general informational and educational purposes only. No Financial Advice The content on this website \u2014 including but not limited to articles, videos, analysis, market data, charts, signals, tools, and educational material \u2014 [&hellip;]<\/p>\n","protected":false},"author":1,"featured_media":0,"parent":0,"menu_order":0,"comment_status":"closed","ping_status":"closed","template":"elementor_header_footer","meta":{"footnotes":""},"class_list":["post-2003","page","type-page","status-publish","hentry"],"_links":{"self":[{"href":"https:\/\/immediateconnect.markets\/fr\/wp-json\/wp\/v2\/pages\/2003","targetHints":{"allow":["GET"]}}],"collection":[{"href":"https:\/\/immediateconnect.markets\/fr\/wp-json\/wp\/v2\/pages"}],"about":[{"href":"https:\/\/immediateconnect.markets\/fr\/wp-json\/wp\/v2\/types\/page"}],"author":[{"embeddable":true,"href":"https:\/\/immediateconnect.markets\/fr\/wp-json\/wp\/v2\/users\/1"}],"replies":[{"embeddable":true,"href":"https:\/\/immediateconnect.markets\/fr\/wp-json\/wp\/v2\/comments?post=2003"}],"version-history":[{"count":7,"href":"https:\/\/immediateconnect.markets\/fr\/wp-json\/wp\/v2\/pages\/2003\/revisions"}],"predecessor-version":[{"id":2011,"href":"https:\/\/immediateconnect.markets\/fr\/wp-json\/wp\/v2\/pages\/2003\/revisions\/2011"}],"wp:attachment":[{"href":"https:\/\/immediateconnect.markets\/fr\/wp-json\/wp\/v2\/media?parent=2003"}],"curies":[{"name":"wp","href":"https:\/\/api.w.org\/{rel}","templated":true}]}}