{"id":1556,"date":"2025-05-06T12:04:54","date_gmt":"2025-05-06T12:04:54","guid":{"rendered":"https:\/\/immediateconnect.markets\/?page_id=1556"},"modified":"2025-11-05T13:19:49","modified_gmt":"2025-11-05T13:19:49","slug":"conditions-generales","status":"publish","type":"page","link":"https:\/\/immediateconnect.markets\/fr\/terms-conditions\/","title":{"rendered":"Conditions g\u00e9n\u00e9rales"},"content":{"rendered":"<div data-elementor-type=\"wp-page\" data-elementor-id=\"1556\" class=\"elementor elementor-1556\" data-elementor-post-type=\"page\">\n\t\t\t\t<div class=\"elementor-element elementor-element-599b9db e-flex e-con-boxed e-con e-parent\" data-id=\"599b9db\" data-element_type=\"container\" data-e-type=\"container\">\n\t\t\t\t\t<div class=\"e-con-inner\">\n\t\t<div class=\"elementor-element elementor-element-e263f64 e-flex e-con-boxed e-con e-child\" data-id=\"e263f64\" data-element_type=\"container\" data-e-type=\"container\">\n\t\t\t\t\t<div class=\"e-con-inner\">\n\t\t\t\t<div class=\"elementor-element elementor-element-18fedf4 elementor-widget elementor-widget-heading\" data-id=\"18fedf4\" data-element_type=\"widget\" data-e-type=\"widget\" data-widget_type=\"heading.default\">\n\t\t\t\t<div class=\"elementor-widget-container\">\n\t\t\t\t\t<h1 class=\"elementor-heading-title elementor-size-default\">Termes et conditions<\/h1>\t\t\t\t<\/div>\n\t\t\t\t<\/div>\n\t\t\t\t\t<\/div>\n\t\t\t\t<\/div>\n\t\t<div class=\"elementor-element elementor-element-9d5788c e-flex e-con-boxed e-con e-child\" data-id=\"9d5788c\" data-element_type=\"container\" data-e-type=\"container\">\n\t\t\t\t\t<div class=\"e-con-inner\">\n\t\t\t\t<div class=\"elementor-element elementor-element-03588f0 elementor-widget elementor-widget-text-editor\" data-id=\"03588f0\" data-element_type=\"widget\" data-e-type=\"widget\" data-widget_type=\"text-editor.default\">\n\t\t\t\t<div class=\"elementor-widget-container\">\n\t\t\t\t\t\t\t\t\t<p class=\"translation-block\">Bienvenue sur <strong>Immediate Connect<\/strong>, votre plateforme de r\u00e9f\u00e9rence pour les signaux de trading automatis\u00e9s. En utilisant nos services, vous acceptez les Conditions g\u00e9n\u00e9rales suivantes. Veuillez les lire attentivement avant toute transaction ou abonnement.<\/p>\t\t\t\t\t\t\t\t<\/div>\n\t\t\t\t<\/div>\n\t\t\t\t<div class=\"elementor-element elementor-element-d3deae9 elementor-widget elementor-widget-heading\" data-id=\"d3deae9\" data-element_type=\"widget\" data-e-type=\"widget\" data-widget_type=\"heading.default\">\n\t\t\t\t<div class=\"elementor-widget-container\">\n\t\t\t\t\t<h2 class=\"elementor-heading-title elementor-size-default\">ACCEPTATION DES CONDITIONS G\u00c9N\u00c9RALES<\/h2>\t\t\t\t<\/div>\n\t\t\t\t<\/div>\n\t\t\t\t<div class=\"elementor-element elementor-element-ef00587 elementor-widget elementor-widget-text-editor\" data-id=\"ef00587\" data-element_type=\"widget\" data-e-type=\"widget\" data-widget_type=\"text-editor.default\">\n\t\t\t\t<div class=\"elementor-widget-container\">\n\t\t\t\t\t\t\t\t\t<p>Acceptation des conditions g\u00e9n\u00e9rales\u00a0: En acc\u00e9dant \u00e0 ou en utilisant Immediate Connect, vous reconnaissez avoir lu, compris et accept\u00e9 les pr\u00e9sentes conditions g\u00e9n\u00e9rales. Si vous n'acceptez pas l'une quelconque de ces conditions, vous ne devez pas utiliser nos services.<br \/>Description des services,<b> \u00a0Immediate Connect <\/b>Nous proposons des robots de trading en ligne pour diff\u00e9rents march\u00e9s financiers. Nos algorithmes exclusifs g\u00e9n\u00e8rent des ordres de trading bas\u00e9s sur l'analyse de march\u00e9. Veuillez toutefois noter que les performances pass\u00e9es ne pr\u00e9jugent pas des r\u00e9sultats futurs et que le trading comporte des risques.<\/p><p>Conditions d'utilisation Vous devez \u00eatre \u00e2g\u00e9 d'au moins 18 ans et avoir la capacit\u00e9 juridique de conclure des contrats pour utiliser nos services. En acc\u00e9dant \u00e0 <strong>Immediate Connect<\/strong>\u00a0Vous confirmez que vous remplissez ces conditions et qu'il vous incombe de respecter toutes les lois et r\u00e9glementations applicables dans votre juridiction.<\/p><p>Abonnement et paiement Pour acc\u00e9der \u00e0 nos signaux de trading automatis\u00e9s, vous devrez peut-\u00eatre souscrire \u00e0 l'un de nos abonnements. Les frais d'abonnement seront clairement indiqu\u00e9s sur notre site web et vous vous engagez \u00e0 payer les frais sp\u00e9cifi\u00e9s pour la dur\u00e9e choisie. Les paiements ne sont pas remboursables et vous \u00eates responsable de toutes les taxes et frais li\u00e9s aux transactions.<\/p><p>Risques et responsabilit\u00e9s\u00a0: Le trading comporte des risques financiers. Bien que notre robot s\u2019efforce de fournir des informations pr\u00e9cises, nous ne pouvons garantir les profits ni pr\u00e9venir les pertes. Vous reconnaissez \u00eatre seul responsable des cons\u00e9quences de vos d\u00e9cisions de trading et de toute cons\u00e9quence financi\u00e8re r\u00e9sultant de l\u2019utilisation de nos services. <strong>Immediate Connect<\/strong>\u00a0Ses soci\u00e9t\u00e9s affili\u00e9es et ses employ\u00e9s ne sauraient \u00eatre tenus responsables des pertes subies lors de l'utilisation de nos services.<\/p><p>Usage personnel uniquement Les signaux fournis par <strong>Immediate Connect<\/strong> sont destin\u00e9s \u00e0 votre usage personnel uniquement. Il vous est strictement interdit de redistribuer, revendre ou exploiter commercialement nos signaux sans le consentement \u00e9crit pr\u00e9alable de <strong>Immediate Connect<\/strong>.<\/p><p>Conduite de l'utilisateur Vous acceptez d'utiliser nos services conform\u00e9ment \u00e0 toutes les lois et r\u00e9glementations applicables. Vous ne devez vous engager dans aucune activit\u00e9 qui pourrait perturber, endommager ou alt\u00e9rer la fonctionnalit\u00e9 de <strong>Immediate Connect<\/strong><b>\u00a0<\/b>ou ses services associ\u00e9s.<\/p><p>Propri\u00e9t\u00e9 intellectuelle Tout le contenu, y compris, mais sans s'y limiter, les logos, marques, textes, images et logiciels utilis\u00e9s sur <strong>Immediate Connect<\/strong> est prot\u00e9g\u00e9 par les lois sur la propri\u00e9t\u00e9 intellectuelle et est la propri\u00e9t\u00e9 exclusive de <strong>Immediate Connect<\/strong> ou ses conc\u00e9dants de licence. Vous ne pouvez pas utiliser, reproduire, modifier ou distribuer tout contenu sans notre consentement \u00e9crit expr\u00e8s.<\/p><p>R\u00e9siliation des services <strong>Immediate Connect<\/strong><b>\u00a0<\/b>se r\u00e9serve le droit de suspendre ou de r\u00e9silier votre acc\u00e8s \u00e0 nos services \u00e0 tout moment et pour quelque raison que ce soit, y compris une violation pr\u00e9sum\u00e9e des pr\u00e9sentes Conditions g\u00e9n\u00e9rales ou la participation \u00e0 des activit\u00e9s frauduleuses.<\/p><p>Modifications des conditions<b> <strong>Immediate Connect<\/strong> <\/b>peut mettre \u00e0 jour ou modifier ces conditions g\u00e9n\u00e9rales \u00e0 tout moment sans pr\u00e9avis. En continuant \u00e0 utiliser nos services apr\u00e8s de tels changements, vous acceptez d'\u00eatre li\u00e9 par les conditions g\u00e9n\u00e9rales mises \u00e0 jour.<\/p><p>Politique de confidentialit\u00e9 Votre vie priv\u00e9e est importante pour nous. Veuillez vous r\u00e9f\u00e9rer \u00e0 notre Politique de confidentialit\u00e9 pour comprendre comment nous collectons, utilisons et prot\u00e9geons vos informations personnelles.<\/p><p>Loi applicable et juridiction Les pr\u00e9sentes conditions g\u00e9n\u00e9rales doivent \u00eatre r\u00e9gies et interpr\u00e9t\u00e9es conform\u00e9ment aux lois,\u00a0sans \u00e9gard aux principes de conflit de lois. Tout litige d\u00e9coulant de ou li\u00e9 \u00e0 ces conditions sera soumis \u00e0 la comp\u00e9tence exclusive des tribunaux.<\/p><p>Le robot \u00e0 algorithme de trading\u00a0<b>n\u00e9cessite le logiciel de trading MetaTrader 5 et un service de courtier<\/b>\u00a0pour ex\u00e9cuter les ordres d\u2019achat et de vente et fournir des liquidit\u00e9s en cas de besoin.<\/p>\t\t\t\t\t\t\t\t<\/div>\n\t\t\t\t<\/div>\n\t\t\t\t\t<\/div>\n\t\t\t\t<\/div>\n\t\t<div class=\"elementor-element elementor-element-004bb87 e-flex e-con-boxed e-con e-child\" data-id=\"004bb87\" data-element_type=\"container\" data-e-type=\"container\">\n\t\t\t\t\t<div class=\"e-con-inner\">\n\t\t\t\t<div class=\"elementor-element elementor-element-6d06090 elementor-widget elementor-widget-text-editor\" data-id=\"6d06090\" data-element_type=\"widget\" data-e-type=\"widget\" data-widget_type=\"text-editor.default\">\n\t\t\t\t<div class=\"elementor-widget-container\">\n\t\t\t\t\t\t\t\t\t<p><b>le client doit lire et accepter les termes et conditions du courtier.<\/b><\/p><p>En utilisant <strong>Immediate Connect<\/strong>\u00a0vous acceptez ces termes et conditions et nous sommes impatients de vous fournir un service de trading robotis\u00e9. Si vous avez des questions ou des pr\u00e9occupations, veuillez contacter notre \u00e9quipe d'assistance client\u00a0\u00e0 l'adresse <a href=\"mailto:support@immediateconnect.markets\"><strong>support@immediateconnect.markets<\/strong><\/a><\/p>\t\t\t\t\t\t\t\t<\/div>\n\t\t\t\t<\/div>\n\t\t\t\t\t<\/div>\n\t\t\t\t<\/div>\n\t\t\t\t\t<\/div>\n\t\t\t\t<\/div>\n\t\t\t\t<\/div>","protected":false},"excerpt":{"rendered":"<p>Terms and Conditions Welcome to Immediate Connect, your premier destination for automated robot trading signals. By using our services, you agree to be bound by\u00a0 the following Terms and Conditions. Please read them carefully before proceeding with any transactions or subscriptions. \u0410\u0421\u0421\u0415\u0420\u0422ANCE OF THE TERMS AND CONDITIONS Acceptance of Terms By accessing or using \u00a0Immediate [&hellip;]<\/p>\n","protected":false},"author":1,"featured_media":0,"parent":0,"menu_order":0,"comment_status":"closed","ping_status":"closed","template":"elementor_header_footer","meta":{"footnotes":""},"class_list":["post-1556","page","type-page","status-publish","hentry"],"_links":{"self":[{"href":"https:\/\/immediateconnect.markets\/fr\/wp-json\/wp\/v2\/pages\/1556","targetHints":{"allow":["GET"]}}],"collection":[{"href":"https:\/\/immediateconnect.markets\/fr\/wp-json\/wp\/v2\/pages"}],"about":[{"href":"https:\/\/immediateconnect.markets\/fr\/wp-json\/wp\/v2\/types\/page"}],"author":[{"embeddable":true,"href":"https:\/\/immediateconnect.markets\/fr\/wp-json\/wp\/v2\/users\/1"}],"replies":[{"embeddable":true,"href":"https:\/\/immediateconnect.markets\/fr\/wp-json\/wp\/v2\/comments?post=1556"}],"version-history":[{"count":13,"href":"https:\/\/immediateconnect.markets\/fr\/wp-json\/wp\/v2\/pages\/1556\/revisions"}],"predecessor-version":[{"id":1932,"href":"https:\/\/immediateconnect.markets\/fr\/wp-json\/wp\/v2\/pages\/1556\/revisions\/1932"}],"wp:attachment":[{"href":"https:\/\/immediateconnect.markets\/fr\/wp-json\/wp\/v2\/media?parent=1556"}],"curies":[{"name":"wp","href":"https:\/\/api.w.org\/{rel}","templated":true}]}}