{"id":2003,"date":"2025-12-26T10:04:32","date_gmt":"2025-12-26T10:04:32","guid":{"rendered":"https:\/\/immediateconnect.markets\/?page_id=2003"},"modified":"2025-12-26T10:21:31","modified_gmt":"2025-12-26T10:21:31","slug":"descargo-de-responsabilidad","status":"publish","type":"page","link":"https:\/\/immediateconnect.markets\/es\/disclaimer\/","title":{"rendered":"Descargo de responsabilidad"},"content":{"rendered":"<div data-elementor-type=\"wp-page\" data-elementor-id=\"2003\" class=\"elementor elementor-2003\" data-elementor-post-type=\"page\">\n\t\t\t\t\t\t<section class=\"elementor-section elementor-top-section elementor-element elementor-element-a0d6e18 elementor-section-boxed elementor-section-height-default elementor-section-height-default\" data-id=\"a0d6e18\" data-element_type=\"section\" data-e-type=\"section\" data-settings=\"{&quot;background_background&quot;:&quot;classic&quot;}\">\n\t\t\t\t\t\t<div class=\"elementor-container elementor-column-gap-default\">\n\t\t\t\t\t<div class=\"elementor-column elementor-col-100 elementor-top-column elementor-element elementor-element-eea336f\" data-id=\"eea336f\" data-element_type=\"column\" data-e-type=\"column\">\n\t\t\t<div class=\"elementor-widget-wrap elementor-element-populated\">\n\t\t\t\t\t\t<div class=\"elementor-element elementor-element-640e365 elementor-widget elementor-widget-heading\" data-id=\"640e365\" data-element_type=\"widget\" data-e-type=\"widget\" data-widget_type=\"heading.default\">\n\t\t\t\t<div class=\"elementor-widget-container\">\n\t\t\t\t\t<h1 class=\"elementor-heading-title elementor-size-default\">Descargo de responsabilidad<\/h1>\t\t\t\t<\/div>\n\t\t\t\t<\/div>\n\t\t\t\t<div class=\"elementor-element elementor-element-f36926f elementor-widget elementor-widget-text-editor\" data-id=\"f36926f\" data-element_type=\"widget\" data-e-type=\"widget\" data-widget_type=\"text-editor.default\">\n\t\t\t\t<div class=\"elementor-widget-container\">\n\t\t\t\t\t\t\t\t\t<p class=\"translation-block\">La informaci\u00f3n proporcionada por <strong>Immediate Connect<\/strong>, sus afiliados, colaboradores, autores o socios (colectivamente, \u201cnosotros\u201d, \u201cnos\u201d o \u201cnuestro\u201d) en este sitio web es solo para fines informativos y educativos generales.<\/p>\t\t\t\t\t\t\t\t<\/div>\n\t\t\t\t<\/div>\n\t\t\t\t<div class=\"elementor-element elementor-element-f60410c elementor-widget elementor-widget-heading\" data-id=\"f60410c\" data-element_type=\"widget\" data-e-type=\"widget\" data-widget_type=\"heading.default\">\n\t\t\t\t<div class=\"elementor-widget-container\">\n\t\t\t\t\t<h2 class=\"elementor-heading-title elementor-size-default\">Sin asesoramiento financiero<\/h2>\t\t\t\t<\/div>\n\t\t\t\t<\/div>\n\t\t\t\t<div class=\"elementor-element elementor-element-621370c elementor-widget elementor-widget-text-editor\" data-id=\"621370c\" data-element_type=\"widget\" data-e-type=\"widget\" data-widget_type=\"text-editor.default\">\n\t\t\t\t<div class=\"elementor-widget-container\">\n\t\t\t\t\t\t\t\t\t<p>El contenido de este sitio web, que incluye, entre otros, art\u00edculos, videos, an\u00e1lisis, datos de mercado, gr\u00e1ficos, se\u00f1ales, herramientas y material educativo, no constituye asesoramiento financiero, de inversi\u00f3n, legal, fiscal ni de ning\u00fan otro tipo. Nada de lo contenido en este sitio constituye una recomendaci\u00f3n, solicitud, oferta o respaldo para comprar, vender, mantener o negociar ning\u00fan instrumento financiero, valor, materia prima, divisa, activo digital o producto de inversi\u00f3n.<\/p>\t\t\t\t\t\t\t\t<\/div>\n\t\t\t\t<\/div>\n\t\t\t\t<div class=\"elementor-element elementor-element-6ce0e62 elementor-widget elementor-widget-heading\" data-id=\"6ce0e62\" data-element_type=\"widget\" data-e-type=\"widget\" data-widget_type=\"heading.default\">\n\t\t\t\t<div class=\"elementor-widget-container\">\n\t\t\t\t\t<h2 class=\"elementor-heading-title elementor-size-default\">Reconocimiento de riesgos<\/h2>\t\t\t\t<\/div>\n\t\t\t\t<\/div>\n\t\t\t\t<div class=\"elementor-element elementor-element-ca6f57a elementor-widget elementor-widget-text-editor\" data-id=\"ca6f57a\" data-element_type=\"widget\" data-e-type=\"widget\" data-widget_type=\"text-editor.default\">\n\t\t\t\t<div class=\"elementor-widget-container\">\n\t\t\t\t\t\t\t\t\t<p>Operar en los mercados financieros, incluyendo divisas (FX), contratos por diferencia (CFD), criptomonedas, acciones, \u00edndices y otros derivados, conlleva un riesgo significativo y no es adecuado para todos los inversores. El rendimiento pasado no garantiza resultados futuros. Debe evaluar cuidadosamente su situaci\u00f3n financiera y su tolerancia al riesgo antes de realizar cualquier actividad de trading o inversi\u00f3n.<\/p>\t\t\t\t\t\t\t\t<\/div>\n\t\t\t\t<\/div>\n\t\t\t\t<div class=\"elementor-element elementor-element-2b5bc71 elementor-widget elementor-widget-heading\" data-id=\"2b5bc71\" data-element_type=\"widget\" data-e-type=\"widget\" data-widget_type=\"heading.default\">\n\t\t\t\t<div class=\"elementor-widget-container\">\n\t\t\t\t\t<h2 class=\"elementor-heading-title elementor-size-default\">Sin responsabilidad<\/h2>\t\t\t\t<\/div>\n\t\t\t\t<\/div>\n\t\t\t\t<div class=\"elementor-element elementor-element-5d14b77 elementor-widget elementor-widget-text-editor\" data-id=\"5d14b77\" data-element_type=\"widget\" data-e-type=\"widget\" data-widget_type=\"text-editor.default\">\n\t\t\t\t<div class=\"elementor-widget-container\">\n\t\t\t\t\t\t\t\t\t<p>No ofrecemos garant\u00edas sobre la exactitud, fiabilidad, actualidad, integridad ni idoneidad de la informaci\u00f3n contenida en este sitio web. Al utilizar este sitio, usted acepta expresamente que:<\/p><ul><li><p class=\"translation-block\"><strong>Immediate Connect<\/strong>, sus propietarios, empleados, contratistas, funcionarios y socios no son <strong>responsables ni est\u00e1n obligados por ninguna p\u00e9rdida, da\u00f1o, costo o gasto<\/strong> que surja directa o indirectamente de su uso de este sitio o confianza en su contenido;<\/p><\/li><li><p>Usted asume toda la responsabilidad por sus decisiones, operaciones, estrategias y resultados.<\/p><\/li><\/ul>\t\t\t\t\t\t\t\t<\/div>\n\t\t\t\t<\/div>\n\t\t\t\t<div class=\"elementor-element elementor-element-936a3bc elementor-widget elementor-widget-heading\" data-id=\"936a3bc\" data-element_type=\"widget\" data-e-type=\"widget\" data-widget_type=\"heading.default\">\n\t\t\t\t<div class=\"elementor-widget-container\">\n\t\t\t\t\t<h2 class=\"elementor-heading-title elementor-size-default\">Verificaci\u00f3n independiente<\/h2>\t\t\t\t<\/div>\n\t\t\t\t<\/div>\n\t\t\t\t<div class=\"elementor-element elementor-element-7494217 elementor-widget elementor-widget-text-editor\" data-id=\"7494217\" data-element_type=\"widget\" data-e-type=\"widget\" data-widget_type=\"text-editor.default\">\n\t\t\t\t<div class=\"elementor-widget-container\">\n\t\t\t\t\t\t\t\t\t<p>Debe verificar de forma independiente toda la informaci\u00f3n antes de actuar. Esto incluye consultar con un profesional financiero, fiscal o legal autorizado, cuando corresponda.<\/p>\t\t\t\t\t\t\t\t<\/div>\n\t\t\t\t<\/div>\n\t\t\t\t<div class=\"elementor-element elementor-element-c5b71e7 elementor-widget elementor-widget-heading\" data-id=\"c5b71e7\" data-element_type=\"widget\" data-e-type=\"widget\" data-widget_type=\"heading.default\">\n\t\t\t\t<div class=\"elementor-widget-container\">\n\t\t\t\t\t<h2 class=\"elementor-heading-title elementor-size-default\">Sin garant\u00edas<\/h2>\t\t\t\t<\/div>\n\t\t\t\t<\/div>\n\t\t\t\t<div class=\"elementor-element elementor-element-44c6f47 elementor-widget elementor-widget-text-editor\" data-id=\"44c6f47\" data-element_type=\"widget\" data-e-type=\"widget\" data-widget_type=\"text-editor.default\">\n\t\t\t\t<div class=\"elementor-widget-container\">\n\t\t\t\t\t\t\t\t\t<p>No garantizamos las ganancias, la exactitud de los datos, la integridad del contenido ni el acceso ininterrumpido al sitio. Podr\u00edan producirse problemas t\u00e9cnicos, errores, omisiones e informaci\u00f3n desactualizada.<\/p>\t\t\t\t\t\t\t\t<\/div>\n\t\t\t\t<\/div>\n\t\t\t\t<div class=\"elementor-element elementor-element-80c1720 elementor-widget elementor-widget-heading\" data-id=\"80c1720\" data-element_type=\"widget\" data-e-type=\"widget\" data-widget_type=\"heading.default\">\n\t\t\t\t<div class=\"elementor-widget-container\">\n\t\t\t\t\t<h2 class=\"elementor-heading-title elementor-size-default\">Enlaces externos<\/h2>\t\t\t\t<\/div>\n\t\t\t\t<\/div>\n\t\t\t\t<div class=\"elementor-element elementor-element-7ec9aa7 elementor-widget elementor-widget-text-editor\" data-id=\"7ec9aa7\" data-element_type=\"widget\" data-e-type=\"widget\" data-widget_type=\"text-editor.default\">\n\t\t\t\t<div class=\"elementor-widget-container\">\n\t\t\t\t\t\t\t\t\t<p><strong>Immediate Connect<\/strong> Puede enlazar a sitios web, herramientas o servicios de terceros (\u00abSitios Externos\u00bb). Estos enlaces se proporcionan \u00fanicamente para su comodidad. No respaldamos ni nos responsabilizamos del contenido, la precisi\u00f3n ni las pr\u00e1cticas de ning\u00fan Sitio Externo.<\/p>\t\t\t\t\t\t\t\t<\/div>\n\t\t\t\t<\/div>\n\t\t\t\t<div class=\"elementor-element elementor-element-4c31d0e elementor-widget elementor-widget-heading\" data-id=\"4c31d0e\" data-element_type=\"widget\" data-e-type=\"widget\" data-widget_type=\"heading.default\">\n\t\t\t\t<div class=\"elementor-widget-container\">\n\t\t\t\t\t<h2 class=\"elementor-heading-title elementor-size-default\">Su responsabilidad<\/h2>\t\t\t\t<\/div>\n\t\t\t\t<\/div>\n\t\t\t\t<div class=\"elementor-element elementor-element-f24350e elementor-widget elementor-widget-text-editor\" data-id=\"f24350e\" data-element_type=\"widget\" data-e-type=\"widget\" data-widget_type=\"text-editor.default\">\n\t\t\t\t<div class=\"elementor-widget-container\">\n\t\t\t\t\t\t\t\t\t<p>Al acceder o utilizar este sitio web, usted acepta que todas las decisiones de inversi\u00f3n se toman bajo su propio riesgo. Exime expresamente a immediateconnect.markets de toda responsabilidad por cualquier p\u00e9rdida o da\u00f1o, directo o indirecto, que usted sufra.<\/p><p>Si no est\u00e1 de acuerdo con alguna parte de este descargo de responsabilidad, deber\u00e1 dejar de usar este sitio web inmediatamente.<\/p>\t\t\t\t\t\t\t\t<\/div>\n\t\t\t\t<\/div>\n\t\t\t\t\t<\/div>\n\t\t<\/div>\n\t\t\t\t\t<\/div>\n\t\t<\/section>\n\t\t\t\t<\/div>","protected":false},"excerpt":{"rendered":"<p>Disclaimer The information provided by Immediate Connect, its affiliates, contributors, authors, or partners (collectively, \u201cwe\u201d, \u201cus\u201d, or \u201cour\u201d) on this website is for general informational and educational purposes only. No Financial Advice The content on this website \u2014 including but not limited to articles, videos, analysis, market data, charts, signals, tools, and educational material \u2014 [&hellip;]<\/p>\n","protected":false},"author":1,"featured_media":0,"parent":0,"menu_order":0,"comment_status":"closed","ping_status":"closed","template":"elementor_header_footer","meta":{"footnotes":""},"class_list":["post-2003","page","type-page","status-publish","hentry"],"_links":{"self":[{"href":"https:\/\/immediateconnect.markets\/es\/wp-json\/wp\/v2\/pages\/2003","targetHints":{"allow":["GET"]}}],"collection":[{"href":"https:\/\/immediateconnect.markets\/es\/wp-json\/wp\/v2\/pages"}],"about":[{"href":"https:\/\/immediateconnect.markets\/es\/wp-json\/wp\/v2\/types\/page"}],"author":[{"embeddable":true,"href":"https:\/\/immediateconnect.markets\/es\/wp-json\/wp\/v2\/users\/1"}],"replies":[{"embeddable":true,"href":"https:\/\/immediateconnect.markets\/es\/wp-json\/wp\/v2\/comments?post=2003"}],"version-history":[{"count":7,"href":"https:\/\/immediateconnect.markets\/es\/wp-json\/wp\/v2\/pages\/2003\/revisions"}],"predecessor-version":[{"id":2011,"href":"https:\/\/immediateconnect.markets\/es\/wp-json\/wp\/v2\/pages\/2003\/revisions\/2011"}],"wp:attachment":[{"href":"https:\/\/immediateconnect.markets\/es\/wp-json\/wp\/v2\/media?parent=2003"}],"curies":[{"name":"wp","href":"https:\/\/api.w.org\/{rel}","templated":true}]}}