{"id":1556,"date":"2025-05-06T12:04:54","date_gmt":"2025-05-06T12:04:54","guid":{"rendered":"https:\/\/immediateconnect.markets\/?page_id=1556"},"modified":"2025-11-05T13:19:49","modified_gmt":"2025-11-05T13:19:49","slug":"terminos-y-condiciones","status":"publish","type":"page","link":"https:\/\/immediateconnect.markets\/es\/terms-conditions\/","title":{"rendered":"T\u00e9rminos y condiciones"},"content":{"rendered":"<div data-elementor-type=\"wp-page\" data-elementor-id=\"1556\" class=\"elementor elementor-1556\" data-elementor-post-type=\"page\">\n\t\t\t\t<div class=\"elementor-element elementor-element-599b9db e-flex e-con-boxed e-con e-parent\" data-id=\"599b9db\" data-element_type=\"container\" data-e-type=\"container\">\n\t\t\t\t\t<div class=\"e-con-inner\">\n\t\t<div class=\"elementor-element elementor-element-e263f64 e-flex e-con-boxed e-con e-child\" data-id=\"e263f64\" data-element_type=\"container\" data-e-type=\"container\">\n\t\t\t\t\t<div class=\"e-con-inner\">\n\t\t\t\t<div class=\"elementor-element elementor-element-18fedf4 elementor-widget elementor-widget-heading\" data-id=\"18fedf4\" data-element_type=\"widget\" data-e-type=\"widget\" data-widget_type=\"heading.default\">\n\t\t\t\t<div class=\"elementor-widget-container\">\n\t\t\t\t\t<h1 class=\"elementor-heading-title elementor-size-default\">T\u00e9rminos y condiciones<\/h1>\t\t\t\t<\/div>\n\t\t\t\t<\/div>\n\t\t\t\t\t<\/div>\n\t\t\t\t<\/div>\n\t\t<div class=\"elementor-element elementor-element-9d5788c e-flex e-con-boxed e-con e-child\" data-id=\"9d5788c\" data-element_type=\"container\" data-e-type=\"container\">\n\t\t\t\t\t<div class=\"e-con-inner\">\n\t\t\t\t<div class=\"elementor-element elementor-element-03588f0 elementor-widget elementor-widget-text-editor\" data-id=\"03588f0\" data-element_type=\"widget\" data-e-type=\"widget\" data-widget_type=\"text-editor.default\">\n\t\t\t\t<div class=\"elementor-widget-container\">\n\t\t\t\t\t\t\t\t\t<p class=\"translation-block\">Bienvenido a <strong>Immediate Connect<\/strong>, su destino principal para se\u00f1ales de trading automatizadas. Al utilizar nuestros servicios, acepta los siguientes T\u00e9rminos y Condiciones. L\u00e9alos atentamente antes de realizar cualquier transacci\u00f3n o suscripci\u00f3n.<\/p>\t\t\t\t\t\t\t\t<\/div>\n\t\t\t\t<\/div>\n\t\t\t\t<div class=\"elementor-element elementor-element-d3deae9 elementor-widget elementor-widget-heading\" data-id=\"d3deae9\" data-element_type=\"widget\" data-e-type=\"widget\" data-widget_type=\"heading.default\">\n\t\t\t\t<div class=\"elementor-widget-container\">\n\t\t\t\t\t<h2 class=\"elementor-heading-title elementor-size-default\">ACEPTACI\u00d3N DE LOS T\u00c9RMINOS Y CONDICIONES<\/h2>\t\t\t\t<\/div>\n\t\t\t\t<\/div>\n\t\t\t\t<div class=\"elementor-element elementor-element-ef00587 elementor-widget elementor-widget-text-editor\" data-id=\"ef00587\" data-element_type=\"widget\" data-e-type=\"widget\" data-widget_type=\"text-editor.default\">\n\t\t\t\t<div class=\"elementor-widget-container\">\n\t\t\t\t\t\t\t\t\t<p>Aceptaci\u00f3n de los t\u00e9rminos Al acceder o usar Immediate Connect, usted reconoce haber le\u00eddo, comprendido y aceptado estos T\u00e9rminos y Condiciones. Si no est\u00e1 de acuerdo con alguna parte de estos t\u00e9rminos, no debe usar nuestros servicios.<br \/>Descripci\u00f3n de los servicios,<b> \u00a0Immediate Connect <\/b>Ofrecemos robots de trading online para diversos mercados financieros. Nuestros algoritmos propios generan operaciones basadas en an\u00e1lisis de mercado. Sin embargo, tenga en cuenta que el rendimiento pasado no garantiza resultados futuros y que operar en los mercados financieros conlleva riesgos.<\/p><p>Requisitos de usuario: Para utilizar nuestros servicios, debe tener al menos 18 a\u00f1os y capacidad legal para celebrar contratos. Al acceder <strong>Immediate Connect<\/strong>\u00a0Usted confirma que cumple con estos requisitos y es responsable de cumplir con todas las leyes y regulaciones aplicables en su jurisdicci\u00f3n.<\/p><p>Suscripci\u00f3n y pago. Para acceder a nuestras se\u00f1ales de trading automatizado, es posible que deba suscribirse a uno de nuestros planes de servicio. Las tarifas de suscripci\u00f3n se indicar\u00e1n claramente en nuestro sitio web y usted acepta pagar las tarifas especificadas durante el per\u00edodo elegido. Los pagos no son reembolsables y usted es responsable de cualquier impuesto o cargo incurrido en relaci\u00f3n con las transacciones.<\/p><p>Riesgos y responsabilidad: Operar en bolsa implica riesgos financieros, y si bien nuestro robot se esfuerza por brindar informaci\u00f3n precisa, no podemos garantizar ganancias ni evitar p\u00e9rdidas. Usted reconoce que es el \u00fanico responsable de los resultados de sus decisiones de inversi\u00f3n y de cualquier consecuencia financiera derivada del uso de nuestros servicios. <strong>Immediate Connect<\/strong>\u00a0Ni sus afiliados ni sus empleados ser\u00e1n responsables de las p\u00e9rdidas sufridas durante el uso de nuestros servicios.<\/p><p>Solo para uso personal. Las se\u00f1ales proporcionadas por <strong>Immediate Connect<\/strong> son s\u00f3lo para su uso personal. Tiene estrictamente prohibido redistribuir, revender o explotar comercialmente nuestras se\u00f1ales sin el consentimiento previo por escrito de <strong>Immediate Connect<\/strong>.<\/p><p>Conducta del usuario Usted acepta utilizar nuestros servicios de conformidad con todas las leyes y regulaciones aplicables. No debe participar en ninguna actividad que pueda interrumpir, da\u00f1ar o perjudicar la funcionalidad de <strong>Immediate Connect<\/strong><b>\u00a0<\/b>o sus servicios asociados.<\/p><p>Propiedad intelectual Todo el contenido, incluidos, entre otros, logotipos, marcas comerciales, textos, im\u00e1genes y software utilizados en <strong>Immediate Connect<\/strong> est\u00e1 protegido por las leyes de propiedad intelectual y es propiedad exclusiva de <strong>Immediate Connect<\/strong> o sus licenciantes. No puede utilizar, reproducir, modificar ni distribuir ning\u00fan contenido sin nuestro consentimiento expreso por escrito.<\/p><p>Terminaci\u00f3n de Servicios <strong>Immediate Connect<\/strong><b>\u00a0<\/b>se reserva el derecho de suspender o cancelar su acceso a nuestros servicios en cualquier momento y por cualquier motivo, incluida la sospecha de violaci\u00f3n de estos T\u00e9rminos y condiciones o la participaci\u00f3n en actividades fraudulentas.<\/p><p>Modificaciones a los t\u00e9rminos<b> <strong>Immediate Connect<\/strong> <\/b>puede actualizar o modificar estos T\u00e9rminos y condiciones en cualquier momento sin previo aviso. Al continuar utilizando nuestros servicios despu\u00e9s de dichos cambios, usted acepta estar sujeto a los T\u00e9rminos y condiciones actualizados.<\/p><p>Pol\u00edtica de privacidad Su privacidad es importante para nosotros. Consulte nuestra Pol\u00edtica de privacidad para comprender c\u00f3mo recopilamos, utilizamos y protegemos su informaci\u00f3n personal.<\/p><p>Ley aplicable y jurisdicci\u00f3n Estos T\u00e9rminos y condiciones se regir\u00e1n e interpretar\u00e1n de conformidad con las leyes, sin tener en cuenta sus principios de conflicto de leyes. Cualquier disputa que surja de estos t\u00e9rminos o est\u00e9 relacionada con ellos estar\u00e1 sujeta a la jurisdicci\u00f3n exclusiva de los tribunales.<\/p><p>El robot del algoritmo comercial\u00a0<b>requiere el software comercial MetaTrader 5 y un servicio de corredor<\/b>\u00a0para ejecutar \u00f3rdenes de compra y venta y proporcionar liquidez cuando sea necesario.<\/p>\t\t\t\t\t\t\t\t<\/div>\n\t\t\t\t<\/div>\n\t\t\t\t\t<\/div>\n\t\t\t\t<\/div>\n\t\t<div class=\"elementor-element elementor-element-004bb87 e-flex e-con-boxed e-con e-child\" data-id=\"004bb87\" data-element_type=\"container\" data-e-type=\"container\">\n\t\t\t\t\t<div class=\"e-con-inner\">\n\t\t\t\t<div class=\"elementor-element elementor-element-6d06090 elementor-widget elementor-widget-text-editor\" data-id=\"6d06090\" data-element_type=\"widget\" data-e-type=\"widget\" data-widget_type=\"text-editor.default\">\n\t\t\t\t<div class=\"elementor-widget-container\">\n\t\t\t\t\t\t\t\t\t<p><b>el cliente debe leer y aceptar los t\u00e9rminos y condiciones del corredor.<\/b><\/p><p>Al usar <strong>Immediate Connect<\/strong>\u00a0usted acepta estos T\u00e9rminos y condiciones y esperamos brindarle un servicio de comercio de robots. Si tiene alguna pregunta o inquietud, comun\u00edquese con nuestro equipo de atenci\u00f3n al cliente en <a href=\"mailto:support@immediateconnect.markets\"><strong>support@immediateconnect.markets<\/strong><\/a><\/p>\t\t\t\t\t\t\t\t<\/div>\n\t\t\t\t<\/div>\n\t\t\t\t\t<\/div>\n\t\t\t\t<\/div>\n\t\t\t\t\t<\/div>\n\t\t\t\t<\/div>\n\t\t\t\t<\/div>","protected":false},"excerpt":{"rendered":"<p>Terms and Conditions Welcome to Immediate Connect, your premier destination for automated robot trading signals. By using our services, you agree to be bound by\u00a0 the following Terms and Conditions. Please read them carefully before proceeding with any transactions or subscriptions. \u0410\u0421\u0421\u0415\u0420\u0422ANCE OF THE TERMS AND CONDITIONS Acceptance of Terms By accessing or using \u00a0Immediate [&hellip;]<\/p>\n","protected":false},"author":1,"featured_media":0,"parent":0,"menu_order":0,"comment_status":"closed","ping_status":"closed","template":"elementor_header_footer","meta":{"footnotes":""},"class_list":["post-1556","page","type-page","status-publish","hentry"],"_links":{"self":[{"href":"https:\/\/immediateconnect.markets\/es\/wp-json\/wp\/v2\/pages\/1556","targetHints":{"allow":["GET"]}}],"collection":[{"href":"https:\/\/immediateconnect.markets\/es\/wp-json\/wp\/v2\/pages"}],"about":[{"href":"https:\/\/immediateconnect.markets\/es\/wp-json\/wp\/v2\/types\/page"}],"author":[{"embeddable":true,"href":"https:\/\/immediateconnect.markets\/es\/wp-json\/wp\/v2\/users\/1"}],"replies":[{"embeddable":true,"href":"https:\/\/immediateconnect.markets\/es\/wp-json\/wp\/v2\/comments?post=1556"}],"version-history":[{"count":13,"href":"https:\/\/immediateconnect.markets\/es\/wp-json\/wp\/v2\/pages\/1556\/revisions"}],"predecessor-version":[{"id":1932,"href":"https:\/\/immediateconnect.markets\/es\/wp-json\/wp\/v2\/pages\/1556\/revisions\/1932"}],"wp:attachment":[{"href":"https:\/\/immediateconnect.markets\/es\/wp-json\/wp\/v2\/media?parent=1556"}],"curies":[{"name":"wp","href":"https:\/\/api.w.org\/{rel}","templated":true}]}}