{"id":2003,"date":"2025-12-26T10:04:32","date_gmt":"2025-12-26T10:04:32","guid":{"rendered":"https:\/\/immediateconnect.markets\/?page_id=2003"},"modified":"2025-12-26T10:21:31","modified_gmt":"2025-12-26T10:21:31","slug":"vylouceni-odpovednosti","status":"publish","type":"page","link":"https:\/\/immediateconnect.markets\/cz\/disclaimer\/","title":{"rendered":"Z\u0159eknut\u00ed se odpov\u011bdnosti"},"content":{"rendered":"<div data-elementor-type=\"wp-page\" data-elementor-id=\"2003\" class=\"elementor elementor-2003\" data-elementor-post-type=\"page\">\n\t\t\t\t\t\t<section class=\"elementor-section elementor-top-section elementor-element elementor-element-a0d6e18 elementor-section-boxed elementor-section-height-default elementor-section-height-default\" data-id=\"a0d6e18\" data-element_type=\"section\" data-e-type=\"section\" data-settings=\"{&quot;background_background&quot;:&quot;classic&quot;}\">\n\t\t\t\t\t\t<div class=\"elementor-container elementor-column-gap-default\">\n\t\t\t\t\t<div class=\"elementor-column elementor-col-100 elementor-top-column elementor-element elementor-element-eea336f\" data-id=\"eea336f\" data-element_type=\"column\" data-e-type=\"column\">\n\t\t\t<div class=\"elementor-widget-wrap elementor-element-populated\">\n\t\t\t\t\t\t<div class=\"elementor-element elementor-element-640e365 elementor-widget elementor-widget-heading\" data-id=\"640e365\" data-element_type=\"widget\" data-e-type=\"widget\" data-widget_type=\"heading.default\">\n\t\t\t\t<div class=\"elementor-widget-container\">\n\t\t\t\t\t<h1 class=\"elementor-heading-title elementor-size-default\">Z\u0159eknut\u00ed se odpov\u011bdnosti<\/h1>\t\t\t\t<\/div>\n\t\t\t\t<\/div>\n\t\t\t\t<div class=\"elementor-element elementor-element-f36926f elementor-widget elementor-widget-text-editor\" data-id=\"f36926f\" data-element_type=\"widget\" data-e-type=\"widget\" data-widget_type=\"text-editor.default\">\n\t\t\t\t<div class=\"elementor-widget-container\">\n\t\t\t\t\t\t\t\t\t<p class=\"translation-block\">Informace poskytovan\u00e9 spole\u010dnost\u00ed <strong>Immediate Connect<\/strong>, jej\u00edmi p\u0159idru\u017een\u00fdmi spole\u010dnostmi, p\u0159isp\u011bvateli, autory nebo partnery (souhrnn\u011b \u201emy\u201c, \u201en\u00e1s\u201c nebo \u201ena\u0161e\u201c) na t\u011bchto webov\u00fdch str\u00e1nk\u00e1ch slou\u017e\u00ed pouze pro obecn\u00e9 informa\u010dn\u00ed a vzd\u011bl\u00e1vac\u00ed \u00fa\u010dely.<\/p>\t\t\t\t\t\t\t\t<\/div>\n\t\t\t\t<\/div>\n\t\t\t\t<div class=\"elementor-element elementor-element-f60410c elementor-widget elementor-widget-heading\" data-id=\"f60410c\" data-element_type=\"widget\" data-e-type=\"widget\" data-widget_type=\"heading.default\">\n\t\t\t\t<div class=\"elementor-widget-container\">\n\t\t\t\t\t<h2 class=\"elementor-heading-title elementor-size-default\">\u017d\u00e1dn\u00e9 finan\u010dn\u00ed poradenstv\u00ed<\/h2>\t\t\t\t<\/div>\n\t\t\t\t<\/div>\n\t\t\t\t<div class=\"elementor-element elementor-element-621370c elementor-widget elementor-widget-text-editor\" data-id=\"621370c\" data-element_type=\"widget\" data-e-type=\"widget\" data-widget_type=\"text-editor.default\">\n\t\t\t\t<div class=\"elementor-widget-container\">\n\t\t\t\t\t\t\t\t\t<p>Obsah t\u011bchto webov\u00fdch str\u00e1nek \u2013 v\u010detn\u011b, ale nikoli v\u00fdhradn\u011b, \u010dl\u00e1nk\u016f, vide\u00ed, anal\u00fdz, tr\u017en\u00edch dat, graf\u016f, sign\u00e1l\u016f, n\u00e1stroj\u016f a vzd\u011bl\u00e1vac\u00edch materi\u00e1l\u016f \u2013 nep\u0159edstavuje finan\u010dn\u00ed, investi\u010dn\u00ed, pr\u00e1vn\u00ed, da\u0148ov\u00e9 ani jin\u00e9 odborn\u00e9 poradenstv\u00ed. Nic na t\u011bchto str\u00e1nk\u00e1ch nep\u0159edstavuje doporu\u010den\u00ed, \u017e\u00e1dost o nab\u00eddku, \u017e\u00e1dost ani podporu k n\u00e1kupu, prodeji, dr\u017een\u00ed nebo obchodov\u00e1n\u00ed s jak\u00fdmkoli finan\u010dn\u00edm n\u00e1strojem, cenn\u00fdm pap\u00edrem, komoditou, m\u011bnou, digit\u00e1ln\u00edm aktivem nebo investi\u010dn\u00edm produktem.<\/p>\t\t\t\t\t\t\t\t<\/div>\n\t\t\t\t<\/div>\n\t\t\t\t<div class=\"elementor-element elementor-element-6ce0e62 elementor-widget elementor-widget-heading\" data-id=\"6ce0e62\" data-element_type=\"widget\" data-e-type=\"widget\" data-widget_type=\"heading.default\">\n\t\t\t\t<div class=\"elementor-widget-container\">\n\t\t\t\t\t<h2 class=\"elementor-heading-title elementor-size-default\">Potvrzen\u00ed rizika<\/h2>\t\t\t\t<\/div>\n\t\t\t\t<\/div>\n\t\t\t\t<div class=\"elementor-element elementor-element-ca6f57a elementor-widget elementor-widget-text-editor\" data-id=\"ca6f57a\" data-element_type=\"widget\" data-e-type=\"widget\" data-widget_type=\"text-editor.default\">\n\t\t\t\t<div class=\"elementor-widget-container\">\n\t\t\t\t\t\t\t\t\t<p>Obchodov\u00e1n\u00ed na finan\u010dn\u00edch trz\u00edch \u2013 v\u010detn\u011b devizov\u00fdch trh\u016f (FX), kontrakt\u016f na vyrovn\u00e1n\u00ed rozd\u00edlu (CFD), kryptom\u011bn, akci\u00ed, index\u016f a dal\u0161\u00edch deriv\u00e1t\u016f \u2013 s sebou nese zna\u010dn\u00e9 riziko a nen\u00ed vhodn\u00e9 pro v\u0161echny investory. Minul\u00e1 v\u00fdkonnost nen\u00ed ukazatelem budouc\u00edch v\u00fdsledk\u016f. P\u0159ed zah\u00e1jen\u00edm jak\u00e9koli obchodn\u00ed nebo investi\u010dn\u00ed \u010dinnosti byste m\u011bli pe\u010dliv\u011b zv\u00e1\u017eit svou finan\u010dn\u00ed situaci a toleranci k riziku.<\/p>\t\t\t\t\t\t\t\t<\/div>\n\t\t\t\t<\/div>\n\t\t\t\t<div class=\"elementor-element elementor-element-2b5bc71 elementor-widget elementor-widget-heading\" data-id=\"2b5bc71\" data-element_type=\"widget\" data-e-type=\"widget\" data-widget_type=\"heading.default\">\n\t\t\t\t<div class=\"elementor-widget-container\">\n\t\t\t\t\t<h2 class=\"elementor-heading-title elementor-size-default\">\u017d\u00e1dn\u00e1 odpov\u011bdnost<\/h2>\t\t\t\t<\/div>\n\t\t\t\t<\/div>\n\t\t\t\t<div class=\"elementor-element elementor-element-5d14b77 elementor-widget elementor-widget-text-editor\" data-id=\"5d14b77\" data-element_type=\"widget\" data-e-type=\"widget\" data-widget_type=\"text-editor.default\">\n\t\t\t\t<div class=\"elementor-widget-container\">\n\t\t\t\t\t\t\t\t\t<p>Neposkytujeme \u017e\u00e1dn\u00e9 z\u00e1ruky ohledn\u011b p\u0159esnosti, spolehlivosti, aktu\u00e1lnosti, \u00faplnosti nebo vhodnosti informac\u00ed obsa\u017een\u00fdch na t\u011bchto webov\u00fdch str\u00e1nk\u00e1ch. Pou\u017e\u00edv\u00e1n\u00edm t\u011bchto str\u00e1nek v\u00fdslovn\u011b souhlas\u00edte s t\u00edm, \u017ee:<\/p><ul><li><p class=\"translation-block\">Spole\u010dnost <strong>Immediate Connect<\/strong>, jej\u00ed vlastn\u00edci, zam\u011bstnanci, dodavatel\u00e9, vedouc\u00ed pracovn\u00edci a partne\u0159i <strong>nenesou odpov\u011bdnost za \u017e\u00e1dn\u00e9 ztr\u00e1ty, \u0161kody, n\u00e1klady ani v\u00fddaje<\/strong> vznikl\u00e9 p\u0159\u00edmo \u010di nep\u0159\u00edmo v d\u016fsledku va\u0161eho pou\u017e\u00edv\u00e1n\u00ed t\u011bchto str\u00e1nek nebo spol\u00e9h\u00e1n\u00ed se na jejich obsah;<\/p><\/li><li><p>P\u0159eb\u00edr\u00e1te ve\u0161kerou odpov\u011bdnost za sv\u00e1 rozhodnut\u00ed, obchody, strategie a v\u00fdsledky.<\/p><\/li><\/ul>\t\t\t\t\t\t\t\t<\/div>\n\t\t\t\t<\/div>\n\t\t\t\t<div class=\"elementor-element elementor-element-936a3bc elementor-widget elementor-widget-heading\" data-id=\"936a3bc\" data-element_type=\"widget\" data-e-type=\"widget\" data-widget_type=\"heading.default\">\n\t\t\t\t<div class=\"elementor-widget-container\">\n\t\t\t\t\t<h2 class=\"elementor-heading-title elementor-size-default\">Nez\u00e1visl\u00e9 ov\u011b\u0159en\u00ed<\/h2>\t\t\t\t<\/div>\n\t\t\t\t<\/div>\n\t\t\t\t<div class=\"elementor-element elementor-element-7494217 elementor-widget elementor-widget-text-editor\" data-id=\"7494217\" data-element_type=\"widget\" data-e-type=\"widget\" data-widget_type=\"text-editor.default\">\n\t\t\t\t<div class=\"elementor-widget-container\">\n\t\t\t\t\t\t\t\t\t<p>P\u0159edt\u00edm, ne\u017e na z\u00e1klad\u011b informac\u00ed budete jednat, byste si m\u011bli nez\u00e1visle ov\u011b\u0159it ve\u0161ker\u00e9 informace. To zahrnuje v p\u0159\u00edpad\u011b pot\u0159eby konzultaci s licencovan\u00fdm finan\u010dn\u00edm, da\u0148ov\u00fdm nebo pr\u00e1vn\u00edm odborn\u00edkem.<\/p>\t\t\t\t\t\t\t\t<\/div>\n\t\t\t\t<\/div>\n\t\t\t\t<div class=\"elementor-element elementor-element-c5b71e7 elementor-widget elementor-widget-heading\" data-id=\"c5b71e7\" data-element_type=\"widget\" data-e-type=\"widget\" data-widget_type=\"heading.default\">\n\t\t\t\t<div class=\"elementor-widget-container\">\n\t\t\t\t\t<h2 class=\"elementor-heading-title elementor-size-default\">\u017d\u00e1dn\u00e9 z\u00e1ruky<\/h2>\t\t\t\t<\/div>\n\t\t\t\t<\/div>\n\t\t\t\t<div class=\"elementor-element elementor-element-44c6f47 elementor-widget elementor-widget-text-editor\" data-id=\"44c6f47\" data-element_type=\"widget\" data-e-type=\"widget\" data-widget_type=\"text-editor.default\">\n\t\t\t\t<div class=\"elementor-widget-container\">\n\t\t\t\t\t\t\t\t\t<p>Nezaru\u010dujeme zisk, p\u0159esnost \u00fadaj\u016f, \u00faplnost obsahu ani nep\u0159eru\u0161ovan\u00fd p\u0159\u00edstup na str\u00e1nky. Mohou se vyskytnout technick\u00e9 probl\u00e9my, chyby, opomenut\u00ed a zastaral\u00e9 informace.<\/p>\t\t\t\t\t\t\t\t<\/div>\n\t\t\t\t<\/div>\n\t\t\t\t<div class=\"elementor-element elementor-element-80c1720 elementor-widget elementor-widget-heading\" data-id=\"80c1720\" data-element_type=\"widget\" data-e-type=\"widget\" data-widget_type=\"heading.default\">\n\t\t\t\t<div class=\"elementor-widget-container\">\n\t\t\t\t\t<h2 class=\"elementor-heading-title elementor-size-default\">Extern\u00ed odkazy<\/h2>\t\t\t\t<\/div>\n\t\t\t\t<\/div>\n\t\t\t\t<div class=\"elementor-element elementor-element-7ec9aa7 elementor-widget elementor-widget-text-editor\" data-id=\"7ec9aa7\" data-element_type=\"widget\" data-e-type=\"widget\" data-widget_type=\"text-editor.default\">\n\t\t\t\t<div class=\"elementor-widget-container\">\n\t\t\t\t\t\t\t\t\t<p><strong>Immediate Connect<\/strong> m\u016f\u017ee odkazovat na webov\u00e9 str\u00e1nky, n\u00e1stroje nebo slu\u017eby t\u0159et\u00edch stran (\u201eextern\u00ed str\u00e1nky\u201c). Tyto odkazy jsou poskytov\u00e1ny pouze pro va\u0161i informaci. Nepodporujeme a neneseme odpov\u011bdnost za obsah, p\u0159esnost ani postupy \u017e\u00e1dn\u00fdch extern\u00edch str\u00e1nek.<\/p>\t\t\t\t\t\t\t\t<\/div>\n\t\t\t\t<\/div>\n\t\t\t\t<div class=\"elementor-element elementor-element-4c31d0e elementor-widget elementor-widget-heading\" data-id=\"4c31d0e\" data-element_type=\"widget\" data-e-type=\"widget\" data-widget_type=\"heading.default\">\n\t\t\t\t<div class=\"elementor-widget-container\">\n\t\t\t\t\t<h2 class=\"elementor-heading-title elementor-size-default\">Va\u0161e odpov\u011bdnost<\/h2>\t\t\t\t<\/div>\n\t\t\t\t<\/div>\n\t\t\t\t<div class=\"elementor-element elementor-element-f24350e elementor-widget elementor-widget-text-editor\" data-id=\"f24350e\" data-element_type=\"widget\" data-e-type=\"widget\" data-widget_type=\"text-editor.default\">\n\t\t\t\t<div class=\"elementor-widget-container\">\n\t\t\t\t\t\t\t\t\t<p>P\u0159\u00edstupem na tyto webov\u00e9 str\u00e1nky nebo jejich pou\u017e\u00edv\u00e1n\u00edm souhlas\u00edte s t\u00edm, \u017ee ve\u0161ker\u00e1 investi\u010dn\u00ed rozhodnut\u00ed \u010din\u00edte na vlastn\u00ed nebezpe\u010d\u00ed. V\u00fdslovn\u011b zpro\u0161\u0165ujete spole\u010dnost immediateconnect.markets ve\u0161ker\u00e9 odpov\u011bdnosti za jak\u00e9koli p\u0159\u00edm\u00e9 \u010di nep\u0159\u00edm\u00e9 ztr\u00e1ty nebo \u0161kody, kter\u00e9 v\u00e1m vzniknou.<\/p><p>Pokud s jakoukoli \u010d\u00e1st\u00ed tohoto prohl\u00e1\u0161en\u00ed nesouhlas\u00edte, mus\u00edte okam\u017eit\u011b p\u0159estat tyto webov\u00e9 str\u00e1nky pou\u017e\u00edvat.<\/p>\t\t\t\t\t\t\t\t<\/div>\n\t\t\t\t<\/div>\n\t\t\t\t\t<\/div>\n\t\t<\/div>\n\t\t\t\t\t<\/div>\n\t\t<\/section>\n\t\t\t\t<\/div>","protected":false},"excerpt":{"rendered":"<p>Disclaimer The information provided by Immediate Connect, its affiliates, contributors, authors, or partners (collectively, \u201cwe\u201d, \u201cus\u201d, or \u201cour\u201d) on this website is for general informational and educational purposes only. No Financial Advice The content on this website \u2014 including but not limited to articles, videos, analysis, market data, charts, signals, tools, and educational material \u2014 [&hellip;]<\/p>\n","protected":false},"author":1,"featured_media":0,"parent":0,"menu_order":0,"comment_status":"closed","ping_status":"closed","template":"elementor_header_footer","meta":{"footnotes":""},"class_list":["post-2003","page","type-page","status-publish","hentry"],"_links":{"self":[{"href":"https:\/\/immediateconnect.markets\/cz\/wp-json\/wp\/v2\/pages\/2003","targetHints":{"allow":["GET"]}}],"collection":[{"href":"https:\/\/immediateconnect.markets\/cz\/wp-json\/wp\/v2\/pages"}],"about":[{"href":"https:\/\/immediateconnect.markets\/cz\/wp-json\/wp\/v2\/types\/page"}],"author":[{"embeddable":true,"href":"https:\/\/immediateconnect.markets\/cz\/wp-json\/wp\/v2\/users\/1"}],"replies":[{"embeddable":true,"href":"https:\/\/immediateconnect.markets\/cz\/wp-json\/wp\/v2\/comments?post=2003"}],"version-history":[{"count":7,"href":"https:\/\/immediateconnect.markets\/cz\/wp-json\/wp\/v2\/pages\/2003\/revisions"}],"predecessor-version":[{"id":2011,"href":"https:\/\/immediateconnect.markets\/cz\/wp-json\/wp\/v2\/pages\/2003\/revisions\/2011"}],"wp:attachment":[{"href":"https:\/\/immediateconnect.markets\/cz\/wp-json\/wp\/v2\/media?parent=2003"}],"curies":[{"name":"wp","href":"https:\/\/api.w.org\/{rel}","templated":true}]}}