{"id":1556,"date":"2025-05-06T12:04:54","date_gmt":"2025-05-06T12:04:54","guid":{"rendered":"https:\/\/immediateconnect.markets\/?page_id=1556"},"modified":"2025-11-05T13:19:49","modified_gmt":"2025-11-05T13:19:49","slug":"obchodni-podminky","status":"publish","type":"page","link":"https:\/\/immediateconnect.markets\/cz\/terms-conditions\/","title":{"rendered":"Smluvn\u00ed podm\u00ednky"},"content":{"rendered":"<div data-elementor-type=\"wp-page\" data-elementor-id=\"1556\" class=\"elementor elementor-1556\" data-elementor-post-type=\"page\">\n\t\t\t\t<div class=\"elementor-element elementor-element-599b9db e-flex e-con-boxed e-con e-parent\" data-id=\"599b9db\" data-element_type=\"container\" data-e-type=\"container\">\n\t\t\t\t\t<div class=\"e-con-inner\">\n\t\t<div class=\"elementor-element elementor-element-e263f64 e-flex e-con-boxed e-con e-child\" data-id=\"e263f64\" data-element_type=\"container\" data-e-type=\"container\">\n\t\t\t\t\t<div class=\"e-con-inner\">\n\t\t\t\t<div class=\"elementor-element elementor-element-18fedf4 elementor-widget elementor-widget-heading\" data-id=\"18fedf4\" data-element_type=\"widget\" data-e-type=\"widget\" data-widget_type=\"heading.default\">\n\t\t\t\t<div class=\"elementor-widget-container\">\n\t\t\t\t\t<h1 class=\"elementor-heading-title elementor-size-default\">Obchodn\u00ed podm\u00ednky<\/h1>\t\t\t\t<\/div>\n\t\t\t\t<\/div>\n\t\t\t\t\t<\/div>\n\t\t\t\t<\/div>\n\t\t<div class=\"elementor-element elementor-element-9d5788c e-flex e-con-boxed e-con e-child\" data-id=\"9d5788c\" data-element_type=\"container\" data-e-type=\"container\">\n\t\t\t\t\t<div class=\"e-con-inner\">\n\t\t\t\t<div class=\"elementor-element elementor-element-03588f0 elementor-widget elementor-widget-text-editor\" data-id=\"03588f0\" data-element_type=\"widget\" data-e-type=\"widget\" data-widget_type=\"text-editor.default\">\n\t\t\t\t<div class=\"elementor-widget-container\">\n\t\t\t\t\t\t\t\t\t<p class=\"translation-block\">, v\u00e1\u0161 prvn\u00ed c\u00edl pro automatizovan\u00e9 sign\u00e1ly pro obchodov\u00e1n\u00ed s roboty. Pou\u017e\u00edv\u00e1n\u00edm na\u0161ich slu\u017eeb souhlas\u00edte s n\u00e1sleduj\u00edc\u00edmi Obchodn\u00edmi podm\u00ednkami. P\u0159ed proveden\u00edm jak\u00fdchkoli transakc\u00ed nebo p\u0159edplatn\u00e9ho si je pros\u00edm pe\u010dliv\u011b p\u0159e\u010dt\u011bte.<\/p>\t\t\t\t\t\t\t\t<\/div>\n\t\t\t\t<\/div>\n\t\t\t\t<div class=\"elementor-element elementor-element-d3deae9 elementor-widget elementor-widget-heading\" data-id=\"d3deae9\" data-element_type=\"widget\" data-e-type=\"widget\" data-widget_type=\"heading.default\">\n\t\t\t\t<div class=\"elementor-widget-container\">\n\t\t\t\t\t<h2 class=\"elementor-heading-title elementor-size-default\">SOUHLAS S OBCHODN\u00cdMI PODM\u00cdNKAMI<\/h2>\t\t\t\t<\/div>\n\t\t\t\t<\/div>\n\t\t\t\t<div class=\"elementor-element elementor-element-ef00587 elementor-widget elementor-widget-text-editor\" data-id=\"ef00587\" data-element_type=\"widget\" data-e-type=\"widget\" data-widget_type=\"text-editor.default\">\n\t\t\t\t<div class=\"elementor-widget-container\">\n\t\t\t\t\t\t\t\t\t<p>Souhlas s podm\u00ednkami P\u0159\u00edstupem k slu\u017eb\u011b Immediate Connect nebo jej\u00edm pou\u017e\u00edv\u00e1n\u00edm potvrzujete, \u017ee jste si p\u0159e\u010detli, porozum\u011bli a souhlas\u00edte s jejich dodr\u017eov\u00e1n\u00edm. Pokud s jakoukoli \u010d\u00e1st\u00ed t\u011bchto podm\u00ednek nesouhlas\u00edte, nesm\u00edte na\u0161e slu\u017eby pou\u017e\u00edvat.<br \/>Popis slu\u017eeb,<b> \u00a0Immediate Connect <\/b>poskytuje online obchodn\u00ed roboty pro r\u016fzn\u00e9 finan\u010dn\u00ed trhy. Na\u0161e vlastn\u00ed algoritmy generuj\u00ed obchodov\u00e1n\u00ed na z\u00e1klad\u011b anal\u00fdzy trhu. M\u011bjte v\u0161ak na pam\u011bti, \u017ee minul\u00e1 v\u00fdkonnost nezaru\u010duje budouc\u00ed v\u00fdsledky a obchodov\u00e1n\u00ed s sebou nese rizika.<\/p><p>Zp\u016fsobilost u\u017eivatele Mus\u00edte b\u00fdt star\u0161\u00ed 18 let a m\u00edt z\u00e1konn\u00e9 opr\u00e1vn\u011bn\u00ed uzav\u00edrat smlouvy o vyu\u017e\u00edv\u00e1n\u00ed na\u0161ich slu\u017eeb. P\u0159\u00edstupem <strong>Immediate Connect<\/strong>\u00a0Potvrzujete, \u017ee spl\u0148ujete tyto po\u017eadavky a jste zodpov\u011bdn\u00ed za dodr\u017eov\u00e1n\u00ed v\u0161ech platn\u00fdch z\u00e1kon\u016f a p\u0159edpis\u016f ve va\u0161\u00ed jurisdikci.<\/p><p>P\u0159edplatn\u00e9 a platba Pro p\u0159\u00edstup k na\u0161im sign\u00e1l\u016fm pro obchodov\u00e1n\u00ed s roboty m\u016f\u017ee b\u00fdt nutn\u00e9 se p\u0159ihl\u00e1sit k odb\u011bru jednoho z na\u0161ich servisn\u00edch pl\u00e1n\u016f. Poplatky za p\u0159edplatn\u00e9 budou jasn\u011b uvedeny na na\u0161ich webov\u00fdch str\u00e1nk\u00e1ch a vy souhlas\u00edte s \u00fahradou stanoven\u00fdch poplatk\u016f po zvolenou dobu. Platby jsou nevratn\u00e9 a vy nesete odpov\u011bdnost za ve\u0161ker\u00e9 dan\u011b nebo poplatky vznikl\u00e9 v souvislosti s transakcemi.<\/p><p>Rizika a odpov\u011bdnost Obchodov\u00e1n\u00ed s sebou nese finan\u010dn\u00ed riziko a p\u0159esto\u017ee se n\u00e1\u0161 robot sna\u017e\u00ed poskytovat p\u0159esn\u00e9 informace, nem\u016f\u017eeme zaru\u010dit zisky ani zabr\u00e1nit ztr\u00e1t\u00e1m. Berete na v\u011bdom\u00ed, \u017ee nesete v\u00fdhradn\u00ed odpov\u011bdnost za v\u00fdsledky sv\u00fdch obchodn\u00edch rozhodnut\u00ed a jak\u00e9koli finan\u010dn\u00ed d\u016fsledky vypl\u00fdvaj\u00edc\u00ed z pou\u017e\u00edv\u00e1n\u00ed na\u0161ich slu\u017eeb. <strong>Immediate Connect<\/strong>\u00a0jej\u00ed p\u0159idru\u017een\u00e9 spole\u010dnosti a zam\u011bstnanci nenesou odpov\u011bdnost za \u017e\u00e1dn\u00e9 ztr\u00e1ty vznikl\u00e9 p\u0159i pou\u017e\u00edv\u00e1n\u00ed na\u0161ich slu\u017eeb.<\/p><p>Pouze pro osobn\u00ed pou\u017eit\u00ed Sign\u00e1ly poskytovan\u00e9 <strong>Immediate Connect<\/strong> jsou pouze pro va\u0161i osobn\u00ed pot\u0159ebu. Je p\u0159\u00edsn\u011b zak\u00e1z\u00e1no redistribuovat, p\u0159eprod\u00e1vat nebo jinak komer\u010dn\u011b vyu\u017e\u00edvat na\u0161e sign\u00e1ly bez p\u0159edchoz\u00edho p\u00edsemn\u00e9ho souhlasu od <strong>Immediate Connect<\/strong>.<\/p><p>Chov\u00e1n\u00ed u\u017eivatele Souhlas\u00edte s t\u00edm, \u017ee budete na\u0161e slu\u017eby pou\u017e\u00edvat v souladu se v\u0161emi platn\u00fdmi z\u00e1kony a p\u0159edpisy. Nesm\u00edte se zapojit do \u017e\u00e1dn\u00e9 \u010dinnosti, kter\u00e1 by mohla naru\u0161it, po\u0161kodit nebo zhor\u0161it funk\u010dnost <strong>Immediate Connect<\/strong><b>\u00a0<\/b>nebo s n\u00edm spojen\u00e9 slu\u017eby.<\/p><p>Du\u0161evn\u00ed vlastnictv\u00ed Ve\u0161ker\u00fd obsah, v\u010detn\u011b, ale nikoli v\u00fdhradn\u011b, log, ochrann\u00fdch zn\u00e1mek, text\u016f, obr\u00e1zk\u016f a softwaru pou\u017eit\u00e9ho na <strong>Immediate Connect<\/strong> je chr\u00e1n\u011bn z\u00e1kony o du\u0161evn\u00edm vlastnictv\u00ed a je v\u00fdhradn\u00edm vlastnictv\u00edm spole\u010dnosti <strong>Immediate Connect<\/strong> or its licensors. You may not use, reproduce, modify, or distribute any content without our express written consent.<\/p><p>Ukon\u010den\u00ed slu\u017eeb <strong>Immediate Connect<\/strong><b>\u00a0<\/b>si vyhrazuje pr\u00e1vo kdykoli a z jak\u00e9hokoli d\u016fvodu pozastavit nebo ukon\u010dit v\u00e1\u0161 p\u0159\u00edstup k na\u0161im slu\u017eb\u00e1m, a to i v p\u0159\u00edpad\u011b podez\u0159en\u00ed na poru\u0161en\u00ed t\u011bchto Smluvn\u00edch podm\u00ednek nebo \u00fa\u010dasti na podvodn\u00fdch aktivit\u00e1ch.<\/p><p>Zm\u011bny podm\u00ednek<b> <strong>Immediate Connect<\/strong> <\/b>m\u016f\u017ee tyto Smluvn\u00ed podm\u00ednky kdykoli aktualizovat nebo upravit bez p\u0159edchoz\u00edho upozorn\u011bn\u00ed. Pokra\u010dov\u00e1n\u00edm v pou\u017e\u00edv\u00e1n\u00ed na\u0161ich slu\u017eeb po t\u011bchto zm\u011bn\u00e1ch souhlas\u00edte s t\u00edm, \u017ee budete v\u00e1z\u00e1ni aktualizovan\u00fdmi Smluvn\u00edmi podm\u00ednkami.<\/p><p>Z\u00e1sady ochrany osobn\u00edch \u00fadaj\u016f Va\u0161e soukrom\u00ed je pro n\u00e1s d\u016fle\u017eit\u00e9. Pro pochopen\u00ed toho, jak shroma\u017e\u010fujeme, pou\u017e\u00edv\u00e1me a chr\u00e1n\u00edme va\u0161e osobn\u00ed \u00fadaje, se pros\u00edm \u0159i\u010fte na\u0161imi Z\u00e1sadami ochrany osobn\u00edch \u00fadaj\u016f.<\/p><p>Rozhodn\u00e9 pr\u00e1vo a jurisdikce Tyto Obchodn\u00ed podm\u00ednky se \u0159\u00edd\u00ed a jsou vykl\u00e1d\u00e1ny v souladu se z\u00e1kony, bez ohledu na kolizn\u00ed normy. Ve\u0161ker\u00e9 spory vypl\u00fdvaj\u00edc\u00ed z t\u011bchto podm\u00ednek nebo s nimi souvisej\u00edc\u00ed podl\u00e9haj\u00ed v\u00fdlu\u010dn\u00e9 jurisdikci soud\u016f.<\/p><p>Robot s obchodn\u00edm algoritmem\u00a0<b>vy\u017eaduje obchodn\u00ed software MetaTrader 5 a brokersk\u00e9 slu\u017eby<\/b>\u00a0prov\u00e1d\u011bt n\u00e1kupn\u00ed a prodejn\u00ed p\u0159\u00edkazy a v p\u0159\u00edpad\u011b pot\u0159eby poskytovat likviditu.<\/p>\t\t\t\t\t\t\t\t<\/div>\n\t\t\t\t<\/div>\n\t\t\t\t\t<\/div>\n\t\t\t\t<\/div>\n\t\t<div class=\"elementor-element elementor-element-004bb87 e-flex e-con-boxed e-con e-child\" data-id=\"004bb87\" data-element_type=\"container\" data-e-type=\"container\">\n\t\t\t\t\t<div class=\"e-con-inner\">\n\t\t\t\t<div class=\"elementor-element elementor-element-6d06090 elementor-widget elementor-widget-text-editor\" data-id=\"6d06090\" data-element_type=\"widget\" data-e-type=\"widget\" data-widget_type=\"text-editor.default\">\n\t\t\t\t<div class=\"elementor-widget-container\">\n\t\t\t\t\t\t\t\t\t<p><b>Klient si mus\u00ed p\u0159e\u010d\u00edst a souhlasit s obchodn\u00edmi podm\u00ednkami makl\u00e9\u0159e.<\/b><\/p><p>Pou\u017eit\u00edm <strong>Immediate Connect<\/strong>\u00a0Souhlas\u00edte s t\u011bmito Smluvn\u00edmi podm\u00ednkami a t\u011b\u0161\u00edme se, \u017ee v\u00e1m budeme moci poskytnout slu\u017ebu obchodov\u00e1n\u00ed s roboty. Pokud m\u00e1te jak\u00e9koli dotazy nebo obavy, kontaktujte pros\u00edm n\u00e1\u0161 t\u00fdm z\u00e1kaznick\u00e9 podpory na adrese <a href=\"mailto:support@immediateconnect.markets\"><strong>support@immediateconnect.markets<\/strong><\/a><\/p>\t\t\t\t\t\t\t\t<\/div>\n\t\t\t\t<\/div>\n\t\t\t\t\t<\/div>\n\t\t\t\t<\/div>\n\t\t\t\t\t<\/div>\n\t\t\t\t<\/div>\n\t\t\t\t<\/div>","protected":false},"excerpt":{"rendered":"<p>Terms and Conditions Welcome to Immediate Connect, your premier destination for automated robot trading signals. By using our services, you agree to be bound by\u00a0 the following Terms and Conditions. Please read them carefully before proceeding with any transactions or subscriptions. \u0410\u0421\u0421\u0415\u0420\u0422ANCE OF THE TERMS AND CONDITIONS Acceptance of Terms By accessing or using \u00a0Immediate [&hellip;]<\/p>\n","protected":false},"author":1,"featured_media":0,"parent":0,"menu_order":0,"comment_status":"closed","ping_status":"closed","template":"elementor_header_footer","meta":{"footnotes":""},"class_list":["post-1556","page","type-page","status-publish","hentry"],"_links":{"self":[{"href":"https:\/\/immediateconnect.markets\/cz\/wp-json\/wp\/v2\/pages\/1556","targetHints":{"allow":["GET"]}}],"collection":[{"href":"https:\/\/immediateconnect.markets\/cz\/wp-json\/wp\/v2\/pages"}],"about":[{"href":"https:\/\/immediateconnect.markets\/cz\/wp-json\/wp\/v2\/types\/page"}],"author":[{"embeddable":true,"href":"https:\/\/immediateconnect.markets\/cz\/wp-json\/wp\/v2\/users\/1"}],"replies":[{"embeddable":true,"href":"https:\/\/immediateconnect.markets\/cz\/wp-json\/wp\/v2\/comments?post=1556"}],"version-history":[{"count":13,"href":"https:\/\/immediateconnect.markets\/cz\/wp-json\/wp\/v2\/pages\/1556\/revisions"}],"predecessor-version":[{"id":1932,"href":"https:\/\/immediateconnect.markets\/cz\/wp-json\/wp\/v2\/pages\/1556\/revisions\/1932"}],"wp:attachment":[{"href":"https:\/\/immediateconnect.markets\/cz\/wp-json\/wp\/v2\/media?parent=1556"}],"curies":[{"name":"wp","href":"https:\/\/api.w.org\/{rel}","templated":true}]}}