{"id":1529,"date":"2025-03-17T07:44:43","date_gmt":"2025-03-17T07:44:43","guid":{"rendered":"https:\/\/immediateconnect.markets\/?page_id=1529"},"modified":"2025-06-17T11:12:22","modified_gmt":"2025-06-17T11:12:22","slug":"stahnout-aplikaci-amazon","status":"publish","type":"page","link":"https:\/\/immediateconnect.markets\/cz\/download-amazon-app\/","title":{"rendered":"St\u00e1hn\u011bte si aplikaci Amazon"},"content":{"rendered":"<div data-elementor-type=\"wp-page\" data-elementor-id=\"1529\" class=\"elementor elementor-1529\" data-elementor-post-type=\"page\">\n\t\t\t\t<div class=\"elementor-element elementor-element-632907f e-flex e-con-boxed e-con e-parent\" data-id=\"632907f\" data-element_type=\"container\" data-e-type=\"container\" data-settings=\"{&quot;background_background&quot;:&quot;classic&quot;}\">\n\t\t\t\t\t<div class=\"e-con-inner\">\n\t\t<div class=\"elementor-element elementor-element-40ec1c5 e-con-full e-flex e-con e-child\" data-id=\"40ec1c5\" data-element_type=\"container\" data-e-type=\"container\">\n\t\t\t\t<div class=\"elementor-element elementor-element-a016d70 elementor-widget__width-initial elementor-widget elementor-widget-heading\" data-id=\"a016d70\" data-element_type=\"widget\" data-e-type=\"widget\" data-widget_type=\"heading.default\">\n\t\t\t\t<div class=\"elementor-widget-container\">\n\t\t\t\t\t<h1 class=\"elementor-heading-title elementor-size-default\">Jak nainstalovat aplikaci z AWS Appstore do telefonu Android<\/h1>\t\t\t\t<\/div>\n\t\t\t\t<\/div>\n\t\t\t\t<div class=\"elementor-element elementor-element-7244e92 elementor-widget__width-inherit elementor-widget-tablet__width-inherit elementor-widget elementor-widget-text-editor\" data-id=\"7244e92\" data-element_type=\"widget\" data-e-type=\"widget\" data-widget_type=\"text-editor.default\">\n\t\t\t\t<div class=\"elementor-widget-container\">\n\t\t\t\t\t\t\t\t\t<ol><li>Nainstalujte si Amazon App Store.<\/li><li>Vytvo\u0159te si \u00fa\u010det a p\u0159ihlaste se do Amazon AppStore.<\/li><li>Vyhledejte aplikaci \u201eImmediate Connect\u201c a klikn\u011bte <a style=\"color: #61ce70;\" href=\"https:\/\/www.amazon.com\/gp\/product\/B0F1FFDMYC\" target=\"_blank\" rel=\"noopener\">Z\u00edskejte aplikaci<\/a>.<\/li><li>Nainstalujte a pou\u017e\u00edvejte aplikaci App.<\/li><\/ol>\t\t\t\t\t\t\t\t<\/div>\n\t\t\t\t<\/div>\n\t\t\t\t<\/div>\n\t\t<div class=\"elementor-element elementor-element-9f5f809 e-con-full e-flex e-con e-child\" data-id=\"9f5f809\" data-element_type=\"container\" data-e-type=\"container\">\n\t\t\t\t<div class=\"elementor-element elementor-element-1b0cefe elementor-widget__width-initial elementor-widget-tablet__width-initial elementor-widget elementor-widget-image\" data-id=\"1b0cefe\" data-element_type=\"widget\" data-e-type=\"widget\" data-widget_type=\"image.default\">\n\t\t\t\t<div class=\"elementor-widget-container\">\n\t\t\t\t\t\t\t\t\t\t\t\t\t\t\t<img fetchpriority=\"high\" decoding=\"async\" width=\"561\" height=\"1024\" src=\"https:\/\/immediateconnect.markets\/wp-content\/uploads\/2025\/06\/Immediateconnect-amazon-screenshot-scaled-1_11zon-561x1024.webp\" class=\"attachment-large size-large wp-image-1751\" alt=\"Immeediate connect Amazon App\" srcset=\"https:\/\/immediateconnect.markets\/wp-content\/uploads\/2025\/06\/Immediateconnect-amazon-screenshot-scaled-1_11zon-561x1024.webp 561w, https:\/\/immediateconnect.markets\/wp-content\/uploads\/2025\/06\/Immediateconnect-amazon-screenshot-scaled-1_11zon-164x300.webp 164w, https:\/\/immediateconnect.markets\/wp-content\/uploads\/2025\/06\/Immediateconnect-amazon-screenshot-scaled-1_11zon-768x1403.webp 768w, https:\/\/immediateconnect.markets\/wp-content\/uploads\/2025\/06\/Immediateconnect-amazon-screenshot-scaled-1_11zon-841x1536.webp 841w, https:\/\/immediateconnect.markets\/wp-content\/uploads\/2025\/06\/Immediateconnect-amazon-screenshot-scaled-1_11zon-7x12.webp 7w, https:\/\/immediateconnect.markets\/wp-content\/uploads\/2025\/06\/Immediateconnect-amazon-screenshot-scaled-1_11zon.webp 1121w\" sizes=\"(max-width: 561px) 100vw, 561px\" \/>\t\t\t\t\t\t\t\t\t\t\t\t\t\t\t<\/div>\n\t\t\t\t<\/div>\n\t\t\t\t<\/div>\n\t\t\t\t\t<\/div>\n\t\t\t\t<\/div>\n\t\t\t\t<\/div>","protected":false},"excerpt":{"rendered":"<p>How to install app from AWS Appstore to android Phone Install the Amazon AppStore. Create account and login to Amazon AppStore. Search for app \u201cImmediate Connect\u201d and click Get App. Install and use App.<\/p>","protected":false},"author":1,"featured_media":0,"parent":0,"menu_order":0,"comment_status":"closed","ping_status":"closed","template":"elementor_header_footer","meta":{"footnotes":""},"class_list":["post-1529","page","type-page","status-publish","hentry"],"_links":{"self":[{"href":"https:\/\/immediateconnect.markets\/cz\/wp-json\/wp\/v2\/pages\/1529","targetHints":{"allow":["GET"]}}],"collection":[{"href":"https:\/\/immediateconnect.markets\/cz\/wp-json\/wp\/v2\/pages"}],"about":[{"href":"https:\/\/immediateconnect.markets\/cz\/wp-json\/wp\/v2\/types\/page"}],"author":[{"embeddable":true,"href":"https:\/\/immediateconnect.markets\/cz\/wp-json\/wp\/v2\/users\/1"}],"replies":[{"embeddable":true,"href":"https:\/\/immediateconnect.markets\/cz\/wp-json\/wp\/v2\/comments?post=1529"}],"version-history":[{"count":28,"href":"https:\/\/immediateconnect.markets\/cz\/wp-json\/wp\/v2\/pages\/1529\/revisions"}],"predecessor-version":[{"id":1754,"href":"https:\/\/immediateconnect.markets\/cz\/wp-json\/wp\/v2\/pages\/1529\/revisions\/1754"}],"wp:attachment":[{"href":"https:\/\/immediateconnect.markets\/cz\/wp-json\/wp\/v2\/media?parent=1529"}],"curies":[{"name":"wp","href":"https:\/\/api.w.org\/{rel}","templated":true}]}}