{"id":2003,"date":"2025-12-26T10:04:32","date_gmt":"2025-12-26T10:04:32","guid":{"rendered":"https:\/\/immediateconnect.markets\/?page_id=2003"},"modified":"2025-12-26T10:21:31","modified_gmt":"2025-12-26T10:21:31","slug":"haftungsausschluss","status":"publish","type":"page","link":"https:\/\/immediateconnect.markets\/ch\/disclaimer\/","title":{"rendered":"Haftungsausschluss"},"content":{"rendered":"<div data-elementor-type=\"wp-page\" data-elementor-id=\"2003\" class=\"elementor elementor-2003\" data-elementor-post-type=\"page\">\n\t\t\t\t\t\t<section class=\"elementor-section elementor-top-section elementor-element elementor-element-a0d6e18 elementor-section-boxed elementor-section-height-default elementor-section-height-default\" data-id=\"a0d6e18\" data-element_type=\"section\" data-e-type=\"section\" data-settings=\"{&quot;background_background&quot;:&quot;classic&quot;}\">\n\t\t\t\t\t\t<div class=\"elementor-container elementor-column-gap-default\">\n\t\t\t\t\t<div class=\"elementor-column elementor-col-100 elementor-top-column elementor-element elementor-element-eea336f\" data-id=\"eea336f\" data-element_type=\"column\" data-e-type=\"column\">\n\t\t\t<div class=\"elementor-widget-wrap elementor-element-populated\">\n\t\t\t\t\t\t<div class=\"elementor-element elementor-element-640e365 elementor-widget elementor-widget-heading\" data-id=\"640e365\" data-element_type=\"widget\" data-e-type=\"widget\" data-widget_type=\"heading.default\">\n\t\t\t\t<div class=\"elementor-widget-container\">\n\t\t\t\t\t<h1 class=\"elementor-heading-title elementor-size-default\">Haftungsausschluss<\/h1>\t\t\t\t<\/div>\n\t\t\t\t<\/div>\n\t\t\t\t<div class=\"elementor-element elementor-element-f36926f elementor-widget elementor-widget-text-editor\" data-id=\"f36926f\" data-element_type=\"widget\" data-e-type=\"widget\" data-widget_type=\"text-editor.default\">\n\t\t\t\t<div class=\"elementor-widget-container\">\n\t\t\t\t\t\t\t\t\t<p class=\"translation-block\">Die von <strong>Immediate Connect<\/strong>, seinen verbundenen Unternehmen, Mitwirkenden, Autoren oder Partnern (zusammen \u201ewir\u201c, \u201euns\u201c oder \u201eunser\u201c) auf dieser Website bereitgestellten Informationen dienen ausschlie\u00dflich allgemeinen Informations- und Bildungszwecken.<\/p>\t\t\t\t\t\t\t\t<\/div>\n\t\t\t\t<\/div>\n\t\t\t\t<div class=\"elementor-element elementor-element-f60410c elementor-widget elementor-widget-heading\" data-id=\"f60410c\" data-element_type=\"widget\" data-e-type=\"widget\" data-widget_type=\"heading.default\">\n\t\t\t\t<div class=\"elementor-widget-container\">\n\t\t\t\t\t<h2 class=\"elementor-heading-title elementor-size-default\">Keine Finanzberatung<\/h2>\t\t\t\t<\/div>\n\t\t\t\t<\/div>\n\t\t\t\t<div class=\"elementor-element elementor-element-621370c elementor-widget elementor-widget-text-editor\" data-id=\"621370c\" data-element_type=\"widget\" data-e-type=\"widget\" data-widget_type=\"text-editor.default\">\n\t\t\t\t<div class=\"elementor-widget-container\">\n\t\t\t\t\t\t\t\t\t<p>Die Inhalte dieser Website \u2013 einschlie\u00dflich, aber nicht beschr\u00e4nkt auf Artikel, Videos, Analysen, Marktdaten, Charts, Signale, Tools und Schulungsmaterialien \u2013 stellen keine Finanz-, Anlage-, Rechts-, Steuer- oder sonstige professionelle Beratung dar. Nichts auf dieser Website ist eine Empfehlung, Aufforderung, ein Angebot oder eine Bef\u00fcrwortung zum Kauf, Verkauf, Halten oder Handel von Finanzinstrumenten, Wertpapieren, Rohstoffen, W\u00e4hrungen, digitalen Verm\u00f6genswerten oder Anlageprodukten.<\/p>\t\t\t\t\t\t\t\t<\/div>\n\t\t\t\t<\/div>\n\t\t\t\t<div class=\"elementor-element elementor-element-6ce0e62 elementor-widget elementor-widget-heading\" data-id=\"6ce0e62\" data-element_type=\"widget\" data-e-type=\"widget\" data-widget_type=\"heading.default\">\n\t\t\t\t<div class=\"elementor-widget-container\">\n\t\t\t\t\t<h2 class=\"elementor-heading-title elementor-size-default\">Risikobest\u00e4tigung<\/h2>\t\t\t\t<\/div>\n\t\t\t\t<\/div>\n\t\t\t\t<div class=\"elementor-element elementor-element-ca6f57a elementor-widget elementor-widget-text-editor\" data-id=\"ca6f57a\" data-element_type=\"widget\" data-e-type=\"widget\" data-widget_type=\"text-editor.default\">\n\t\t\t\t<div class=\"elementor-widget-container\">\n\t\t\t\t\t\t\t\t\t<p>Der Handel an den Finanzm\u00e4rkten \u2013 einschlie\u00dflich Devisenhandel (FX), Differenzkontrakten (CFDs), Kryptow\u00e4hrungen, Aktien, Indizes und anderen Derivaten \u2013 birgt erhebliche Risiken und ist nicht f\u00fcr alle Anleger geeignet. Die Wertentwicklung in der Vergangenheit ist kein Indikator f\u00fcr zuk\u00fcnftige Ergebnisse. Sie sollten Ihre finanzielle Situation und Ihre Risikotoleranz sorgf\u00e4ltig pr\u00fcfen, bevor Sie mit dem Handel oder der Anlage beginnen.<\/p>\t\t\t\t\t\t\t\t<\/div>\n\t\t\t\t<\/div>\n\t\t\t\t<div class=\"elementor-element elementor-element-2b5bc71 elementor-widget elementor-widget-heading\" data-id=\"2b5bc71\" data-element_type=\"widget\" data-e-type=\"widget\" data-widget_type=\"heading.default\">\n\t\t\t\t<div class=\"elementor-widget-container\">\n\t\t\t\t\t<h2 class=\"elementor-heading-title elementor-size-default\">Keine Haftung<\/h2>\t\t\t\t<\/div>\n\t\t\t\t<\/div>\n\t\t\t\t<div class=\"elementor-element elementor-element-5d14b77 elementor-widget elementor-widget-text-editor\" data-id=\"5d14b77\" data-element_type=\"widget\" data-e-type=\"widget\" data-widget_type=\"text-editor.default\">\n\t\t\t\t<div class=\"elementor-widget-container\">\n\t\t\t\t\t\t\t\t\t<p>Wir \u00fcbernehmen keine Gew\u00e4hr f\u00fcr die Richtigkeit, Zuverl\u00e4ssigkeit, Aktualit\u00e4t, Vollst\u00e4ndigkeit oder Eignung der auf dieser Website enthaltenen Informationen. Durch die Nutzung dieser Website erkl\u00e4ren Sie sich ausdr\u00fccklich damit einverstanden, dass:<\/p><ul><li><p class=\"translation-block\"><strong>Immediate Connect<\/strong>, seine Eigent\u00fcmer, Mitarbeiter, Auftragnehmer, F\u00fchrungskr\u00e4fte und Partner sind <strong>nicht verantwortlich oder haftbar f\u00fcr Verluste, Sch\u00e4den, Kosten oder Ausgaben<\/strong>, die direkt oder indirekt aus Ihrer Nutzung dieser Website oder dem Vertrauen auf deren Inhalte entstehen;<\/p><\/li><li><p>Sie \u00fcbernehmen die volle Verantwortung f\u00fcr Ihre Entscheidungen, Transaktionen, Strategien und deren Ergebnisse.<\/p><\/li><\/ul>\t\t\t\t\t\t\t\t<\/div>\n\t\t\t\t<\/div>\n\t\t\t\t<div class=\"elementor-element elementor-element-936a3bc elementor-widget elementor-widget-heading\" data-id=\"936a3bc\" data-element_type=\"widget\" data-e-type=\"widget\" data-widget_type=\"heading.default\">\n\t\t\t\t<div class=\"elementor-widget-container\">\n\t\t\t\t\t<h2 class=\"elementor-heading-title elementor-size-default\">Unabh\u00e4ngige \u00dcberpr\u00fcfung<\/h2>\t\t\t\t<\/div>\n\t\t\t\t<\/div>\n\t\t\t\t<div class=\"elementor-element elementor-element-7494217 elementor-widget elementor-widget-text-editor\" data-id=\"7494217\" data-element_type=\"widget\" data-e-type=\"widget\" data-widget_type=\"text-editor.default\">\n\t\t\t\t<div class=\"elementor-widget-container\">\n\t\t\t\t\t\t\t\t\t<p>Sie sollten alle Informationen selbstst\u00e4ndig \u00fcberpr\u00fcfen, bevor Sie darauf basierende Ma\u00dfnahmen ergreifen. Dies schlie\u00dft gegebenenfalls die Beratung durch einen zugelassenen Finanz-, Steuer- oder Rechtsexperten ein.<\/p>\t\t\t\t\t\t\t\t<\/div>\n\t\t\t\t<\/div>\n\t\t\t\t<div class=\"elementor-element elementor-element-c5b71e7 elementor-widget elementor-widget-heading\" data-id=\"c5b71e7\" data-element_type=\"widget\" data-e-type=\"widget\" data-widget_type=\"heading.default\">\n\t\t\t\t<div class=\"elementor-widget-container\">\n\t\t\t\t\t<h2 class=\"elementor-heading-title elementor-size-default\">Keine Garantien<\/h2>\t\t\t\t<\/div>\n\t\t\t\t<\/div>\n\t\t\t\t<div class=\"elementor-element elementor-element-44c6f47 elementor-widget elementor-widget-text-editor\" data-id=\"44c6f47\" data-element_type=\"widget\" data-e-type=\"widget\" data-widget_type=\"text-editor.default\">\n\t\t\t\t<div class=\"elementor-widget-container\">\n\t\t\t\t\t\t\t\t\t<p>Wir \u00fcbernehmen keine Gew\u00e4hr f\u00fcr Gewinne, die Richtigkeit der Daten, die Vollst\u00e4ndigkeit der Inhalte oder den ununterbrochenen Zugriff auf die Website. Technische Probleme, Fehler, Auslassungen und veraltete Informationen k\u00f6nnen auftreten.<\/p>\t\t\t\t\t\t\t\t<\/div>\n\t\t\t\t<\/div>\n\t\t\t\t<div class=\"elementor-element elementor-element-80c1720 elementor-widget elementor-widget-heading\" data-id=\"80c1720\" data-element_type=\"widget\" data-e-type=\"widget\" data-widget_type=\"heading.default\">\n\t\t\t\t<div class=\"elementor-widget-container\">\n\t\t\t\t\t<h2 class=\"elementor-heading-title elementor-size-default\">Externe Links<\/h2>\t\t\t\t<\/div>\n\t\t\t\t<\/div>\n\t\t\t\t<div class=\"elementor-element elementor-element-7ec9aa7 elementor-widget elementor-widget-text-editor\" data-id=\"7ec9aa7\" data-element_type=\"widget\" data-e-type=\"widget\" data-widget_type=\"text-editor.default\">\n\t\t\t\t<div class=\"elementor-widget-container\">\n\t\t\t\t\t\t\t\t\t<p><strong>Immediate Connect<\/strong> Wir k\u00f6nnen Links zu Webseiten, Tools oder Diensten Dritter (\u201eExterne Seiten\u201c) bereitstellen. Diese Links dienen lediglich der Benutzerfreundlichkeit. Wir \u00fcbernehmen keine Verantwortung f\u00fcr die Inhalte, die Genauigkeit oder die Praktiken externer Seiten.<\/p>\t\t\t\t\t\t\t\t<\/div>\n\t\t\t\t<\/div>\n\t\t\t\t<div class=\"elementor-element elementor-element-4c31d0e elementor-widget elementor-widget-heading\" data-id=\"4c31d0e\" data-element_type=\"widget\" data-e-type=\"widget\" data-widget_type=\"heading.default\">\n\t\t\t\t<div class=\"elementor-widget-container\">\n\t\t\t\t\t<h2 class=\"elementor-heading-title elementor-size-default\">Ihre Verantwortung<\/h2>\t\t\t\t<\/div>\n\t\t\t\t<\/div>\n\t\t\t\t<div class=\"elementor-element elementor-element-f24350e elementor-widget elementor-widget-text-editor\" data-id=\"f24350e\" data-element_type=\"widget\" data-e-type=\"widget\" data-widget_type=\"text-editor.default\">\n\t\t\t\t<div class=\"elementor-widget-container\">\n\t\t\t\t\t\t\t\t\t<p>Durch den Zugriff auf oder die Nutzung dieser Website erkl\u00e4ren Sie sich damit einverstanden, dass alle Anlageentscheidungen auf Ihr eigenes Risiko getroffen werden. Sie stellen immediateconnect.markets ausdr\u00fccklich von jeglicher Haftung f\u00fcr direkte oder indirekte Verluste oder Sch\u00e4den frei, die Ihnen entstehen.<\/p><p>Wenn Sie mit einem Teil dieses Haftungsausschlusses nicht einverstanden sind, m\u00fcssen Sie die Nutzung dieser Website unverz\u00fcglich einstellen.<\/p>\t\t\t\t\t\t\t\t<\/div>\n\t\t\t\t<\/div>\n\t\t\t\t\t<\/div>\n\t\t<\/div>\n\t\t\t\t\t<\/div>\n\t\t<\/section>\n\t\t\t\t<\/div>","protected":false},"excerpt":{"rendered":"<p>Disclaimer The information provided by Immediate Connect, its affiliates, contributors, authors, or partners (collectively, \u201cwe\u201d, \u201cus\u201d, or \u201cour\u201d) on this website is for general informational and educational purposes only. No Financial Advice The content on this website \u2014 including but not limited to articles, videos, analysis, market data, charts, signals, tools, and educational material \u2014 [&hellip;]<\/p>\n","protected":false},"author":1,"featured_media":0,"parent":0,"menu_order":0,"comment_status":"closed","ping_status":"closed","template":"elementor_header_footer","meta":{"footnotes":""},"class_list":["post-2003","page","type-page","status-publish","hentry"],"_links":{"self":[{"href":"https:\/\/immediateconnect.markets\/ch\/wp-json\/wp\/v2\/pages\/2003","targetHints":{"allow":["GET"]}}],"collection":[{"href":"https:\/\/immediateconnect.markets\/ch\/wp-json\/wp\/v2\/pages"}],"about":[{"href":"https:\/\/immediateconnect.markets\/ch\/wp-json\/wp\/v2\/types\/page"}],"author":[{"embeddable":true,"href":"https:\/\/immediateconnect.markets\/ch\/wp-json\/wp\/v2\/users\/1"}],"replies":[{"embeddable":true,"href":"https:\/\/immediateconnect.markets\/ch\/wp-json\/wp\/v2\/comments?post=2003"}],"version-history":[{"count":7,"href":"https:\/\/immediateconnect.markets\/ch\/wp-json\/wp\/v2\/pages\/2003\/revisions"}],"predecessor-version":[{"id":2011,"href":"https:\/\/immediateconnect.markets\/ch\/wp-json\/wp\/v2\/pages\/2003\/revisions\/2011"}],"wp:attachment":[{"href":"https:\/\/immediateconnect.markets\/ch\/wp-json\/wp\/v2\/media?parent=2003"}],"curies":[{"name":"wp","href":"https:\/\/api.w.org\/{rel}","templated":true}]}}