{"id":1556,"date":"2025-05-06T12:04:54","date_gmt":"2025-05-06T12:04:54","guid":{"rendered":"https:\/\/immediateconnect.markets\/?page_id=1556"},"modified":"2025-11-05T13:19:49","modified_gmt":"2025-11-05T13:19:49","slug":"geschaftsbedingungen","status":"publish","type":"page","link":"https:\/\/immediateconnect.markets\/ch\/terms-conditions\/","title":{"rendered":"Allgemeine Gesch\u00e4ftsbedingungen"},"content":{"rendered":"<div data-elementor-type=\"wp-page\" data-elementor-id=\"1556\" class=\"elementor elementor-1556\" data-elementor-post-type=\"page\">\n\t\t\t\t<div class=\"elementor-element elementor-element-599b9db e-flex e-con-boxed e-con e-parent\" data-id=\"599b9db\" data-element_type=\"container\" data-e-type=\"container\">\n\t\t\t\t\t<div class=\"e-con-inner\">\n\t\t<div class=\"elementor-element elementor-element-e263f64 e-flex e-con-boxed e-con e-child\" data-id=\"e263f64\" data-element_type=\"container\" data-e-type=\"container\">\n\t\t\t\t\t<div class=\"e-con-inner\">\n\t\t\t\t<div class=\"elementor-element elementor-element-18fedf4 elementor-widget elementor-widget-heading\" data-id=\"18fedf4\" data-element_type=\"widget\" data-e-type=\"widget\" data-widget_type=\"heading.default\">\n\t\t\t\t<div class=\"elementor-widget-container\">\n\t\t\t\t\t<h1 class=\"elementor-heading-title elementor-size-default\">Gesch\u00e4ftsbedingungen<\/h1>\t\t\t\t<\/div>\n\t\t\t\t<\/div>\n\t\t\t\t\t<\/div>\n\t\t\t\t<\/div>\n\t\t<div class=\"elementor-element elementor-element-9d5788c e-flex e-con-boxed e-con e-child\" data-id=\"9d5788c\" data-element_type=\"container\" data-e-type=\"container\">\n\t\t\t\t\t<div class=\"e-con-inner\">\n\t\t\t\t<div class=\"elementor-element elementor-element-03588f0 elementor-widget elementor-widget-text-editor\" data-id=\"03588f0\" data-element_type=\"widget\" data-e-type=\"widget\" data-widget_type=\"text-editor.default\">\n\t\t\t\t<div class=\"elementor-widget-container\">\n\t\t\t\t\t\t\t\t\t<p class=\"translation-block\">Willkommen bei <strong>Immediate Connect<\/strong>, Ihrer ersten Adresse f\u00fcr automatisierte Handelssignale. Mit der Nutzung unserer Dienste erkl\u00e4ren Sie sich mit den folgenden Allgemeinen Gesch\u00e4ftsbedingungen einverstanden. Bitte lesen Sie diese sorgf\u00e4ltig durch, bevor Sie Transaktionen durchf\u00fchren oder Abonnements abschlie\u00dfen.<\/p>\t\t\t\t\t\t\t\t<\/div>\n\t\t\t\t<\/div>\n\t\t\t\t<div class=\"elementor-element elementor-element-d3deae9 elementor-widget elementor-widget-heading\" data-id=\"d3deae9\" data-element_type=\"widget\" data-e-type=\"widget\" data-widget_type=\"heading.default\">\n\t\t\t\t<div class=\"elementor-widget-container\">\n\t\t\t\t\t<h2 class=\"elementor-heading-title elementor-size-default\">AKZEPTANZ DER GESCH\u00c4FTSBEDINGUNGEN<\/h2>\t\t\t\t<\/div>\n\t\t\t\t<\/div>\n\t\t\t\t<div class=\"elementor-element elementor-element-ef00587 elementor-widget elementor-widget-text-editor\" data-id=\"ef00587\" data-element_type=\"widget\" data-e-type=\"widget\" data-widget_type=\"text-editor.default\">\n\t\t\t\t<div class=\"elementor-widget-container\">\n\t\t\t\t\t\t\t\t\t<p>Annahme der Bedingungen: Indem Sie auf Immediate Connect zugreifen oder es verwenden, best\u00e4tigen Sie, dass Sie diese Allgemeinen Gesch\u00e4ftsbedingungen gelesen und verstanden haben und ihnen zustimmen. Wenn Sie mit irgendeinem Teil dieser Bedingungen nicht einverstanden sind, d\u00fcrfen Sie unsere Dienste nicht nutzen.<br \/>Beschreibung der Leistungen,<b> \u00a0Immediate Connect <\/b>bietet Online-Handelsroboter f\u00fcr verschiedene Finanzm\u00e4rkte an. Unsere propriet\u00e4ren Algorithmen generieren Handelsgesch\u00e4fte auf Grundlage von Marktanalysen. Beachten Sie jedoch, dass die Wertentwicklung in der Vergangenheit keine Garantie f\u00fcr zuk\u00fcnftige Ergebnisse darstellt und der Handel mit Risiken verbunden ist.<\/p><p>Benutzerberechtigung: Sie m\u00fcssen mindestens 18 Jahre alt und rechtlich befugt sein, Vertr\u00e4ge zur Nutzung unserer Dienste abzuschlie\u00dfen. Durch den Zugriff <strong>Immediate Connect<\/strong>\u00a0Sie best\u00e4tigen, dass Sie diese Anforderungen erf\u00fcllen und f\u00fcr die Einhaltung aller geltenden Gesetze und Vorschriften in Ihrer Gerichtsbarkeit verantwortlich sind.<\/p><p>Abonnement und Zahlung: Um auf unsere Roboter-Handelssignale zugreifen zu k\u00f6nnen, m\u00fcssen Sie m\u00f6glicherweise einen unserer Servicepl\u00e4ne abonnieren. Die Abonnementgeb\u00fchren werden auf unserer Website deutlich angegeben und Sie erkl\u00e4ren sich damit einverstanden, die angegebenen Geb\u00fchren f\u00fcr die gew\u00e4hlte Dauer zu zahlen. Zahlungen sind nicht erstattungsf\u00e4hig und Sie sind f\u00fcr alle Steuern oder Geb\u00fchren verantwortlich, die im Zusammenhang mit den Transaktionen anfallen.<\/p><p>Risiken und Haftung Der Handel birgt finanzielle Risiken und obwohl unser Roboter versucht, genaue Informationen bereitzustellen, k\u00f6nnen wir keine Gewinne garantieren oder Verluste verhindern. Sie erkennen an, dass Sie allein f\u00fcr die Ergebnisse Ihrer Handelsentscheidungen und alle finanziellen Folgen verantwortlich sind, die sich aus der Nutzung unserer Dienste ergeben. <strong>Immediate Connect<\/strong>\u00a0seine verbundenen Unternehmen und Mitarbeiter haften nicht f\u00fcr Verluste, die bei der Nutzung unserer Dienste entstehen.<\/p><p>Nur f\u00fcr den pers\u00f6nlichen Gebrauch Die Signale von <strong>Immediate Connect<\/strong> sind nur f\u00fcr Ihren pers\u00f6nlichen Gebrauch bestimmt. Es ist Ihnen strengstens untersagt, unsere Signale ohne vorherige schriftliche Zustimmung von weiterzuverbreiten, weiterzuverkaufen oder anderweitig kommerziell zu nutzen <strong>Immediate Connect<\/strong>.<\/p><p>Benutzerverhalten Sie erkl\u00e4ren sich damit einverstanden, bei der Nutzung unserer Dienste alle geltenden Gesetze und Vorschriften einzuhalten. Sie d\u00fcrfen keine Aktivit\u00e4ten durchf\u00fchren, die die Funktionalit\u00e4t st\u00f6ren, besch\u00e4digen oder beeintr\u00e4chtigen k\u00f6nnten <strong>Immediate Connect<\/strong><b>\u00a0<\/b>oder die damit verbundenen Dienste.<\/p><p>Geistiges Eigentum Alle Inhalte, einschlie\u00dflich, aber nicht beschr\u00e4nkt auf Logos, Marken, Texte, Bilder und Software, die auf <strong>Immediate Connect<\/strong> ist durch Gesetze zum Schutz des geistigen Eigentums gesch\u00fctzt und das ausschlie\u00dfliche Eigentum von <strong>Immediate Connect<\/strong> or its licensors. You may not use, reproduce, modify, or distribute any content without our express written consent.<\/p><p>Beendigung der Dienste <strong>Immediate Connect<\/strong><b>\u00a0<\/b>beh\u00e4lt sich das Recht vor, Ihren Zugriff auf unsere Dienste jederzeit und aus beliebigem Grund auszusetzen oder zu beenden, einschlie\u00dflich des Verdachts auf Versto\u00df gegen diese Allgemeinen Gesch\u00e4ftsbedingungen oder der Beteiligung an betr\u00fcgerischen Aktivit\u00e4ten.<\/p><p>\u00c4nderungen der Bedingungen<b> <strong>Immediate Connect<\/strong> <\/b>kann diese Allgemeinen Gesch\u00e4ftsbedingungen jederzeit und ohne vorherige Ank\u00fcndigung aktualisieren oder \u00e4ndern. Indem Sie unsere Dienste nach solchen \u00c4nderungen weiterhin nutzen, erkl\u00e4ren Sie sich mit den aktualisierten Allgemeinen Gesch\u00e4ftsbedingungen einverstanden.<\/p><p>Datenschutzrichtlinie Ihre Privatsph\u00e4re ist uns wichtig. Bitte lesen Sie unsere Datenschutzrichtlinie, um zu erfahren, wie wir Ihre pers\u00f6nlichen Daten erfassen, verwenden und sch\u00fctzen.<\/p><p>Geltendes Recht und Gerichtsbarkeit Diese Allgemeinen Gesch\u00e4ftsbedingungen unterliegen den geltenden Gesetzen und werden gem\u00e4\u00df diesen Gesetzen ausgelegt, ohne R\u00fccksicht auf Kollisionsnormen. S\u00e4mtliche Streitigkeiten, die sich aus diesen Bedingungen ergeben oder damit in Zusammenhang stehen, unterliegen der ausschlie\u00dflichen Zust\u00e4ndigkeit der Gerichte.<\/p><p>Der Handelsalgorithmus-Roboter\u00a0<b>erfordert die Handelssoftware MetaTrader 5 und einen Broker-Service<\/b>\u00a0um Kauf- und Verkaufsauftr\u00e4ge auszuf\u00fchren und bei Bedarf Liquidit\u00e4t bereitzustellen.<\/p>\t\t\t\t\t\t\t\t<\/div>\n\t\t\t\t<\/div>\n\t\t\t\t\t<\/div>\n\t\t\t\t<\/div>\n\t\t<div class=\"elementor-element elementor-element-004bb87 e-flex e-con-boxed e-con e-child\" data-id=\"004bb87\" data-element_type=\"container\" data-e-type=\"container\">\n\t\t\t\t\t<div class=\"e-con-inner\">\n\t\t\t\t<div class=\"elementor-element elementor-element-6d06090 elementor-widget elementor-widget-text-editor\" data-id=\"6d06090\" data-element_type=\"widget\" data-e-type=\"widget\" data-widget_type=\"text-editor.default\">\n\t\t\t\t<div class=\"elementor-widget-container\">\n\t\t\t\t\t\t\t\t\t<p><b>Der Kunde muss die Allgemeinen Gesch\u00e4ftsbedingungen des Maklers lesen und akzeptieren.<\/b><\/p><p>Durch die Verwendung <strong>Immediate Connect<\/strong>\u00a0Sie stimmen diesen Allgemeinen Gesch\u00e4ftsbedingungen zu und wir freuen uns darauf, Ihnen einen Roboter-Handelsdienst anbieten zu k\u00f6nnen. Wenn Sie Fragen oder Bedenken haben, wenden Sie sich bitte an unser Kundensupport-Team unter <a href=\"mailto:support@immediateconnect.markets\"><strong>support@immediateconnect.markets<\/strong><\/a><\/p>\t\t\t\t\t\t\t\t<\/div>\n\t\t\t\t<\/div>\n\t\t\t\t\t<\/div>\n\t\t\t\t<\/div>\n\t\t\t\t\t<\/div>\n\t\t\t\t<\/div>\n\t\t\t\t<\/div>","protected":false},"excerpt":{"rendered":"<p>Terms and Conditions Welcome to Immediate Connect, your premier destination for automated robot trading signals. By using our services, you agree to be bound by\u00a0 the following Terms and Conditions. Please read them carefully before proceeding with any transactions or subscriptions. \u0410\u0421\u0421\u0415\u0420\u0422ANCE OF THE TERMS AND CONDITIONS Acceptance of Terms By accessing or using \u00a0Immediate [&hellip;]<\/p>\n","protected":false},"author":1,"featured_media":0,"parent":0,"menu_order":0,"comment_status":"closed","ping_status":"closed","template":"elementor_header_footer","meta":{"footnotes":""},"class_list":["post-1556","page","type-page","status-publish","hentry"],"_links":{"self":[{"href":"https:\/\/immediateconnect.markets\/ch\/wp-json\/wp\/v2\/pages\/1556","targetHints":{"allow":["GET"]}}],"collection":[{"href":"https:\/\/immediateconnect.markets\/ch\/wp-json\/wp\/v2\/pages"}],"about":[{"href":"https:\/\/immediateconnect.markets\/ch\/wp-json\/wp\/v2\/types\/page"}],"author":[{"embeddable":true,"href":"https:\/\/immediateconnect.markets\/ch\/wp-json\/wp\/v2\/users\/1"}],"replies":[{"embeddable":true,"href":"https:\/\/immediateconnect.markets\/ch\/wp-json\/wp\/v2\/comments?post=1556"}],"version-history":[{"count":13,"href":"https:\/\/immediateconnect.markets\/ch\/wp-json\/wp\/v2\/pages\/1556\/revisions"}],"predecessor-version":[{"id":1932,"href":"https:\/\/immediateconnect.markets\/ch\/wp-json\/wp\/v2\/pages\/1556\/revisions\/1932"}],"wp:attachment":[{"href":"https:\/\/immediateconnect.markets\/ch\/wp-json\/wp\/v2\/media?parent=1556"}],"curies":[{"name":"wp","href":"https:\/\/api.w.org\/{rel}","templated":true}]}}